{"id":17540,"date":"2026-03-16T12:10:47","date_gmt":"2026-03-16T11:10:47","guid":{"rendered":"https:\/\/growingpaper.com\/?page_id=17540"},"modified":"2026-03-24T16:38:11","modified_gmt":"2026-03-24T15:38:11","slug":"inspiration","status":"publish","type":"page","link":"https:\/\/growingpaper.com\/de\/inspiration","title":{"rendered":"Inspiration"},"content":{"rendered":"<p style=\"text-align: center;\">Entdecke, wie andere ihre Botschaften in etwas verwandeln, das weiterw\u00e4chst. Von Visitenkarten bis zu Eventmaterialien zeigen diese Beispiele, was mit Samenpapier m\u00f6glich ist und wie Ideen \u00fcber den ersten Eindruck hinaus Wurzeln schlagen.<\/p>\n<p style=\"text-align: center;\">Du m\u00f6chtest dein eigenes Projekt starten?<br \/>\n<a href=\"https:\/\/growingpaper.com\/de\/product\/individuell-gestaltetes-samenpapier\" target=\"_blank\" rel=\"noopener\">Lass dein Design jetzt auf Samenpapier drucken.<\/a><\/p>\n","protected":false},"excerpt":{"rendered":"<p>Entdecke, wie andere ihre Botschaften in etwas verwandeln, das weiterw\u00e4chst. Von Visitenkarten bis zu Eventmaterialien zeigen diese Beispiele, was mit Samenpapier m\u00f6glich ist und wie Ideen \u00fcber den ersten Eindruck hinaus Wurzeln schlagen. Du m\u00f6chtest dein eigenes Projekt starten? Lass dein Design jetzt auf Samenpapier drucken.<\/p>\n","protected":false},"author":1,"featured_media":0,"parent":0,"menu_order":0,"comment_status":"closed","ping_status":"closed","template":"page-templates\/page-template-inspiration-overview.php","meta":{"_acf_changed":false,"inline_featured_image":false,"footnotes":""},"class_list":["post-17540","page","type-page","status-publish","hentry"],"acf":[],"yoast_head":"<!-- This site is optimized with the Yoast SEO plugin v27.2 - https:\/\/yoast.com\/product\/yoast-seo-wordpress\/ -->\n<title>Inspiration - Growingpaper<\/title>\n<meta name=\"description\" content=\"Inspiration f\u00fcr Samenpapier Druckprojekte. Entdecke Beispiele f\u00fcr Visitenkarten, Flyer und nachhaltige Werbemittel mit Wirkung.\" \/>\n<meta name=\"robots\" content=\"index, follow, max-snippet:-1, max-image-preview:large, max-video-preview:-1\" \/>\n<link rel=\"canonical\" href=\"https:\/\/growingpaper.com\/de\/inspiration\" \/>\n<meta property=\"og:locale\" content=\"de_DE\" \/>\n<meta property=\"og:type\" content=\"article\" \/>\n<meta property=\"og:title\" content=\"Inspiration - Growingpaper\" \/>\n<meta property=\"og:description\" content=\"Inspiration f\u00fcr Samenpapier Druckprojekte. Entdecke Beispiele f\u00fcr Visitenkarten, Flyer und nachhaltige Werbemittel mit Wirkung.\" \/>\n<meta property=\"og:url\" content=\"https:\/\/growingpaper.com\/de\/inspiration\" \/>\n<meta property=\"og:site_name\" content=\"Growingpaper\" \/>\n<meta property=\"article:publisher\" content=\"https:\/\/www.facebook.com\/growingpaper\" \/>\n<meta property=\"article:modified_time\" content=\"2026-03-24T15:38:11+00:00\" \/>\n<meta property=\"og:image\" content=\"https:\/\/growingpaper.com\/wp-content\/uploads\/2025\/11\/featured-yoast-img.jpg\" \/>\n\t<meta property=\"og:image:width\" content=\"1200\" \/>\n\t<meta property=\"og:image:height\" content=\"675\" \/>\n\t<meta property=\"og:image:type\" content=\"image\/jpeg\" \/>\n<meta name=\"twitter:card\" content=\"summary_large_image\" \/>\n<meta name=\"twitter:label1\" content=\"Gesch\u00e4tzte Lesezeit\" \/>\n\t<meta name=\"twitter:data1\" content=\"1\u00a0Minute\" \/>\n<script type=\"application\/ld+json\" class=\"yoast-schema-graph\">{\"@context\":\"https:\/\/schema.org\",\"@graph\":[{\"@type\":\"WebPage\",\"@id\":\"https:\/\/growingpaper.com\/de\/inspiration\",\"url\":\"https:\/\/growingpaper.com\/de\/inspiration\",\"name\":\"Inspiration - Growingpaper\",\"isPartOf\":{\"@id\":\"https:\/\/growingpaper.com\/de#website\"},\"datePublished\":\"2026-03-16T11:10:47+00:00\",\"dateModified\":\"2026-03-24T15:38:11+00:00\",\"description\":\"Inspiration f\u00fcr Samenpapier Druckprojekte. Entdecke Beispiele f\u00fcr Visitenkarten, Flyer und nachhaltige Werbemittel mit Wirkung.\",\"breadcrumb\":{\"@id\":\"https:\/\/growingpaper.com\/de\/inspiration#breadcrumb\"},\"inLanguage\":\"de\",\"potentialAction\":[{\"@type\":\"ReadAction\",\"target\":[\"https:\/\/growingpaper.com\/de\/inspiration\"]}]},{\"@type\":\"BreadcrumbList\",\"@id\":\"https:\/\/growingpaper.com\/de\/inspiration#breadcrumb\",\"itemListElement\":[{\"@type\":\"ListItem\",\"position\":1,\"name\":\"Home\",\"item\":\"https:\/\/growingpaper.com\/de\"},{\"@type\":\"ListItem\",\"position\":2,\"name\":\"Inspiration\"}]},{\"@type\":\"WebSite\",\"@id\":\"https:\/\/growingpaper.com\/de#website\",\"url\":\"https:\/\/growingpaper.com\/de\",\"name\":\"Growingpaper\",\"description\":\"Duurzaam printen op groeipapier van Growingpaper\",\"publisher\":{\"@id\":\"https:\/\/growingpaper.com\/de#organization\"},\"potentialAction\":[{\"@type\":\"SearchAction\",\"target\":{\"@type\":\"EntryPoint\",\"urlTemplate\":\"https:\/\/growingpaper.com\/de?s={search_term_string}\"},\"query-input\":{\"@type\":\"PropertyValueSpecification\",\"valueRequired\":true,\"valueName\":\"search_term_string\"}}],\"inLanguage\":\"de\"},{\"@type\":\"Organization\",\"@id\":\"https:\/\/growingpaper.com\/de#organization\",\"name\":\"Growingpaper\",\"url\":\"https:\/\/growingpaper.com\/de\",\"logo\":{\"@type\":\"ImageObject\",\"inLanguage\":\"de\",\"@id\":\"https:\/\/growingpaper.com\/de#\/schema\/logo\/image\/\",\"url\":\"https:\/\/growingpaper.com\/wp-content\/uploads\/2025\/11\/growingpaper-yoast-logo.png\",\"contentUrl\":\"https:\/\/growingpaper.com\/wp-content\/uploads\/2025\/11\/growingpaper-yoast-logo.png\",\"width\":696,\"height\":696,\"caption\":\"Growingpaper\"},\"image\":{\"@id\":\"https:\/\/growingpaper.com\/de#\/schema\/logo\/image\/\"},\"sameAs\":[\"https:\/\/www.facebook.com\/growingpaper\",\"https:\/\/www.instagram.com\/growingpaper_nl\/\",\"https:\/\/www.linkedin.com\/company\/growingpaper\/\"]}]}<\/script>\n<!-- \/ Yoast SEO plugin. -->","yoast_head_json":{"title":"Inspiration - Growingpaper","description":"Inspiration f\u00fcr Samenpapier Druckprojekte. Entdecke Beispiele f\u00fcr Visitenkarten, Flyer und nachhaltige Werbemittel mit Wirkung.","robots":{"index":"index","follow":"follow","max-snippet":"max-snippet:-1","max-image-preview":"max-image-preview:large","max-video-preview":"max-video-preview:-1"},"canonical":"https:\/\/growingpaper.com\/de\/inspiration","og_locale":"de_DE","og_type":"article","og_title":"Inspiration - Growingpaper","og_description":"Inspiration f\u00fcr Samenpapier Druckprojekte. Entdecke Beispiele f\u00fcr Visitenkarten, Flyer und nachhaltige Werbemittel mit Wirkung.","og_url":"https:\/\/growingpaper.com\/de\/inspiration","og_site_name":"Growingpaper","article_publisher":"https:\/\/www.facebook.com\/growingpaper","article_modified_time":"2026-03-24T15:38:11+00:00","og_image":[{"width":1200,"height":675,"url":"https:\/\/growingpaper.com\/wp-content\/uploads\/2025\/11\/featured-yoast-img.jpg","type":"image\/jpeg"}],"twitter_card":"summary_large_image","twitter_misc":{"Gesch\u00e4tzte Lesezeit":"1\u00a0Minute"},"schema":{"@context":"https:\/\/schema.org","@graph":[{"@type":"WebPage","@id":"https:\/\/growingpaper.com\/de\/inspiration","url":"https:\/\/growingpaper.com\/de\/inspiration","name":"Inspiration - Growingpaper","isPartOf":{"@id":"https:\/\/growingpaper.com\/de#website"},"datePublished":"2026-03-16T11:10:47+00:00","dateModified":"2026-03-24T15:38:11+00:00","description":"Inspiration f\u00fcr Samenpapier Druckprojekte. Entdecke Beispiele f\u00fcr Visitenkarten, Flyer und nachhaltige Werbemittel mit Wirkung.","breadcrumb":{"@id":"https:\/\/growingpaper.com\/de\/inspiration#breadcrumb"},"inLanguage":"de","potentialAction":[{"@type":"ReadAction","target":["https:\/\/growingpaper.com\/de\/inspiration"]}]},{"@type":"BreadcrumbList","@id":"https:\/\/growingpaper.com\/de\/inspiration#breadcrumb","itemListElement":[{"@type":"ListItem","position":1,"name":"Home","item":"https:\/\/growingpaper.com\/de"},{"@type":"ListItem","position":2,"name":"Inspiration"}]},{"@type":"WebSite","@id":"https:\/\/growingpaper.com\/de#website","url":"https:\/\/growingpaper.com\/de","name":"Growingpaper","description":"Duurzaam printen op groeipapier van Growingpaper","publisher":{"@id":"https:\/\/growingpaper.com\/de#organization"},"potentialAction":[{"@type":"SearchAction","target":{"@type":"EntryPoint","urlTemplate":"https:\/\/growingpaper.com\/de?s={search_term_string}"},"query-input":{"@type":"PropertyValueSpecification","valueRequired":true,"valueName":"search_term_string"}}],"inLanguage":"de"},{"@type":"Organization","@id":"https:\/\/growingpaper.com\/de#organization","name":"Growingpaper","url":"https:\/\/growingpaper.com\/de","logo":{"@type":"ImageObject","inLanguage":"de","@id":"https:\/\/growingpaper.com\/de#\/schema\/logo\/image\/","url":"https:\/\/growingpaper.com\/wp-content\/uploads\/2025\/11\/growingpaper-yoast-logo.png","contentUrl":"https:\/\/growingpaper.com\/wp-content\/uploads\/2025\/11\/growingpaper-yoast-logo.png","width":696,"height":696,"caption":"Growingpaper"},"image":{"@id":"https:\/\/growingpaper.com\/de#\/schema\/logo\/image\/"},"sameAs":["https:\/\/www.facebook.com\/growingpaper","https:\/\/www.instagram.com\/growingpaper_nl\/","https:\/\/www.linkedin.com\/company\/growingpaper\/"]}]}},"_links":{"self":[{"href":"https:\/\/growingpaper.com\/de\/wp-json\/wp\/v2\/pages\/17540","targetHints":{"allow":["GET"]}}],"collection":[{"href":"https:\/\/growingpaper.com\/de\/wp-json\/wp\/v2\/pages"}],"about":[{"href":"https:\/\/growingpaper.com\/de\/wp-json\/wp\/v2\/types\/page"}],"author":[{"embeddable":true,"href":"https:\/\/growingpaper.com\/de\/wp-json\/wp\/v2\/users\/1"}],"replies":[{"embeddable":true,"href":"https:\/\/growingpaper.com\/de\/wp-json\/wp\/v2\/comments?post=17540"}],"version-history":[{"count":3,"href":"https:\/\/growingpaper.com\/de\/wp-json\/wp\/v2\/pages\/17540\/revisions"}],"predecessor-version":[{"id":17897,"href":"https:\/\/growingpaper.com\/de\/wp-json\/wp\/v2\/pages\/17540\/revisions\/17897"}],"wp:attachment":[{"href":"https:\/\/growingpaper.com\/de\/wp-json\/wp\/v2\/media?parent=17540"}],"curies":[{"name":"wp","href":"https:\/\/api.w.org\/{rel}","templated":true}]}}