{"id":8374,"date":"2025-02-04T14:50:33","date_gmt":"2025-02-04T13:50:33","guid":{"rendered":"https:\/\/growingpaper.com\/?page_id=8374"},"modified":"2026-01-12T11:58:28","modified_gmt":"2026-01-12T10:58:28","slug":"umsatzsteuer-richtlinie","status":"publish","type":"page","link":"https:\/\/growingpaper.com\/de\/umsatzsteuer-richtlinie","title":{"rendered":"Umsatzsteuer-Richtlinie"},"content":{"rendered":"","protected":false},"excerpt":{"rendered":"","protected":false},"author":6,"featured_media":0,"parent":0,"menu_order":0,"comment_status":"closed","ping_status":"closed","template":"","meta":{"_acf_changed":false,"inline_featured_image":false,"footnotes":""},"class_list":["post-8374","page","type-page","status-publish","hentry"],"acf":[],"yoast_head":"<!-- This site is optimized with the Yoast SEO plugin v27.2 - https:\/\/yoast.com\/product\/yoast-seo-wordpress\/ -->\n<title>Umsatzsteuer-Richtlinie - Growingpaper<\/title>\n<meta name=\"description\" content=\"Informationen zur Umsatzsteuer-Richtlinie bei Bestellungen \u00fcber Growingpaper.com, f\u00fcr Privat- und Gesch\u00e4ftskunden in der EU und weltweit.\" \/>\n<meta name=\"robots\" content=\"index, follow, max-snippet:-1, max-image-preview:large, max-video-preview:-1\" \/>\n<link rel=\"canonical\" href=\"https:\/\/growingpaper.com\/de\/umsatzsteuer-richtlinie\" \/>\n<meta property=\"og:locale\" content=\"de_DE\" \/>\n<meta property=\"og:type\" content=\"article\" \/>\n<meta property=\"og:title\" content=\"Umsatzsteuer-Richtlinie - Growingpaper\" \/>\n<meta property=\"og:description\" content=\"Informationen zur Umsatzsteuer-Richtlinie bei Bestellungen \u00fcber Growingpaper.com, f\u00fcr Privat- und Gesch\u00e4ftskunden in der EU und weltweit.\" \/>\n<meta property=\"og:url\" content=\"https:\/\/growingpaper.com\/de\/umsatzsteuer-richtlinie\" \/>\n<meta property=\"og:site_name\" content=\"Growingpaper\" \/>\n<meta property=\"article:publisher\" content=\"https:\/\/www.facebook.com\/growingpaper\" \/>\n<meta property=\"article:modified_time\" content=\"2026-01-12T10:58:28+00:00\" \/>\n<meta property=\"og:image\" content=\"https:\/\/growingpaper.com\/wp-content\/uploads\/2025\/11\/featured-yoast-img.jpg\" \/>\n\t<meta property=\"og:image:width\" content=\"1200\" \/>\n\t<meta property=\"og:image:height\" content=\"675\" \/>\n\t<meta property=\"og:image:type\" content=\"image\/jpeg\" \/>\n<meta name=\"twitter:card\" content=\"summary_large_image\" \/>\n<script type=\"application\/ld+json\" class=\"yoast-schema-graph\">{\"@context\":\"https:\/\/schema.org\",\"@graph\":[{\"@type\":\"WebPage\",\"@id\":\"https:\/\/growingpaper.com\/de\/umsatzsteuer-richtlinie\",\"url\":\"https:\/\/growingpaper.com\/de\/umsatzsteuer-richtlinie\",\"name\":\"Umsatzsteuer-Richtlinie - Growingpaper\",\"isPartOf\":{\"@id\":\"https:\/\/growingpaper.com\/de#website\"},\"datePublished\":\"2025-02-04T13:50:33+00:00\",\"dateModified\":\"2026-01-12T10:58:28+00:00\",\"description\":\"Informationen zur Umsatzsteuer-Richtlinie bei Bestellungen \u00fcber Growingpaper.com, f\u00fcr Privat- und Gesch\u00e4ftskunden in der EU und weltweit.\",\"breadcrumb\":{\"@id\":\"https:\/\/growingpaper.com\/de\/umsatzsteuer-richtlinie#breadcrumb\"},\"inLanguage\":\"de\",\"potentialAction\":[{\"@type\":\"ReadAction\",\"target\":[\"https:\/\/growingpaper.com\/de\/umsatzsteuer-richtlinie\"]}]},{\"@type\":\"BreadcrumbList\",\"@id\":\"https:\/\/growingpaper.com\/de\/umsatzsteuer-richtlinie#breadcrumb\",\"itemListElement\":[{\"@type\":\"ListItem\",\"position\":1,\"name\":\"Home\",\"item\":\"https:\/\/growingpaper.com\/de\"},{\"@type\":\"ListItem\",\"position\":2,\"name\":\"Umsatzsteuer-Richtlinie\"}]},{\"@type\":\"WebSite\",\"@id\":\"https:\/\/growingpaper.com\/de#website\",\"url\":\"https:\/\/growingpaper.com\/de\",\"name\":\"Growingpaper\",\"description\":\"Duurzaam printen op groeipapier van Growingpaper\",\"publisher\":{\"@id\":\"https:\/\/growingpaper.com\/de#organization\"},\"potentialAction\":[{\"@type\":\"SearchAction\",\"target\":{\"@type\":\"EntryPoint\",\"urlTemplate\":\"https:\/\/growingpaper.com\/de?s={search_term_string}\"},\"query-input\":{\"@type\":\"PropertyValueSpecification\",\"valueRequired\":true,\"valueName\":\"search_term_string\"}}],\"inLanguage\":\"de\"},{\"@type\":\"Organization\",\"@id\":\"https:\/\/growingpaper.com\/de#organization\",\"name\":\"Growingpaper\",\"url\":\"https:\/\/growingpaper.com\/de\",\"logo\":{\"@type\":\"ImageObject\",\"inLanguage\":\"de\",\"@id\":\"https:\/\/growingpaper.com\/de#\/schema\/logo\/image\/\",\"url\":\"https:\/\/growingpaper.com\/wp-content\/uploads\/2025\/11\/growingpaper-yoast-logo.png\",\"contentUrl\":\"https:\/\/growingpaper.com\/wp-content\/uploads\/2025\/11\/growingpaper-yoast-logo.png\",\"width\":696,\"height\":696,\"caption\":\"Growingpaper\"},\"image\":{\"@id\":\"https:\/\/growingpaper.com\/de#\/schema\/logo\/image\/\"},\"sameAs\":[\"https:\/\/www.facebook.com\/growingpaper\",\"https:\/\/www.instagram.com\/growingpaper_nl\/\",\"https:\/\/www.linkedin.com\/company\/growingpaper\/\"]}]}<\/script>\n<!-- \/ Yoast SEO plugin. -->","yoast_head_json":{"title":"Umsatzsteuer-Richtlinie - Growingpaper","description":"Informationen zur Umsatzsteuer-Richtlinie bei Bestellungen \u00fcber Growingpaper.com, f\u00fcr Privat- und Gesch\u00e4ftskunden in der EU und weltweit.","robots":{"index":"index","follow":"follow","max-snippet":"max-snippet:-1","max-image-preview":"max-image-preview:large","max-video-preview":"max-video-preview:-1"},"canonical":"https:\/\/growingpaper.com\/de\/umsatzsteuer-richtlinie","og_locale":"de_DE","og_type":"article","og_title":"Umsatzsteuer-Richtlinie - Growingpaper","og_description":"Informationen zur Umsatzsteuer-Richtlinie bei Bestellungen \u00fcber Growingpaper.com, f\u00fcr Privat- und Gesch\u00e4ftskunden in der EU und weltweit.","og_url":"https:\/\/growingpaper.com\/de\/umsatzsteuer-richtlinie","og_site_name":"Growingpaper","article_publisher":"https:\/\/www.facebook.com\/growingpaper","article_modified_time":"2026-01-12T10:58:28+00:00","og_image":[{"width":1200,"height":675,"url":"https:\/\/growingpaper.com\/wp-content\/uploads\/2025\/11\/featured-yoast-img.jpg","type":"image\/jpeg"}],"twitter_card":"summary_large_image","schema":{"@context":"https:\/\/schema.org","@graph":[{"@type":"WebPage","@id":"https:\/\/growingpaper.com\/de\/umsatzsteuer-richtlinie","url":"https:\/\/growingpaper.com\/de\/umsatzsteuer-richtlinie","name":"Umsatzsteuer-Richtlinie - Growingpaper","isPartOf":{"@id":"https:\/\/growingpaper.com\/de#website"},"datePublished":"2025-02-04T13:50:33+00:00","dateModified":"2026-01-12T10:58:28+00:00","description":"Informationen zur Umsatzsteuer-Richtlinie bei Bestellungen \u00fcber Growingpaper.com, f\u00fcr Privat- und Gesch\u00e4ftskunden in der EU und weltweit.","breadcrumb":{"@id":"https:\/\/growingpaper.com\/de\/umsatzsteuer-richtlinie#breadcrumb"},"inLanguage":"de","potentialAction":[{"@type":"ReadAction","target":["https:\/\/growingpaper.com\/de\/umsatzsteuer-richtlinie"]}]},{"@type":"BreadcrumbList","@id":"https:\/\/growingpaper.com\/de\/umsatzsteuer-richtlinie#breadcrumb","itemListElement":[{"@type":"ListItem","position":1,"name":"Home","item":"https:\/\/growingpaper.com\/de"},{"@type":"ListItem","position":2,"name":"Umsatzsteuer-Richtlinie"}]},{"@type":"WebSite","@id":"https:\/\/growingpaper.com\/de#website","url":"https:\/\/growingpaper.com\/de","name":"Growingpaper","description":"Duurzaam printen op groeipapier van Growingpaper","publisher":{"@id":"https:\/\/growingpaper.com\/de#organization"},"potentialAction":[{"@type":"SearchAction","target":{"@type":"EntryPoint","urlTemplate":"https:\/\/growingpaper.com\/de?s={search_term_string}"},"query-input":{"@type":"PropertyValueSpecification","valueRequired":true,"valueName":"search_term_string"}}],"inLanguage":"de"},{"@type":"Organization","@id":"https:\/\/growingpaper.com\/de#organization","name":"Growingpaper","url":"https:\/\/growingpaper.com\/de","logo":{"@type":"ImageObject","inLanguage":"de","@id":"https:\/\/growingpaper.com\/de#\/schema\/logo\/image\/","url":"https:\/\/growingpaper.com\/wp-content\/uploads\/2025\/11\/growingpaper-yoast-logo.png","contentUrl":"https:\/\/growingpaper.com\/wp-content\/uploads\/2025\/11\/growingpaper-yoast-logo.png","width":696,"height":696,"caption":"Growingpaper"},"image":{"@id":"https:\/\/growingpaper.com\/de#\/schema\/logo\/image\/"},"sameAs":["https:\/\/www.facebook.com\/growingpaper","https:\/\/www.instagram.com\/growingpaper_nl\/","https:\/\/www.linkedin.com\/company\/growingpaper\/"]}]}},"_links":{"self":[{"href":"https:\/\/growingpaper.com\/de\/wp-json\/wp\/v2\/pages\/8374","targetHints":{"allow":["GET"]}}],"collection":[{"href":"https:\/\/growingpaper.com\/de\/wp-json\/wp\/v2\/pages"}],"about":[{"href":"https:\/\/growingpaper.com\/de\/wp-json\/wp\/v2\/types\/page"}],"author":[{"embeddable":true,"href":"https:\/\/growingpaper.com\/de\/wp-json\/wp\/v2\/users\/6"}],"replies":[{"embeddable":true,"href":"https:\/\/growingpaper.com\/de\/wp-json\/wp\/v2\/comments?post=8374"}],"version-history":[{"count":4,"href":"https:\/\/growingpaper.com\/de\/wp-json\/wp\/v2\/pages\/8374\/revisions"}],"predecessor-version":[{"id":15048,"href":"https:\/\/growingpaper.com\/de\/wp-json\/wp\/v2\/pages\/8374\/revisions\/15048"}],"wp:attachment":[{"href":"https:\/\/growingpaper.com\/de\/wp-json\/wp\/v2\/media?parent=8374"}],"curies":[{"name":"wp","href":"https:\/\/api.w.org\/{rel}","templated":true}]}}