{"id":10841,"date":"2025-09-19T11:20:11","date_gmt":"2025-09-19T09:20:11","guid":{"rendered":"https:\/\/growingpaper.com\/product\/individuell-gestaltetes-samenpapier"},"modified":"2026-03-30T17:21:13","modified_gmt":"2026-03-30T15:21:13","slug":"individuell-gestaltetes-samenpapier","status":"publish","type":"product","link":"https:\/\/growingpaper.com\/de\/product\/individuell-gestaltetes-samenpapier","title":{"rendered":"Individuell gestaltetes Samenpapier"},"content":{"rendered":"<p>Mit einem Individualdruck gestaltest du genau das, was du dir vorstellst. Du bestimmst Gr\u00f6\u00dfe, Format und Motiv und wir drucken dein Design auf nachhaltiges Samenpapier, das nach dem Lesen eingepflanzt werden kann und in Blumen, Kr\u00e4uter oder Gem\u00fcse aufgeht. So entsteht ein einzigartiges Druckprodukt.<\/p>\n<p>\u2714 Individuell gestaltbar mit deinem Branding, Texten und Bildern<br \/>\n\u2714 Nachhaltig &amp; pflanzbar<\/p>\n<p><strong>Bereit zum Drucken?<\/strong><br data-start=\"785\" data-end=\"788\" \/>F\u00fcr beste Ergebnisse folge unseren <strong><a href=\"https:\/\/growingpaper.com\/de\/wissenswertes\/druckvorlage-erstellen\" target=\"_blank\" rel=\"noopener\">Designrichtlinien<\/a> <\/strong>und nutze unsere <strong><a href=\"https:\/\/growingpaper.com\/de\/wissenswertes\/druckdatei\/blankovorlagen-zum-downloaden\" target=\"_blank\" rel=\"noopener\">kostenlosen Vorlagen<\/a><\/strong>. So sehen deine individuellen Flyer aus Samenpapier nicht nur gro\u00dfartig aus, sondern bleiben auch umweltfreundlich.<\/p>\n<p><strong>Druckdatei hochladen<\/strong>: Diese kannst du ganz einfach im Checkout hochladen, sobald du deine Bestellung abschlie\u00dft.<strong><br \/>\n<\/strong><\/p>\n<p>&nbsp;<\/p>\n","protected":false},"excerpt":{"rendered":"<p data-start=\"153\" data-end=\"619\">Dein Design auf Samenpapier zu drucken ist eine besondere M\u00f6glichkeit, Nachhaltigkeit mit Kreativit\u00e4t und Wirkung zu verbinden. Nachdem deine Karte, Einladung, dein Flyer oder Produktblatt seinen Zweck erf\u00fcllt hat, kannst du es einfach einpflanzen. Mit etwas Wasser und Sonne entsteht daraus ein lebendiges Erinnerungsst\u00fcck statt Abfall. So wird deine Botschaft zu einem echten Zero-Waste-Produkt, das nicht nur informiert, sondern auch der Natur etwas zur\u00fcckgibt.<\/p>\n<p data-start=\"621\" data-end=\"1021\">Der gr\u00f6\u00dfte Vorteil dieses Produkts ist die volle Freiheit im Format. Ob kleine Dankeskarte, elegante Einladung, ausf\u00fchrliches Produktblatt oder eine kreative Idee, die nicht in Standards passt, Samenpapier passt sich deinen Vorstellungen an. Jedes St\u00fcck l\u00e4sst sich individuell mit deinem Logo, deinem Text und deinen Motiven gestalten, sodass deine Botschaft einzigartig und unverwechselbar bleibt.<\/p>\n<p data-start=\"1023\" data-end=\"1346\">Samenpapier sendet au\u00dferdem ein starkes Signal. Es zeigt, dass dir Nachhaltigkeit, Innovation und bewusstes Design wichtig sind. Egal ob f\u00fcr ein gr\u00fcnes Event, den Launch eines umweltfreundlichen Produkts oder um deinen \u00f6kologischen Fu\u00dfabdruck zu reduzieren, dein individueller Druck auf Samenpapier ist die richtige Wahl.<\/p>\n<p data-start=\"1348\" data-end=\"1642\">In einer Welt voller Wegwerfprodukte sticht Samenpapier hervor. Es verwandelt jedes Format in ein interaktives und emotionales Erlebnis, ein bl\u00fchendes Symbol deiner Marke, das mit Wachstum und Positivit\u00e4t verbunden wird. Mit Samenpapier erz\u00e4hlst du deine Geschichte nicht nur, du pflanzt sie.<\/p>\n","protected":false},"featured_media":15901,"comment_status":"open","ping_status":"closed","template":"","meta":{"_acf_changed":false,"inline_featured_image":false,"footnotes":""},"product_brand":[],"product_cat":[142,227],"product_tag":[],"class_list":{"0":"post-10841","1":"product","2":"type-product","3":"status-publish","4":"has-post-thumbnail","6":"product_cat-individuell-gestaltete-produkte-de","7":"product_cat-druckprodukte-fur-unternehmen","9":"first","10":"instock","11":"taxable","12":"shipping-taxable","13":"purchasable","14":"product-type-simple"},"acf":{"product_design_file":""},"yoast_head":"<!-- This site is optimized with the Yoast SEO plugin v27.2 - https:\/\/yoast.com\/product\/yoast-seo-wordpress\/ -->\n<title>Individuell gestaltetes Samenpapier - Growingpaper<\/title>\n<meta name=\"description\" content=\"Individuell gestaltetes Samenpapier drucken lassen. Nachhaltig, hochwertig und ideal f\u00fcr Botschaften, die wachsen und Eindruck hinterlassen.\" \/>\n<meta name=\"robots\" content=\"index, follow, max-snippet:-1, max-image-preview:large, max-video-preview:-1\" \/>\n<link rel=\"canonical\" href=\"https:\/\/growingpaper.com\/de\/product\/individuell-gestaltetes-samenpapier\" \/>\n<meta property=\"og:locale\" content=\"de_DE\" \/>\n<meta property=\"og:type\" content=\"article\" \/>\n<meta property=\"og:title\" content=\"Individuell gestaltetes Samenpapier - Growingpaper\" \/>\n<meta property=\"og:description\" content=\"Individuell gestaltetes Samenpapier drucken lassen. Nachhaltig, hochwertig und ideal f\u00fcr Botschaften, die wachsen und Eindruck hinterlassen.\" \/>\n<meta property=\"og:url\" content=\"https:\/\/growingpaper.com\/de\/product\/individuell-gestaltetes-samenpapier\" \/>\n<meta property=\"og:site_name\" content=\"Growingpaper\" \/>\n<meta property=\"article:publisher\" content=\"https:\/\/www.facebook.com\/growingpaper\" \/>\n<meta property=\"article:modified_time\" content=\"2026-03-30T15:21:13+00:00\" \/>\n<meta property=\"og:image\" content=\"https:\/\/growingpaper.com\/wp-content\/uploads\/2025\/09\/Design-ohne-Titel-10.png\" \/>\n\t<meta property=\"og:image:width\" content=\"800\" \/>\n\t<meta property=\"og:image:height\" content=\"800\" \/>\n\t<meta property=\"og:image:type\" content=\"image\/png\" \/>\n<meta name=\"twitter:card\" content=\"summary_large_image\" \/>\n<meta name=\"twitter:label1\" content=\"Gesch\u00e4tzte Lesezeit\" \/>\n\t<meta name=\"twitter:data1\" content=\"1\u00a0Minute\" \/>\n<script type=\"application\/ld+json\" class=\"yoast-schema-graph\">{\"@context\":\"https:\/\/schema.org\",\"@graph\":[{\"@type\":\"WebPage\",\"@id\":\"https:\/\/growingpaper.com\/de\/product\/individuell-gestaltetes-samenpapier\",\"url\":\"https:\/\/growingpaper.com\/de\/product\/individuell-gestaltetes-samenpapier\",\"name\":\"Individuell gestaltetes Samenpapier - Growingpaper\",\"isPartOf\":{\"@id\":\"https:\/\/growingpaper.com\/de#website\"},\"primaryImageOfPage\":{\"@id\":\"https:\/\/growingpaper.com\/de\/product\/individuell-gestaltetes-samenpapier#primaryimage\"},\"image\":{\"@id\":\"https:\/\/growingpaper.com\/de\/product\/individuell-gestaltetes-samenpapier#primaryimage\"},\"thumbnailUrl\":\"https:\/\/growingpaper.com\/wp-content\/uploads\/2025\/09\/Design-ohne-Titel-10.png\",\"datePublished\":\"2025-09-19T09:20:11+00:00\",\"dateModified\":\"2026-03-30T15:21:13+00:00\",\"description\":\"Individuell gestaltetes Samenpapier drucken lassen. Nachhaltig, hochwertig und ideal f\u00fcr Botschaften, die wachsen und Eindruck hinterlassen.\",\"breadcrumb\":{\"@id\":\"https:\/\/growingpaper.com\/de\/product\/individuell-gestaltetes-samenpapier#breadcrumb\"},\"inLanguage\":\"de\",\"potentialAction\":[{\"@type\":\"ReadAction\",\"target\":[\"https:\/\/growingpaper.com\/de\/product\/individuell-gestaltetes-samenpapier\"]}]},{\"@type\":\"ImageObject\",\"inLanguage\":\"de\",\"@id\":\"https:\/\/growingpaper.com\/de\/product\/individuell-gestaltetes-samenpapier#primaryimage\",\"url\":\"https:\/\/growingpaper.com\/wp-content\/uploads\/2025\/09\/Design-ohne-Titel-10.png\",\"contentUrl\":\"https:\/\/growingpaper.com\/wp-content\/uploads\/2025\/09\/Design-ohne-Titel-10.png\",\"width\":800,\"height\":800,\"caption\":\"Seed paper examples\"},{\"@type\":\"BreadcrumbList\",\"@id\":\"https:\/\/growingpaper.com\/de\/product\/individuell-gestaltetes-samenpapier#breadcrumb\",\"itemListElement\":[{\"@type\":\"ListItem\",\"position\":1,\"name\":\"Home\",\"item\":\"https:\/\/growingpaper.com\/de\"},{\"@type\":\"ListItem\",\"position\":2,\"name\":\"Shop\",\"item\":\"https:\/\/growingpaper.com\/de\/shop\"},{\"@type\":\"ListItem\",\"position\":3,\"name\":\"Individuell gestaltetes Samenpapier\"}]},{\"@type\":\"WebSite\",\"@id\":\"https:\/\/growingpaper.com\/de#website\",\"url\":\"https:\/\/growingpaper.com\/de\",\"name\":\"Growingpaper\",\"description\":\"Duurzaam printen op groeipapier van Growingpaper\",\"publisher\":{\"@id\":\"https:\/\/growingpaper.com\/de#organization\"},\"potentialAction\":[{\"@type\":\"SearchAction\",\"target\":{\"@type\":\"EntryPoint\",\"urlTemplate\":\"https:\/\/growingpaper.com\/de?s={search_term_string}\"},\"query-input\":{\"@type\":\"PropertyValueSpecification\",\"valueRequired\":true,\"valueName\":\"search_term_string\"}}],\"inLanguage\":\"de\"},{\"@type\":\"Organization\",\"@id\":\"https:\/\/growingpaper.com\/de#organization\",\"name\":\"Growingpaper\",\"url\":\"https:\/\/growingpaper.com\/de\",\"logo\":{\"@type\":\"ImageObject\",\"inLanguage\":\"de\",\"@id\":\"https:\/\/growingpaper.com\/de#\/schema\/logo\/image\/\",\"url\":\"https:\/\/growingpaper.com\/wp-content\/uploads\/2025\/11\/growingpaper-yoast-logo.png\",\"contentUrl\":\"https:\/\/growingpaper.com\/wp-content\/uploads\/2025\/11\/growingpaper-yoast-logo.png\",\"width\":696,\"height\":696,\"caption\":\"Growingpaper\"},\"image\":{\"@id\":\"https:\/\/growingpaper.com\/de#\/schema\/logo\/image\/\"},\"sameAs\":[\"https:\/\/www.facebook.com\/growingpaper\",\"https:\/\/www.instagram.com\/growingpaper_nl\/\",\"https:\/\/www.linkedin.com\/company\/growingpaper\/\"]}]}<\/script>\n<!-- \/ Yoast SEO plugin. -->","yoast_head_json":{"title":"Individuell gestaltetes Samenpapier - Growingpaper","description":"Individuell gestaltetes Samenpapier drucken lassen. Nachhaltig, hochwertig und ideal f\u00fcr Botschaften, die wachsen und Eindruck hinterlassen.","robots":{"index":"index","follow":"follow","max-snippet":"max-snippet:-1","max-image-preview":"max-image-preview:large","max-video-preview":"max-video-preview:-1"},"canonical":"https:\/\/growingpaper.com\/de\/product\/individuell-gestaltetes-samenpapier","og_locale":"de_DE","og_type":"article","og_title":"Individuell gestaltetes Samenpapier - Growingpaper","og_description":"Individuell gestaltetes Samenpapier drucken lassen. Nachhaltig, hochwertig und ideal f\u00fcr Botschaften, die wachsen und Eindruck hinterlassen.","og_url":"https:\/\/growingpaper.com\/de\/product\/individuell-gestaltetes-samenpapier","og_site_name":"Growingpaper","article_publisher":"https:\/\/www.facebook.com\/growingpaper","article_modified_time":"2026-03-30T15:21:13+00:00","og_image":[{"width":800,"height":800,"url":"https:\/\/growingpaper.com\/wp-content\/uploads\/2025\/09\/Design-ohne-Titel-10.png","type":"image\/png"}],"twitter_card":"summary_large_image","twitter_misc":{"Gesch\u00e4tzte Lesezeit":"1\u00a0Minute"},"schema":{"@context":"https:\/\/schema.org","@graph":[{"@type":"WebPage","@id":"https:\/\/growingpaper.com\/de\/product\/individuell-gestaltetes-samenpapier","url":"https:\/\/growingpaper.com\/de\/product\/individuell-gestaltetes-samenpapier","name":"Individuell gestaltetes Samenpapier - Growingpaper","isPartOf":{"@id":"https:\/\/growingpaper.com\/de#website"},"primaryImageOfPage":{"@id":"https:\/\/growingpaper.com\/de\/product\/individuell-gestaltetes-samenpapier#primaryimage"},"image":{"@id":"https:\/\/growingpaper.com\/de\/product\/individuell-gestaltetes-samenpapier#primaryimage"},"thumbnailUrl":"https:\/\/growingpaper.com\/wp-content\/uploads\/2025\/09\/Design-ohne-Titel-10.png","datePublished":"2025-09-19T09:20:11+00:00","dateModified":"2026-03-30T15:21:13+00:00","description":"Individuell gestaltetes Samenpapier drucken lassen. Nachhaltig, hochwertig und ideal f\u00fcr Botschaften, die wachsen und Eindruck hinterlassen.","breadcrumb":{"@id":"https:\/\/growingpaper.com\/de\/product\/individuell-gestaltetes-samenpapier#breadcrumb"},"inLanguage":"de","potentialAction":[{"@type":"ReadAction","target":["https:\/\/growingpaper.com\/de\/product\/individuell-gestaltetes-samenpapier"]}]},{"@type":"ImageObject","inLanguage":"de","@id":"https:\/\/growingpaper.com\/de\/product\/individuell-gestaltetes-samenpapier#primaryimage","url":"https:\/\/growingpaper.com\/wp-content\/uploads\/2025\/09\/Design-ohne-Titel-10.png","contentUrl":"https:\/\/growingpaper.com\/wp-content\/uploads\/2025\/09\/Design-ohne-Titel-10.png","width":800,"height":800,"caption":"Seed paper examples"},{"@type":"BreadcrumbList","@id":"https:\/\/growingpaper.com\/de\/product\/individuell-gestaltetes-samenpapier#breadcrumb","itemListElement":[{"@type":"ListItem","position":1,"name":"Home","item":"https:\/\/growingpaper.com\/de"},{"@type":"ListItem","position":2,"name":"Shop","item":"https:\/\/growingpaper.com\/de\/shop"},{"@type":"ListItem","position":3,"name":"Individuell gestaltetes Samenpapier"}]},{"@type":"WebSite","@id":"https:\/\/growingpaper.com\/de#website","url":"https:\/\/growingpaper.com\/de","name":"Growingpaper","description":"Duurzaam printen op groeipapier van Growingpaper","publisher":{"@id":"https:\/\/growingpaper.com\/de#organization"},"potentialAction":[{"@type":"SearchAction","target":{"@type":"EntryPoint","urlTemplate":"https:\/\/growingpaper.com\/de?s={search_term_string}"},"query-input":{"@type":"PropertyValueSpecification","valueRequired":true,"valueName":"search_term_string"}}],"inLanguage":"de"},{"@type":"Organization","@id":"https:\/\/growingpaper.com\/de#organization","name":"Growingpaper","url":"https:\/\/growingpaper.com\/de","logo":{"@type":"ImageObject","inLanguage":"de","@id":"https:\/\/growingpaper.com\/de#\/schema\/logo\/image\/","url":"https:\/\/growingpaper.com\/wp-content\/uploads\/2025\/11\/growingpaper-yoast-logo.png","contentUrl":"https:\/\/growingpaper.com\/wp-content\/uploads\/2025\/11\/growingpaper-yoast-logo.png","width":696,"height":696,"caption":"Growingpaper"},"image":{"@id":"https:\/\/growingpaper.com\/de#\/schema\/logo\/image\/"},"sameAs":["https:\/\/www.facebook.com\/growingpaper","https:\/\/www.instagram.com\/growingpaper_nl\/","https:\/\/www.linkedin.com\/company\/growingpaper\/"]}]}},"acf_fields":{"proof_print":false,"factor_pricing_table":false,"product_ribbon_text":"No Ribbon","product_ribbon_position":"Left","product_design_file":false,"type_of_paper":false,"printing_options":false,"product_ribbon_text_custom":"","priority":"1","paper_format":false,"minimum_product_quantity":""},"_links":{"self":[{"href":"https:\/\/growingpaper.com\/de\/wp-json\/wp\/v2\/product\/10841","targetHints":{"allow":["GET"]}}],"collection":[{"href":"https:\/\/growingpaper.com\/de\/wp-json\/wp\/v2\/product"}],"about":[{"href":"https:\/\/growingpaper.com\/de\/wp-json\/wp\/v2\/types\/product"}],"replies":[{"embeddable":true,"href":"https:\/\/growingpaper.com\/de\/wp-json\/wp\/v2\/comments?post=10841"}],"version-history":[{"count":12,"href":"https:\/\/growingpaper.com\/de\/wp-json\/wp\/v2\/product\/10841\/revisions"}],"predecessor-version":[{"id":16081,"href":"https:\/\/growingpaper.com\/de\/wp-json\/wp\/v2\/product\/10841\/revisions\/16081"}],"wp:featuredmedia":[{"embeddable":true,"href":"https:\/\/growingpaper.com\/de\/wp-json\/wp\/v2\/media\/15901"}],"wp:attachment":[{"href":"https:\/\/growingpaper.com\/de\/wp-json\/wp\/v2\/media?parent=10841"}],"wp:term":[{"taxonomy":"product_brand","embeddable":true,"href":"https:\/\/growingpaper.com\/de\/wp-json\/wp\/v2\/product_brand?post=10841"},{"taxonomy":"product_cat","embeddable":true,"href":"https:\/\/growingpaper.com\/de\/wp-json\/wp\/v2\/product_cat?post=10841"},{"taxonomy":"product_tag","embeddable":true,"href":"https:\/\/growingpaper.com\/de\/wp-json\/wp\/v2\/product_tag?post=10841"}],"curies":[{"name":"wp","href":"https:\/\/api.w.org\/{rel}","templated":true}]}}