{"id":11537,"date":"2025-09-26T10:39:52","date_gmt":"2025-09-26T08:39:52","guid":{"rendered":"https:\/\/growingpaper.com\/product\/individuelles-samenpapier-im-format-quadrat-gross-130-x-130-mm"},"modified":"2026-03-11T12:48:12","modified_gmt":"2026-03-11T11:48:12","slug":"individuelles-samenpapier-im-format-quadrat-gross-130-x-130-mm","status":"publish","type":"product","link":"https:\/\/growingpaper.com\/de\/product\/individuelles-samenpapier-im-format-quadrat-gross-130-x-130-mm","title":{"rendered":"Quadrat gro\u00df (130 \u00d7 130 mm)"},"content":{"rendered":"<div class=\"ewa-rteLine\">Unser Samenpapier im Format Quadrat gro\u00df ist die ideale Wahl f\u00fcr stilvolle, nachhaltige Druckprodukte. Es verbindet Design und Umweltbewusstsein und verwandelt sich nach dem Einpflanzen in bl\u00fchende Pflanzen.<\/div>\n<div class=\"ewa-rteLine\"><\/div>\n<div class=\"ewa-rteLine\">\u2714 Quadratisches Format f\u00fcr moderne und harmonische Designs<\/div>\n<div class=\"ewa-rteLine\">\u2714 Individuell gestaltbar mit deinem Branding, deiner Botschaft und deinen Motiven<\/div>\n<div class=\"ewa-rteLine\">\u2714 100 % kompostierbar und pflanzbar<\/div>\n<div class=\"ewa-rteLine\"><\/div>\n<div class=\"ewa-rteLine\"><strong>Bereit f\u00fcr den Druck?<\/strong><\/div>\n<div class=\"ewa-rteLine\">F\u00fcr ein optimales Ergebnis empfehlen wir, unsere <a href=\"https:\/\/growingpaper.com\/de\/wissenswertes\/druckvorlage-erstellen\" target=\"_blank\" rel=\"noopener\">Designrichtlinien<\/a> und <a href=\"https:\/\/growingpaper.com\/de\/wissenswertes\/druckdatei\/blankovorlagen-zum-downloaden\" target=\"_blank\" rel=\"noopener\">kostenlosen Vorlagen<\/a> zu nutzen. So stellst du sicher, dass dein Druck professionell aussieht und die Keimf\u00e4higkeit der Samen erhalten bleibt.<\/div>\n<div><\/div>\n<div><strong>Druckdatei hochladen<\/strong>: Diese kannst du ganz einfach im Checkout hochladen, sobald du deine Bestellung abschlie\u00dft.<\/div>\n","protected":false},"excerpt":{"rendered":"<div class=\"ewa-rteLine\">Samenpapier im quadratischen Gro\u00dfformat ist eine moderne M\u00f6glichkeit, Design und Nachhaltigkeit harmonisch zu verbinden. Nachdem dein Druckprodukt genutzt wurde, kann es eingepflanzt werden und w\u00e4chst zu bunten Blumen heran. Das Format ist ideal f\u00fcr Einladungen, Gru\u00dfkarten oder kreative Projekte, die auffallen und gleichzeitig etwas Gutes bewirken wollen.<\/div>\n<div class=\"ewa-rteLine\"><\/div>\n<div class=\"ewa-rteLine\">Hochformat: 130 \u00d7 130 mm<\/div>\n<div class=\"ewa-rteLine\">Querformat: 130 \u00d7 130 mm<\/div>\n","protected":false},"featured_media":11027,"comment_status":"open","ping_status":"closed","template":"","meta":{"_acf_changed":false,"inline_featured_image":false,"footnotes":""},"product_brand":[],"product_cat":[142,206,227,229],"product_tag":[],"class_list":{"0":"post-11537","1":"product","2":"type-product","3":"status-publish","4":"has-post-thumbnail","6":"product_cat-individuell-gestaltete-produkte-de","7":"product_cat-formate","8":"product_cat-druckprodukte-fur-unternehmen","9":"product_cat-quadratische-formate","11":"first","12":"instock","13":"taxable","14":"shipping-taxable","15":"purchasable","16":"product-type-simple"},"acf":{"product_design_file":""},"yoast_head":"<!-- This site is optimized with the Yoast SEO plugin v27.2 - https:\/\/yoast.com\/product\/yoast-seo-wordpress\/ -->\n<title>Quadrat gro\u00df (130 \u00d7 130 mm) - Growingpaper<\/title>\n<meta name=\"description\" content=\"Individuelles Samenpapier im Format Quadrat gro\u00df ist modern, stilvoll und nachhaltig. Dein Design bl\u00fcht auf und erz\u00e4hlt weiter.\" \/>\n<meta name=\"robots\" content=\"index, follow, max-snippet:-1, max-image-preview:large, max-video-preview:-1\" \/>\n<link rel=\"canonical\" href=\"https:\/\/growingpaper.com\/de\/product\/individuelles-samenpapier-im-format-quadrat-gross-130-x-130-mm\" \/>\n<meta property=\"og:locale\" content=\"de_DE\" \/>\n<meta property=\"og:type\" content=\"article\" \/>\n<meta property=\"og:title\" content=\"Quadrat gro\u00df (130 \u00d7 130 mm) - Growingpaper\" \/>\n<meta property=\"og:description\" content=\"Individuelles Samenpapier im Format Quadrat gro\u00df ist modern, stilvoll und nachhaltig. Dein Design bl\u00fcht auf und erz\u00e4hlt weiter.\" \/>\n<meta property=\"og:url\" content=\"https:\/\/growingpaper.com\/de\/product\/individuelles-samenpapier-im-format-quadrat-gross-130-x-130-mm\" \/>\n<meta property=\"og:site_name\" content=\"Growingpaper\" \/>\n<meta property=\"article:publisher\" content=\"https:\/\/www.facebook.com\/growingpaper\" \/>\n<meta property=\"article:modified_time\" content=\"2026-03-11T11:48:12+00:00\" \/>\n<meta property=\"og:image\" content=\"https:\/\/growingpaper.com\/wp-content\/uploads\/2025\/09\/Large-square-logo-white-bg.png\" \/>\n\t<meta property=\"og:image:width\" content=\"1080\" \/>\n\t<meta property=\"og:image:height\" content=\"1080\" \/>\n\t<meta property=\"og:image:type\" content=\"image\/png\" \/>\n<meta name=\"twitter:card\" content=\"summary_large_image\" \/>\n<meta name=\"twitter:label1\" content=\"Gesch\u00e4tzte Lesezeit\" \/>\n\t<meta name=\"twitter:data1\" content=\"1\u00a0Minute\" \/>\n<script type=\"application\/ld+json\" class=\"yoast-schema-graph\">{\"@context\":\"https:\/\/schema.org\",\"@graph\":[{\"@type\":\"WebPage\",\"@id\":\"https:\/\/growingpaper.com\/de\/product\/individuelles-samenpapier-im-format-quadrat-gross-130-x-130-mm\",\"url\":\"https:\/\/growingpaper.com\/de\/product\/individuelles-samenpapier-im-format-quadrat-gross-130-x-130-mm\",\"name\":\"Quadrat gro\u00df (130 \u00d7 130 mm) - Growingpaper\",\"isPartOf\":{\"@id\":\"https:\/\/growingpaper.com\/de#website\"},\"primaryImageOfPage\":{\"@id\":\"https:\/\/growingpaper.com\/de\/product\/individuelles-samenpapier-im-format-quadrat-gross-130-x-130-mm#primaryimage\"},\"image\":{\"@id\":\"https:\/\/growingpaper.com\/de\/product\/individuelles-samenpapier-im-format-quadrat-gross-130-x-130-mm#primaryimage\"},\"thumbnailUrl\":\"https:\/\/growingpaper.com\/wp-content\/uploads\/2025\/09\/Large-square-logo-white-bg.png\",\"datePublished\":\"2025-09-26T08:39:52+00:00\",\"dateModified\":\"2026-03-11T11:48:12+00:00\",\"description\":\"Individuelles Samenpapier im Format Quadrat gro\u00df ist modern, stilvoll und nachhaltig. Dein Design bl\u00fcht auf und erz\u00e4hlt weiter.\",\"breadcrumb\":{\"@id\":\"https:\/\/growingpaper.com\/de\/product\/individuelles-samenpapier-im-format-quadrat-gross-130-x-130-mm#breadcrumb\"},\"inLanguage\":\"de\",\"potentialAction\":[{\"@type\":\"ReadAction\",\"target\":[\"https:\/\/growingpaper.com\/de\/product\/individuelles-samenpapier-im-format-quadrat-gross-130-x-130-mm\"]}]},{\"@type\":\"ImageObject\",\"inLanguage\":\"de\",\"@id\":\"https:\/\/growingpaper.com\/de\/product\/individuelles-samenpapier-im-format-quadrat-gross-130-x-130-mm#primaryimage\",\"url\":\"https:\/\/growingpaper.com\/wp-content\/uploads\/2025\/09\/Large-square-logo-white-bg.png\",\"contentUrl\":\"https:\/\/growingpaper.com\/wp-content\/uploads\/2025\/09\/Large-square-logo-white-bg.png\",\"width\":1080,\"height\":1080},{\"@type\":\"BreadcrumbList\",\"@id\":\"https:\/\/growingpaper.com\/de\/product\/individuelles-samenpapier-im-format-quadrat-gross-130-x-130-mm#breadcrumb\",\"itemListElement\":[{\"@type\":\"ListItem\",\"position\":1,\"name\":\"Home\",\"item\":\"https:\/\/growingpaper.com\/de\"},{\"@type\":\"ListItem\",\"position\":2,\"name\":\"Shop\",\"item\":\"https:\/\/growingpaper.com\/de\/shop\"},{\"@type\":\"ListItem\",\"position\":3,\"name\":\"Quadrat gro\u00df (130 \u00d7 130 mm)\"}]},{\"@type\":\"WebSite\",\"@id\":\"https:\/\/growingpaper.com\/de#website\",\"url\":\"https:\/\/growingpaper.com\/de\",\"name\":\"Growingpaper\",\"description\":\"Duurzaam printen op groeipapier van Growingpaper\",\"publisher\":{\"@id\":\"https:\/\/growingpaper.com\/de#organization\"},\"potentialAction\":[{\"@type\":\"SearchAction\",\"target\":{\"@type\":\"EntryPoint\",\"urlTemplate\":\"https:\/\/growingpaper.com\/de?s={search_term_string}\"},\"query-input\":{\"@type\":\"PropertyValueSpecification\",\"valueRequired\":true,\"valueName\":\"search_term_string\"}}],\"inLanguage\":\"de\"},{\"@type\":\"Organization\",\"@id\":\"https:\/\/growingpaper.com\/de#organization\",\"name\":\"Growingpaper\",\"url\":\"https:\/\/growingpaper.com\/de\",\"logo\":{\"@type\":\"ImageObject\",\"inLanguage\":\"de\",\"@id\":\"https:\/\/growingpaper.com\/de#\/schema\/logo\/image\/\",\"url\":\"https:\/\/growingpaper.com\/wp-content\/uploads\/2025\/11\/growingpaper-yoast-logo.png\",\"contentUrl\":\"https:\/\/growingpaper.com\/wp-content\/uploads\/2025\/11\/growingpaper-yoast-logo.png\",\"width\":696,\"height\":696,\"caption\":\"Growingpaper\"},\"image\":{\"@id\":\"https:\/\/growingpaper.com\/de#\/schema\/logo\/image\/\"},\"sameAs\":[\"https:\/\/www.facebook.com\/growingpaper\",\"https:\/\/www.instagram.com\/growingpaper_nl\/\",\"https:\/\/www.linkedin.com\/company\/growingpaper\/\"]}]}<\/script>\n<!-- \/ Yoast SEO plugin. -->","yoast_head_json":{"title":"Quadrat gro\u00df (130 \u00d7 130 mm) - Growingpaper","description":"Individuelles Samenpapier im Format Quadrat gro\u00df ist modern, stilvoll und nachhaltig. Dein Design bl\u00fcht auf und erz\u00e4hlt weiter.","robots":{"index":"index","follow":"follow","max-snippet":"max-snippet:-1","max-image-preview":"max-image-preview:large","max-video-preview":"max-video-preview:-1"},"canonical":"https:\/\/growingpaper.com\/de\/product\/individuelles-samenpapier-im-format-quadrat-gross-130-x-130-mm","og_locale":"de_DE","og_type":"article","og_title":"Quadrat gro\u00df (130 \u00d7 130 mm) - Growingpaper","og_description":"Individuelles Samenpapier im Format Quadrat gro\u00df ist modern, stilvoll und nachhaltig. Dein Design bl\u00fcht auf und erz\u00e4hlt weiter.","og_url":"https:\/\/growingpaper.com\/de\/product\/individuelles-samenpapier-im-format-quadrat-gross-130-x-130-mm","og_site_name":"Growingpaper","article_publisher":"https:\/\/www.facebook.com\/growingpaper","article_modified_time":"2026-03-11T11:48:12+00:00","og_image":[{"width":1080,"height":1080,"url":"https:\/\/growingpaper.com\/wp-content\/uploads\/2025\/09\/Large-square-logo-white-bg.png","type":"image\/png"}],"twitter_card":"summary_large_image","twitter_misc":{"Gesch\u00e4tzte Lesezeit":"1\u00a0Minute"},"schema":{"@context":"https:\/\/schema.org","@graph":[{"@type":"WebPage","@id":"https:\/\/growingpaper.com\/de\/product\/individuelles-samenpapier-im-format-quadrat-gross-130-x-130-mm","url":"https:\/\/growingpaper.com\/de\/product\/individuelles-samenpapier-im-format-quadrat-gross-130-x-130-mm","name":"Quadrat gro\u00df (130 \u00d7 130 mm) - Growingpaper","isPartOf":{"@id":"https:\/\/growingpaper.com\/de#website"},"primaryImageOfPage":{"@id":"https:\/\/growingpaper.com\/de\/product\/individuelles-samenpapier-im-format-quadrat-gross-130-x-130-mm#primaryimage"},"image":{"@id":"https:\/\/growingpaper.com\/de\/product\/individuelles-samenpapier-im-format-quadrat-gross-130-x-130-mm#primaryimage"},"thumbnailUrl":"https:\/\/growingpaper.com\/wp-content\/uploads\/2025\/09\/Large-square-logo-white-bg.png","datePublished":"2025-09-26T08:39:52+00:00","dateModified":"2026-03-11T11:48:12+00:00","description":"Individuelles Samenpapier im Format Quadrat gro\u00df ist modern, stilvoll und nachhaltig. Dein Design bl\u00fcht auf und erz\u00e4hlt weiter.","breadcrumb":{"@id":"https:\/\/growingpaper.com\/de\/product\/individuelles-samenpapier-im-format-quadrat-gross-130-x-130-mm#breadcrumb"},"inLanguage":"de","potentialAction":[{"@type":"ReadAction","target":["https:\/\/growingpaper.com\/de\/product\/individuelles-samenpapier-im-format-quadrat-gross-130-x-130-mm"]}]},{"@type":"ImageObject","inLanguage":"de","@id":"https:\/\/growingpaper.com\/de\/product\/individuelles-samenpapier-im-format-quadrat-gross-130-x-130-mm#primaryimage","url":"https:\/\/growingpaper.com\/wp-content\/uploads\/2025\/09\/Large-square-logo-white-bg.png","contentUrl":"https:\/\/growingpaper.com\/wp-content\/uploads\/2025\/09\/Large-square-logo-white-bg.png","width":1080,"height":1080},{"@type":"BreadcrumbList","@id":"https:\/\/growingpaper.com\/de\/product\/individuelles-samenpapier-im-format-quadrat-gross-130-x-130-mm#breadcrumb","itemListElement":[{"@type":"ListItem","position":1,"name":"Home","item":"https:\/\/growingpaper.com\/de"},{"@type":"ListItem","position":2,"name":"Shop","item":"https:\/\/growingpaper.com\/de\/shop"},{"@type":"ListItem","position":3,"name":"Quadrat gro\u00df (130 \u00d7 130 mm)"}]},{"@type":"WebSite","@id":"https:\/\/growingpaper.com\/de#website","url":"https:\/\/growingpaper.com\/de","name":"Growingpaper","description":"Duurzaam printen op groeipapier van Growingpaper","publisher":{"@id":"https:\/\/growingpaper.com\/de#organization"},"potentialAction":[{"@type":"SearchAction","target":{"@type":"EntryPoint","urlTemplate":"https:\/\/growingpaper.com\/de?s={search_term_string}"},"query-input":{"@type":"PropertyValueSpecification","valueRequired":true,"valueName":"search_term_string"}}],"inLanguage":"de"},{"@type":"Organization","@id":"https:\/\/growingpaper.com\/de#organization","name":"Growingpaper","url":"https:\/\/growingpaper.com\/de","logo":{"@type":"ImageObject","inLanguage":"de","@id":"https:\/\/growingpaper.com\/de#\/schema\/logo\/image\/","url":"https:\/\/growingpaper.com\/wp-content\/uploads\/2025\/11\/growingpaper-yoast-logo.png","contentUrl":"https:\/\/growingpaper.com\/wp-content\/uploads\/2025\/11\/growingpaper-yoast-logo.png","width":696,"height":696,"caption":"Growingpaper"},"image":{"@id":"https:\/\/growingpaper.com\/de#\/schema\/logo\/image\/"},"sameAs":["https:\/\/www.facebook.com\/growingpaper","https:\/\/www.instagram.com\/growingpaper_nl\/","https:\/\/www.linkedin.com\/company\/growingpaper\/"]}]}},"acf_fields":{"proof_print":false,"factor_pricing_table":false,"product_ribbon_text":"No Ribbon","product_ribbon_position":"Left","minimum_product_quantity":"30","product_design_file":false,"type_of_paper":false,"paper_format":[{"hide_option":false,"name":"Quadrat gro\u00df","label":"Quadrat gro\u00df","subtitle":"130 x 130 mm","image":{"ID":2334,"id":2334,"title":"3. Square Big Logo","filename":"3.-Square-Big-Logo.png","filesize":488386,"url":"https:\/\/growingpaper.com\/wp-content\/uploads\/2025\/02\/3.-Square-Big-Logo.png","link":"https:\/\/growingpaper.com\/de?attachment_id=2334","alt":"","author":"5","description":"","caption":"","name":"3-square-big-logo-2","status":"inherit","uploaded_to":11537,"date":"2025-02-25 14:25:21","modified":"2025-10-15 08:16:34","menu_order":0,"mime_type":"image\/png","type":"image","subtype":"png","icon":"https:\/\/growingpaper.com\/wp-includes\/images\/media\/default.png","width":1000,"height":1000,"sizes":{"thumbnail":"https:\/\/growingpaper.com\/wp-content\/uploads\/2025\/02\/3.-Square-Big-Logo-150x150.png","thumbnail-width":150,"thumbnail-height":150,"medium":"https:\/\/growingpaper.com\/wp-content\/uploads\/2025\/02\/3.-Square-Big-Logo-300x300.png","medium-width":300,"medium-height":300,"medium_large":"https:\/\/growingpaper.com\/wp-content\/uploads\/2025\/02\/3.-Square-Big-Logo-768x768.png","medium_large-width":768,"medium_large-height":768,"large":"https:\/\/growingpaper.com\/wp-content\/uploads\/2025\/02\/3.-Square-Big-Logo.png","large-width":1000,"large-height":1000,"1536x1536":"https:\/\/growingpaper.com\/wp-content\/uploads\/2025\/02\/3.-Square-Big-Logo.png","1536x1536-width":1000,"1536x1536-height":1000,"2048x2048":"https:\/\/growingpaper.com\/wp-content\/uploads\/2025\/02\/3.-Square-Big-Logo.png","2048x2048-width":1000,"2048x2048-height":1000,"wizard-product-option":"https:\/\/growingpaper.com\/wp-content\/uploads\/2025\/02\/3.-Square-Big-Logo-111x142.png","wizard-product-option-width":111,"wizard-product-option-height":142,"100px-img-thumbnail":"https:\/\/growingpaper.com\/wp-content\/uploads\/2025\/02\/3.-Square-Big-Logo-100x100.png","100px-img-thumbnail-width":100,"100px-img-thumbnail-height":100,"400px-img-thumbnail":"https:\/\/growingpaper.com\/wp-content\/uploads\/2025\/02\/3.-Square-Big-Logo-400x400.png","400px-img-thumbnail-width":400,"400px-img-thumbnail-height":400,"500px-img-thumbnail":"https:\/\/growingpaper.com\/wp-content\/uploads\/2025\/02\/3.-Square-Big-Logo-500x500.png","500px-img-thumbnail-width":500,"500px-img-thumbnail-height":500,"600px-img-thumbnail":"https:\/\/growingpaper.com\/wp-content\/uploads\/2025\/02\/3.-Square-Big-Logo-600x600.png","600px-img-thumbnail-width":600,"600px-img-thumbnail-height":600,"1080px-img-thumbnail":"https:\/\/growingpaper.com\/wp-content\/uploads\/2025\/02\/3.-Square-Big-Logo.png","1080px-img-thumbnail-width":1000,"1080px-img-thumbnail-height":1000,"gform-image-choice-sm":"https:\/\/growingpaper.com\/wp-content\/uploads\/2025\/02\/3.-Square-Big-Logo.png","gform-image-choice-sm-width":300,"gform-image-choice-sm-height":300,"gform-image-choice-md":"https:\/\/growingpaper.com\/wp-content\/uploads\/2025\/02\/3.-Square-Big-Logo.png","gform-image-choice-md-width":400,"gform-image-choice-md-height":400,"gform-image-choice-lg":"https:\/\/growingpaper.com\/wp-content\/uploads\/2025\/02\/3.-Square-Big-Logo.png","gform-image-choice-lg-width":600,"gform-image-choice-lg-height":600,"woocommerce_thumbnail":"https:\/\/growingpaper.com\/wp-content\/uploads\/2025\/02\/3.-Square-Big-Logo-300x300.png","woocommerce_thumbnail-width":300,"woocommerce_thumbnail-height":300,"woocommerce_single":"https:\/\/growingpaper.com\/wp-content\/uploads\/2025\/02\/3.-Square-Big-Logo-600x600.png","woocommerce_single-width":600,"woocommerce_single-height":600,"woocommerce_gallery_thumbnail":"https:\/\/growingpaper.com\/wp-content\/uploads\/2025\/02\/3.-Square-Big-Logo-100x100.png","woocommerce_gallery_thumbnail-width":100,"woocommerce_gallery_thumbnail-height":100}},"description":"","pricing":"percentage","price_per_item":"","fixed_price":"","price_percentage":"62","description_images":[{"image":{"ID":11014,"id":11014,"title":"big-square-size-130-mm","filename":"big-square-size-130-mm.png","filesize":471712,"url":"https:\/\/growingpaper.com\/wp-content\/uploads\/2025\/09\/big-square-size-130-mm.png","link":"https:\/\/growingpaper.com\/de?attachment_id=11014","alt":"","author":"6","description":"","caption":"","name":"big-square-size-130-mm-2","status":"inherit","uploaded_to":11537,"date":"2025-09-26 07:59:27","modified":"2025-10-15 08:16:34","menu_order":0,"mime_type":"image\/png","type":"image","subtype":"png","icon":"https:\/\/growingpaper.com\/wp-includes\/images\/media\/default.png","width":1080,"height":1080,"sizes":{"thumbnail":"https:\/\/growingpaper.com\/wp-content\/uploads\/2025\/09\/big-square-size-130-mm-150x150.png","thumbnail-width":150,"thumbnail-height":150,"medium":"https:\/\/growingpaper.com\/wp-content\/uploads\/2025\/09\/big-square-size-130-mm-300x300.png","medium-width":300,"medium-height":300,"medium_large":"https:\/\/growingpaper.com\/wp-content\/uploads\/2025\/09\/big-square-size-130-mm-768x768.png","medium_large-width":768,"medium_large-height":768,"large":"https:\/\/growingpaper.com\/wp-content\/uploads\/2025\/09\/big-square-size-130-mm-1024x1024.png","large-width":1024,"large-height":1024,"1536x1536":"https:\/\/growingpaper.com\/wp-content\/uploads\/2025\/09\/big-square-size-130-mm.png","1536x1536-width":1080,"1536x1536-height":1080,"2048x2048":"https:\/\/growingpaper.com\/wp-content\/uploads\/2025\/09\/big-square-size-130-mm.png","2048x2048-width":1080,"2048x2048-height":1080,"wizard-product-option":"https:\/\/growingpaper.com\/wp-content\/uploads\/2025\/09\/big-square-size-130-mm-111x142.png","wizard-product-option-width":111,"wizard-product-option-height":142,"100px-img-thumbnail":"https:\/\/growingpaper.com\/wp-content\/uploads\/2025\/09\/big-square-size-130-mm-100x100.png","100px-img-thumbnail-width":100,"100px-img-thumbnail-height":100,"400px-img-thumbnail":"https:\/\/growingpaper.com\/wp-content\/uploads\/2025\/09\/big-square-size-130-mm-400x400.png","400px-img-thumbnail-width":400,"400px-img-thumbnail-height":400,"500px-img-thumbnail":"https:\/\/growingpaper.com\/wp-content\/uploads\/2025\/09\/big-square-size-130-mm-500x500.png","500px-img-thumbnail-width":500,"500px-img-thumbnail-height":500,"600px-img-thumbnail":"https:\/\/growingpaper.com\/wp-content\/uploads\/2025\/09\/big-square-size-130-mm-600x600.png","600px-img-thumbnail-width":600,"600px-img-thumbnail-height":600,"1080px-img-thumbnail":"https:\/\/growingpaper.com\/wp-content\/uploads\/2025\/09\/big-square-size-130-mm.png","1080px-img-thumbnail-width":1080,"1080px-img-thumbnail-height":1080,"gform-image-choice-sm":"https:\/\/growingpaper.com\/wp-content\/uploads\/2025\/09\/big-square-size-130-mm.png","gform-image-choice-sm-width":300,"gform-image-choice-sm-height":300,"gform-image-choice-md":"https:\/\/growingpaper.com\/wp-content\/uploads\/2025\/09\/big-square-size-130-mm.png","gform-image-choice-md-width":400,"gform-image-choice-md-height":400,"gform-image-choice-lg":"https:\/\/growingpaper.com\/wp-content\/uploads\/2025\/09\/big-square-size-130-mm.png","gform-image-choice-lg-width":600,"gform-image-choice-lg-height":600,"woocommerce_thumbnail":"https:\/\/growingpaper.com\/wp-content\/uploads\/2025\/09\/big-square-size-130-mm-300x300.png","woocommerce_thumbnail-width":300,"woocommerce_thumbnail-height":300,"woocommerce_single":"https:\/\/growingpaper.com\/wp-content\/uploads\/2025\/09\/big-square-size-130-mm-600x600.png","woocommerce_single-width":600,"woocommerce_single-height":600,"woocommerce_gallery_thumbnail":"https:\/\/growingpaper.com\/wp-content\/uploads\/2025\/09\/big-square-size-130-mm-100x100.png","woocommerce_gallery_thumbnail-width":100,"woocommerce_gallery_thumbnail-height":100}},"alt":""},{"image":{"ID":2338,"id":2338,"title":"4. Square Big Proportion","filename":"4.-Square-Big-Proportion.png","filesize":264590,"url":"https:\/\/growingpaper.com\/wp-content\/uploads\/2025\/02\/4.-Square-Big-Proportion.png","link":"https:\/\/growingpaper.com\/de?attachment_id=2338","alt":"","author":"5","description":"","caption":"","name":"4-square-big-proportion-2","status":"inherit","uploaded_to":11537,"date":"2025-02-25 14:25:27","modified":"2025-10-15 08:16:34","menu_order":0,"mime_type":"image\/png","type":"image","subtype":"png","icon":"https:\/\/growingpaper.com\/wp-includes\/images\/media\/default.png","width":1000,"height":1000,"sizes":{"thumbnail":"https:\/\/growingpaper.com\/wp-content\/uploads\/2025\/02\/4.-Square-Big-Proportion-150x150.png","thumbnail-width":150,"thumbnail-height":150,"medium":"https:\/\/growingpaper.com\/wp-content\/uploads\/2025\/02\/4.-Square-Big-Proportion-300x300.png","medium-width":300,"medium-height":300,"medium_large":"https:\/\/growingpaper.com\/wp-content\/uploads\/2025\/02\/4.-Square-Big-Proportion-768x768.png","medium_large-width":768,"medium_large-height":768,"large":"https:\/\/growingpaper.com\/wp-content\/uploads\/2025\/02\/4.-Square-Big-Proportion.png","large-width":1000,"large-height":1000,"1536x1536":"https:\/\/growingpaper.com\/wp-content\/uploads\/2025\/02\/4.-Square-Big-Proportion.png","1536x1536-width":1000,"1536x1536-height":1000,"2048x2048":"https:\/\/growingpaper.com\/wp-content\/uploads\/2025\/02\/4.-Square-Big-Proportion.png","2048x2048-width":1000,"2048x2048-height":1000,"wizard-product-option":"https:\/\/growingpaper.com\/wp-content\/uploads\/2025\/02\/4.-Square-Big-Proportion-111x142.png","wizard-product-option-width":111,"wizard-product-option-height":142,"100px-img-thumbnail":"https:\/\/growingpaper.com\/wp-content\/uploads\/2025\/02\/4.-Square-Big-Proportion-100x100.png","100px-img-thumbnail-width":100,"100px-img-thumbnail-height":100,"400px-img-thumbnail":"https:\/\/growingpaper.com\/wp-content\/uploads\/2025\/02\/4.-Square-Big-Proportion-400x400.png","400px-img-thumbnail-width":400,"400px-img-thumbnail-height":400,"500px-img-thumbnail":"https:\/\/growingpaper.com\/wp-content\/uploads\/2025\/02\/4.-Square-Big-Proportion-500x500.png","500px-img-thumbnail-width":500,"500px-img-thumbnail-height":500,"600px-img-thumbnail":"https:\/\/growingpaper.com\/wp-content\/uploads\/2025\/02\/4.-Square-Big-Proportion-600x600.png","600px-img-thumbnail-width":600,"600px-img-thumbnail-height":600,"1080px-img-thumbnail":"https:\/\/growingpaper.com\/wp-content\/uploads\/2025\/02\/4.-Square-Big-Proportion.png","1080px-img-thumbnail-width":1000,"1080px-img-thumbnail-height":1000,"gform-image-choice-sm":"https:\/\/growingpaper.com\/wp-content\/uploads\/2025\/02\/4.-Square-Big-Proportion.png","gform-image-choice-sm-width":300,"gform-image-choice-sm-height":300,"gform-image-choice-md":"https:\/\/growingpaper.com\/wp-content\/uploads\/2025\/02\/4.-Square-Big-Proportion.png","gform-image-choice-md-width":400,"gform-image-choice-md-height":400,"gform-image-choice-lg":"https:\/\/growingpaper.com\/wp-content\/uploads\/2025\/02\/4.-Square-Big-Proportion.png","gform-image-choice-lg-width":600,"gform-image-choice-lg-height":600,"woocommerce_thumbnail":"https:\/\/growingpaper.com\/wp-content\/uploads\/2025\/02\/4.-Square-Big-Proportion-300x300.png","woocommerce_thumbnail-width":300,"woocommerce_thumbnail-height":300,"woocommerce_single":"https:\/\/growingpaper.com\/wp-content\/uploads\/2025\/02\/4.-Square-Big-Proportion-600x600.png","woocommerce_single-width":600,"woocommerce_single-height":600,"woocommerce_gallery_thumbnail":"https:\/\/growingpaper.com\/wp-content\/uploads\/2025\/02\/4.-Square-Big-Proportion-100x100.png","woocommerce_gallery_thumbnail-width":100,"woocommerce_gallery_thumbnail-height":100}},"alt":""}],"papertype":[],"section_info_box_content":"<ul>\n<li><strong>B: 130 mm, H: 130 mm (Quadratisch)<\/strong><\/li>\n<li>Ideal f\u00fcr quadratische Einladungen, Werbekarten oder Gru\u00dfkarten<\/li>\n<\/ul>\n"}],"printing_options":false,"product_ribbon_text_custom":"","priority":""},"_links":{"self":[{"href":"https:\/\/growingpaper.com\/de\/wp-json\/wp\/v2\/product\/11537","targetHints":{"allow":["GET"]}}],"collection":[{"href":"https:\/\/growingpaper.com\/de\/wp-json\/wp\/v2\/product"}],"about":[{"href":"https:\/\/growingpaper.com\/de\/wp-json\/wp\/v2\/types\/product"}],"replies":[{"embeddable":true,"href":"https:\/\/growingpaper.com\/de\/wp-json\/wp\/v2\/comments?post=11537"}],"version-history":[{"count":6,"href":"https:\/\/growingpaper.com\/de\/wp-json\/wp\/v2\/product\/11537\/revisions"}],"predecessor-version":[{"id":17066,"href":"https:\/\/growingpaper.com\/de\/wp-json\/wp\/v2\/product\/11537\/revisions\/17066"}],"wp:featuredmedia":[{"embeddable":true,"href":"https:\/\/growingpaper.com\/de\/wp-json\/wp\/v2\/media\/11027"}],"wp:attachment":[{"href":"https:\/\/growingpaper.com\/de\/wp-json\/wp\/v2\/media?parent=11537"}],"wp:term":[{"taxonomy":"product_brand","embeddable":true,"href":"https:\/\/growingpaper.com\/de\/wp-json\/wp\/v2\/product_brand?post=11537"},{"taxonomy":"product_cat","embeddable":true,"href":"https:\/\/growingpaper.com\/de\/wp-json\/wp\/v2\/product_cat?post=11537"},{"taxonomy":"product_tag","embeddable":true,"href":"https:\/\/growingpaper.com\/de\/wp-json\/wp\/v2\/product_tag?post=11537"}],"curies":[{"name":"wp","href":"https:\/\/api.w.org\/{rel}","templated":true}]}}