{"id":13273,"date":"2025-11-25T14:19:56","date_gmt":"2025-11-25T13:19:56","guid":{"rendered":"https:\/\/growingpaper.com\/?post_type=product&#038;p=13273"},"modified":"2025-11-25T14:19:57","modified_gmt":"2025-11-25T13:19:57","slug":"weihnachtskarte-weihnachtshaeuser","status":"publish","type":"product","link":"https:\/\/growingpaper.com\/de\/product\/weihnachtskarte-weihnachtshaeuser","title":{"rendered":"Weihnachtskarte &#8220;Weihnachtsh\u00e4user&#8221;"},"content":{"rendered":"<p data-start=\"0\" data-end=\"14\"><strong>Produktdetails<\/strong><\/p>\n<ul>\n<li data-start=\"16\" data-end=\"205\"><strong>Karte<\/strong>: 1 pflanzbare Samenpapier-Karte<\/li>\n<li data-start=\"16\" data-end=\"205\"><strong>Format<\/strong>: A6 (105 \u00d7 148 mm)<\/li>\n<li data-start=\"16\" data-end=\"205\"><strong>Papier<\/strong>: 250 g\/m\u00b2 Samenpapier<\/li>\n<li data-start=\"16\" data-end=\"205\"><strong>Samen<\/strong>: Blumenmix<\/li>\n<li data-start=\"16\" data-end=\"205\"><strong>Briefumschlag<\/strong>: 1 Briefmschlag aus Kraftpapier (100 % recycelt, FSC-zertifiziert)<\/li>\n<\/ul>\n<p data-start=\"207\" data-end=\"252\" data-is-last-node=\"\" data-is-only-node=\"\"><strong>\u00a9 2024 Growingpaper. Alle Rechte vorbehalten.<\/strong><\/p>\n","protected":false},"excerpt":{"rendered":"<p data-start=\"0\" data-end=\"25\"><strong>Warum du sie lieben wirst<\/strong><\/p>\n<p data-start=\"27\" data-end=\"216\"><strong>\u2714 Pflanzbar und biologisch abbaubar\u00a0<\/strong>&#8211; W\u00e4chst zu Blumen statt zu Abfall<br data-start=\"98\" data-end=\"101\" \/><strong>\u2714 Nachhaltige Materialien\u00a0<\/strong>&#8211; Aus 100 % Recyclingpapier<br data-start=\"155\" data-end=\"158\" data-is-only-node=\"\" \/><strong>\u2714 Umweltfreundlicher Druck<\/strong>\u00a0&#8211; Mit umweltfreundlicher Tinte<\/p>\n<p data-start=\"218\" data-end=\"381\" data-is-last-node=\"\" data-is-only-node=\"\"><strong>Eine Karte, die weitergibt<\/strong>. Pflanze sie einfach im Garten oder im Topf ein, gie\u00dfe sie und sieh zu, wie Blumen bl\u00fchen&#8230; ein kleines St\u00fcck Liebe und Nachhaltigkeit.<\/p>\n","protected":false},"featured_media":13278,"comment_status":"open","ping_status":"closed","template":"","meta":{"_acf_changed":false,"inline_featured_image":false,"footnotes":""},"product_brand":[],"product_cat":[164,167,168,172,173],"product_tag":[],"class_list":{"0":"post-13273","1":"product","2":"type-product","3":"status-publish","4":"has-post-thumbnail","6":"product_cat-karten","7":"product_cat-geschaftliche-karten","8":"product_cat-neujahrskarten","9":"product_cat-feiertagskarten","10":"product_cat-weihnachtskarten","12":"first","13":"instock","14":"taxable","15":"shipping-taxable","16":"purchasable","17":"product-type-simple"},"acf":{"product_design_file":13195},"yoast_head":"<!-- This site is optimized with the Yoast SEO plugin v27.2 - https:\/\/yoast.com\/product\/yoast-seo-wordpress\/ -->\n<title>Weihnachtskarte &quot;Weihnachtsh\u00e4user&quot; - Growingpaper<\/title>\n<meta name=\"description\" content=\"Eine Karte, die weitergibt. Eine Weihnachtskarte mit Weihnachtsh\u00e4user. Pflanze sie ein und lass deine Botschaft weiterwachsen.\" \/>\n<meta name=\"robots\" content=\"index, follow, max-snippet:-1, max-image-preview:large, max-video-preview:-1\" \/>\n<link rel=\"canonical\" href=\"https:\/\/growingpaper.com\/de\/product\/weihnachtskarte-weihnachtshaeuser\" \/>\n<meta property=\"og:locale\" content=\"de_DE\" \/>\n<meta property=\"og:type\" content=\"article\" \/>\n<meta property=\"og:title\" content=\"Weihnachtskarte &quot;Weihnachtsh\u00e4user&quot; - Growingpaper\" \/>\n<meta property=\"og:description\" content=\"Eine Karte, die weitergibt. Eine Weihnachtskarte mit Weihnachtsh\u00e4user. Pflanze sie ein und lass deine Botschaft weiterwachsen.\" \/>\n<meta property=\"og:url\" content=\"https:\/\/growingpaper.com\/de\/product\/weihnachtskarte-weihnachtshaeuser\" \/>\n<meta property=\"og:site_name\" content=\"Growingpaper\" \/>\n<meta property=\"article:publisher\" content=\"https:\/\/www.facebook.com\/growingpaper\" \/>\n<meta property=\"article:modified_time\" content=\"2025-11-25T13:19:57+00:00\" \/>\n<meta property=\"og:image\" content=\"https:\/\/growingpaper.com\/wp-content\/uploads\/2025\/11\/du-weihnachtshauser-mood.png\" \/>\n\t<meta property=\"og:image:width\" content=\"1000\" \/>\n\t<meta property=\"og:image:height\" content=\"1000\" \/>\n\t<meta property=\"og:image:type\" content=\"image\/png\" \/>\n<meta name=\"twitter:card\" content=\"summary_large_image\" \/>\n<meta name=\"twitter:label1\" content=\"Gesch\u00e4tzte Lesezeit\" \/>\n\t<meta name=\"twitter:data1\" content=\"1\u00a0Minute\" \/>\n<script type=\"application\/ld+json\" class=\"yoast-schema-graph\">{\"@context\":\"https:\/\/schema.org\",\"@graph\":[{\"@type\":\"WebPage\",\"@id\":\"https:\/\/growingpaper.com\/de\/product\/weihnachtskarte-weihnachtshaeuser\",\"url\":\"https:\/\/growingpaper.com\/de\/product\/weihnachtskarte-weihnachtshaeuser\",\"name\":\"Weihnachtskarte \\\"Weihnachtsh\u00e4user\\\" - Growingpaper\",\"isPartOf\":{\"@id\":\"https:\/\/growingpaper.com\/de#website\"},\"primaryImageOfPage\":{\"@id\":\"https:\/\/growingpaper.com\/de\/product\/weihnachtskarte-weihnachtshaeuser#primaryimage\"},\"image\":{\"@id\":\"https:\/\/growingpaper.com\/de\/product\/weihnachtskarte-weihnachtshaeuser#primaryimage\"},\"thumbnailUrl\":\"https:\/\/growingpaper.com\/wp-content\/uploads\/2025\/11\/du-weihnachtshauser-mood.png\",\"datePublished\":\"2025-11-25T13:19:56+00:00\",\"dateModified\":\"2025-11-25T13:19:57+00:00\",\"description\":\"Eine Karte, die weitergibt. Eine Weihnachtskarte mit Weihnachtsh\u00e4user. Pflanze sie ein und lass deine Botschaft weiterwachsen.\",\"breadcrumb\":{\"@id\":\"https:\/\/growingpaper.com\/de\/product\/weihnachtskarte-weihnachtshaeuser#breadcrumb\"},\"inLanguage\":\"de\",\"potentialAction\":[{\"@type\":\"ReadAction\",\"target\":[\"https:\/\/growingpaper.com\/de\/product\/weihnachtskarte-weihnachtshaeuser\"]}]},{\"@type\":\"ImageObject\",\"inLanguage\":\"de\",\"@id\":\"https:\/\/growingpaper.com\/de\/product\/weihnachtskarte-weihnachtshaeuser#primaryimage\",\"url\":\"https:\/\/growingpaper.com\/wp-content\/uploads\/2025\/11\/du-weihnachtshauser-mood.png\",\"contentUrl\":\"https:\/\/growingpaper.com\/wp-content\/uploads\/2025\/11\/du-weihnachtshauser-mood.png\",\"width\":1000,\"height\":1000},{\"@type\":\"BreadcrumbList\",\"@id\":\"https:\/\/growingpaper.com\/de\/product\/weihnachtskarte-weihnachtshaeuser#breadcrumb\",\"itemListElement\":[{\"@type\":\"ListItem\",\"position\":1,\"name\":\"Home\",\"item\":\"https:\/\/growingpaper.com\/de\"},{\"@type\":\"ListItem\",\"position\":2,\"name\":\"Shop\",\"item\":\"https:\/\/growingpaper.com\/de\/shop\"},{\"@type\":\"ListItem\",\"position\":3,\"name\":\"Weihnachtskarte &#8220;Weihnachtsh\u00e4user&#8221;\"}]},{\"@type\":\"WebSite\",\"@id\":\"https:\/\/growingpaper.com\/de#website\",\"url\":\"https:\/\/growingpaper.com\/de\",\"name\":\"Growingpaper\",\"description\":\"Duurzaam printen op groeipapier van Growingpaper\",\"publisher\":{\"@id\":\"https:\/\/growingpaper.com\/de#organization\"},\"potentialAction\":[{\"@type\":\"SearchAction\",\"target\":{\"@type\":\"EntryPoint\",\"urlTemplate\":\"https:\/\/growingpaper.com\/de?s={search_term_string}\"},\"query-input\":{\"@type\":\"PropertyValueSpecification\",\"valueRequired\":true,\"valueName\":\"search_term_string\"}}],\"inLanguage\":\"de\"},{\"@type\":\"Organization\",\"@id\":\"https:\/\/growingpaper.com\/de#organization\",\"name\":\"Growingpaper\",\"url\":\"https:\/\/growingpaper.com\/de\",\"logo\":{\"@type\":\"ImageObject\",\"inLanguage\":\"de\",\"@id\":\"https:\/\/growingpaper.com\/de#\/schema\/logo\/image\/\",\"url\":\"https:\/\/growingpaper.com\/wp-content\/uploads\/2025\/11\/growingpaper-yoast-logo.png\",\"contentUrl\":\"https:\/\/growingpaper.com\/wp-content\/uploads\/2025\/11\/growingpaper-yoast-logo.png\",\"width\":696,\"height\":696,\"caption\":\"Growingpaper\"},\"image\":{\"@id\":\"https:\/\/growingpaper.com\/de#\/schema\/logo\/image\/\"},\"sameAs\":[\"https:\/\/www.facebook.com\/growingpaper\",\"https:\/\/www.instagram.com\/growingpaper_nl\/\",\"https:\/\/www.linkedin.com\/company\/growingpaper\/\"]}]}<\/script>\n<!-- \/ Yoast SEO plugin. -->","yoast_head_json":{"title":"Weihnachtskarte \"Weihnachtsh\u00e4user\" - Growingpaper","description":"Eine Karte, die weitergibt. Eine Weihnachtskarte mit Weihnachtsh\u00e4user. Pflanze sie ein und lass deine Botschaft weiterwachsen.","robots":{"index":"index","follow":"follow","max-snippet":"max-snippet:-1","max-image-preview":"max-image-preview:large","max-video-preview":"max-video-preview:-1"},"canonical":"https:\/\/growingpaper.com\/de\/product\/weihnachtskarte-weihnachtshaeuser","og_locale":"de_DE","og_type":"article","og_title":"Weihnachtskarte \"Weihnachtsh\u00e4user\" - Growingpaper","og_description":"Eine Karte, die weitergibt. Eine Weihnachtskarte mit Weihnachtsh\u00e4user. Pflanze sie ein und lass deine Botschaft weiterwachsen.","og_url":"https:\/\/growingpaper.com\/de\/product\/weihnachtskarte-weihnachtshaeuser","og_site_name":"Growingpaper","article_publisher":"https:\/\/www.facebook.com\/growingpaper","article_modified_time":"2025-11-25T13:19:57+00:00","og_image":[{"width":1000,"height":1000,"url":"https:\/\/growingpaper.com\/wp-content\/uploads\/2025\/11\/du-weihnachtshauser-mood.png","type":"image\/png"}],"twitter_card":"summary_large_image","twitter_misc":{"Gesch\u00e4tzte Lesezeit":"1\u00a0Minute"},"schema":{"@context":"https:\/\/schema.org","@graph":[{"@type":"WebPage","@id":"https:\/\/growingpaper.com\/de\/product\/weihnachtskarte-weihnachtshaeuser","url":"https:\/\/growingpaper.com\/de\/product\/weihnachtskarte-weihnachtshaeuser","name":"Weihnachtskarte \"Weihnachtsh\u00e4user\" - Growingpaper","isPartOf":{"@id":"https:\/\/growingpaper.com\/de#website"},"primaryImageOfPage":{"@id":"https:\/\/growingpaper.com\/de\/product\/weihnachtskarte-weihnachtshaeuser#primaryimage"},"image":{"@id":"https:\/\/growingpaper.com\/de\/product\/weihnachtskarte-weihnachtshaeuser#primaryimage"},"thumbnailUrl":"https:\/\/growingpaper.com\/wp-content\/uploads\/2025\/11\/du-weihnachtshauser-mood.png","datePublished":"2025-11-25T13:19:56+00:00","dateModified":"2025-11-25T13:19:57+00:00","description":"Eine Karte, die weitergibt. Eine Weihnachtskarte mit Weihnachtsh\u00e4user. Pflanze sie ein und lass deine Botschaft weiterwachsen.","breadcrumb":{"@id":"https:\/\/growingpaper.com\/de\/product\/weihnachtskarte-weihnachtshaeuser#breadcrumb"},"inLanguage":"de","potentialAction":[{"@type":"ReadAction","target":["https:\/\/growingpaper.com\/de\/product\/weihnachtskarte-weihnachtshaeuser"]}]},{"@type":"ImageObject","inLanguage":"de","@id":"https:\/\/growingpaper.com\/de\/product\/weihnachtskarte-weihnachtshaeuser#primaryimage","url":"https:\/\/growingpaper.com\/wp-content\/uploads\/2025\/11\/du-weihnachtshauser-mood.png","contentUrl":"https:\/\/growingpaper.com\/wp-content\/uploads\/2025\/11\/du-weihnachtshauser-mood.png","width":1000,"height":1000},{"@type":"BreadcrumbList","@id":"https:\/\/growingpaper.com\/de\/product\/weihnachtskarte-weihnachtshaeuser#breadcrumb","itemListElement":[{"@type":"ListItem","position":1,"name":"Home","item":"https:\/\/growingpaper.com\/de"},{"@type":"ListItem","position":2,"name":"Shop","item":"https:\/\/growingpaper.com\/de\/shop"},{"@type":"ListItem","position":3,"name":"Weihnachtskarte &#8220;Weihnachtsh\u00e4user&#8221;"}]},{"@type":"WebSite","@id":"https:\/\/growingpaper.com\/de#website","url":"https:\/\/growingpaper.com\/de","name":"Growingpaper","description":"Duurzaam printen op groeipapier van Growingpaper","publisher":{"@id":"https:\/\/growingpaper.com\/de#organization"},"potentialAction":[{"@type":"SearchAction","target":{"@type":"EntryPoint","urlTemplate":"https:\/\/growingpaper.com\/de?s={search_term_string}"},"query-input":{"@type":"PropertyValueSpecification","valueRequired":true,"valueName":"search_term_string"}}],"inLanguage":"de"},{"@type":"Organization","@id":"https:\/\/growingpaper.com\/de#organization","name":"Growingpaper","url":"https:\/\/growingpaper.com\/de","logo":{"@type":"ImageObject","inLanguage":"de","@id":"https:\/\/growingpaper.com\/de#\/schema\/logo\/image\/","url":"https:\/\/growingpaper.com\/wp-content\/uploads\/2025\/11\/growingpaper-yoast-logo.png","contentUrl":"https:\/\/growingpaper.com\/wp-content\/uploads\/2025\/11\/growingpaper-yoast-logo.png","width":696,"height":696,"caption":"Growingpaper"},"image":{"@id":"https:\/\/growingpaper.com\/de#\/schema\/logo\/image\/"},"sameAs":["https:\/\/www.facebook.com\/growingpaper","https:\/\/www.instagram.com\/growingpaper_nl\/","https:\/\/www.linkedin.com\/company\/growingpaper\/"]}]}},"acf_fields":{"product_design_file":{"ID":13195,"id":13195,"title":"PC-XM-2025-04-110-A6-DE_(A4p)Imposed","filename":"PC-XM-2025-04-110-A6-DE_A4pImposed.pdf","filesize":387203,"url":"https:\/\/growingpaper.com\/wp-content\/uploads\/2025\/11\/PC-XM-2025-04-110-A6-DE_A4pImposed.pdf","link":"https:\/\/growingpaper.com\/de?attachment_id=13195","alt":"","author":"6","description":"Weihnachtskarte Weihachtshauser DE","caption":"","name":"pc-xm-2025-04-110-a6-de_a4pimposed","status":"inherit","uploaded_to":13086,"date":"2025-11-25 12:49:24","modified":"2025-11-25 13:17:12","menu_order":0,"mime_type":"application\/pdf","type":"application","subtype":"pdf","icon":"https:\/\/growingpaper.com\/wp-includes\/images\/media\/document.png"},"factor_pricing_table":false,"product_ribbon_text":"No Ribbon","product_ribbon_text_custom":"","product_ribbon_position":"Left","minimum_product_quantity":"1"},"_links":{"self":[{"href":"https:\/\/growingpaper.com\/de\/wp-json\/wp\/v2\/product\/13273","targetHints":{"allow":["GET"]}}],"collection":[{"href":"https:\/\/growingpaper.com\/de\/wp-json\/wp\/v2\/product"}],"about":[{"href":"https:\/\/growingpaper.com\/de\/wp-json\/wp\/v2\/types\/product"}],"replies":[{"embeddable":true,"href":"https:\/\/growingpaper.com\/de\/wp-json\/wp\/v2\/comments?post=13273"}],"version-history":[{"count":1,"href":"https:\/\/growingpaper.com\/de\/wp-json\/wp\/v2\/product\/13273\/revisions"}],"predecessor-version":[{"id":13290,"href":"https:\/\/growingpaper.com\/de\/wp-json\/wp\/v2\/product\/13273\/revisions\/13290"}],"wp:featuredmedia":[{"embeddable":true,"href":"https:\/\/growingpaper.com\/de\/wp-json\/wp\/v2\/media\/13278"}],"wp:attachment":[{"href":"https:\/\/growingpaper.com\/de\/wp-json\/wp\/v2\/media?parent=13273"}],"wp:term":[{"taxonomy":"product_brand","embeddable":true,"href":"https:\/\/growingpaper.com\/de\/wp-json\/wp\/v2\/product_brand?post=13273"},{"taxonomy":"product_cat","embeddable":true,"href":"https:\/\/growingpaper.com\/de\/wp-json\/wp\/v2\/product_cat?post=13273"},{"taxonomy":"product_tag","embeddable":true,"href":"https:\/\/growingpaper.com\/de\/wp-json\/wp\/v2\/product_tag?post=13273"}],"curies":[{"name":"wp","href":"https:\/\/api.w.org\/{rel}","templated":true}]}}