{"id":7530,"date":"2025-03-12T12:51:36","date_gmt":"2025-03-12T11:51:36","guid":{"rendered":"https:\/\/growingpaper.com\/product\/individuell-gestaltete-samenpapier-weihnachtskarten\/"},"modified":"2026-03-11T12:41:35","modified_gmt":"2026-03-11T11:41:35","slug":"individuell-gestaltete-samenpapier-weihnachtskarten","status":"publish","type":"product","link":"https:\/\/growingpaper.com\/de\/product\/individuell-gestaltete-samenpapier-weihnachtskarten","title":{"rendered":"Weihnachtskarten"},"content":{"rendered":"<p data-start=\"68\" data-end=\"106\"><strong data-start=\"68\" data-end=\"106\">Weihnachtsgr\u00fc\u00dfe, die weiterwachsen<\/strong><\/p>\n<p data-start=\"108\" data-end=\"468\">Unsere individuell gestaltbaren Weihnachtskarten aus Samenpapier sind eine festliche und nachhaltige M\u00f6glichkeit, Freude zu verschenken. Gedruckt auf biologisch abbaubarem Papier mit echten Samen, lassen sich die Karten einpflanzen \u2013 und wachsen zu Wildblumen, Kr\u00e4utern oder Gr\u00fcnpflanzen heran. So werden eure herzlichen W\u00fcnsche zu einer bleibenden Erinnerung.<\/p>\n<p data-start=\"470\" data-end=\"603\">Ideal f\u00fcr Unternehmen, Agenturen oder Privatpersonen, die sinnvolle Botschaften mit einem positiven Umwelteinfluss verbinden m\u00f6chten.<\/p>\n<p data-start=\"605\" data-end=\"791\">\u2714 Mit Logo, Botschaft oder weihnachtlichem Design personalisierbar<br data-start=\"671\" data-end=\"674\" \/>\u2714 Erh\u00e4ltlich in verschiedenen Formaten und Gr\u00f6\u00dfen<br data-start=\"723\" data-end=\"726\" \/>\u2714 100\u202f% kompostierbar und handgefertigt aus recyceltem Material<\/p>\n<p data-start=\"793\" data-end=\"885\">Jede Karte wird zu einem bl\u00fchenden Symbol eurer Werte \u2013 weit \u00fcber die Feiertage hinaus. \ud83c\udf84\ud83c\udf31<\/p>\n<p data-start=\"887\" data-end=\"1115\" data-is-last-node=\"\" data-is-only-node=\"\"><strong data-start=\"887\" data-end=\"912\">Bereit f\u00fcr den Druck?<\/strong><br data-start=\"912\" data-end=\"915\" \/>F\u00fcr optimale Ergebnisse nutzt am besten unsere Gestaltungsrichtlinien und kostenlosen Vorlagen \u2013 so sehen eure Weihnachtskarten nicht nur wundersch\u00f6n aus, sondern bleiben auch rundum umweltfreundlich.<\/p>\n<p data-start=\"887\" data-end=\"1115\" data-is-last-node=\"\" data-is-only-node=\"\"><strong>Druckdatei hochladen<\/strong>: Diese kannst du ganz einfach im Checkout hochladen, sobald du deine Bestellung abschlie\u00dft.<\/p>\n","protected":false},"excerpt":{"rendered":"<p data-start=\"64\" data-end=\"105\"><strong data-start=\"64\" data-end=\"105\">Ein festlicher Gru\u00df, der weiterw\u00e4chst<\/strong><\/p>\n<p data-start=\"107\" data-end=\"467\">Weihnachtskarten aus Samenpapier sind eine fr\u00f6hliche und nachhaltige Art, eure Festtagsgr\u00fc\u00dfe zu \u00fcberbringen. Hergestellt aus recyceltem Papier mit eingearbeiteten Samen, lassen sich die Karten einpflanzen \u2013 und wachsen zu Wildblumen, Kr\u00e4utern oder anderen Pflanzen heran. So wird eure Botschaft zu etwas Sch\u00f6nem, das weit \u00fcber die Feiertage hinaus Bestand hat.<\/p>\n<p data-start=\"469\" data-end=\"759\">Mit eurem eigenen Design, Text oder Logo gestaltet, wird jede Karte zu einem pers\u00f6nlichen Gru\u00df, der eure Weihnachtsstimmung und Werte widerspiegelt. Ob f\u00fcr Freunde, Familie oder Gesch\u00e4ftspartner \u2013 unsere Samenpapierkarten kombinieren herzliche Worte mit einem bl\u00fchenden \u00dcberraschungseffekt.<\/p>\n<p data-start=\"761\" data-end=\"868\" data-is-last-node=\"\" data-is-only-node=\"\">Feiert die Weihnachtszeit mit einer Botschaft, die von Herzen kommt, festlich ist \u2013 und gut f\u00fcr die Umwelt.<\/p>\n","protected":false},"featured_media":11635,"comment_status":"open","ping_status":"closed","template":"","meta":{"_acf_changed":false,"inline_featured_image":false,"footnotes":""},"product_brand":[],"product_cat":[142,143,193],"product_tag":[],"class_list":{"0":"post-7530","1":"product","2":"type-product","3":"status-publish","4":"has-post-thumbnail","6":"product_cat-individuell-gestaltete-produkte-de","7":"product_cat-individuelle-karten","8":"product_cat-weihnachtsprodukte","10":"first","11":"instock","12":"taxable","13":"shipping-taxable","14":"purchasable","15":"product-type-simple"},"acf":{"product_design_file":""},"yoast_head":"<!-- This site is optimized with the Yoast SEO plugin v27.2 - https:\/\/yoast.com\/product\/yoast-seo-wordpress\/ -->\n<title>Weihnachtskarten - Growingpaper<\/title>\n<meta name=\"description\" content=\"Versendet festliche Gr\u00fc\u00dfe, die weiterwachsen \u2013 mit individuell gestaltbaren Weihnachtskarten aus Samenpapier. Pflanzbar und die perfekte M\u00f6glichkeit, nachhaltige Weihnachtsfreude zu verschenken.\" \/>\n<meta name=\"robots\" content=\"index, follow, max-snippet:-1, max-image-preview:large, max-video-preview:-1\" \/>\n<link rel=\"canonical\" href=\"https:\/\/growingpaper.com\/de\/product\/individuell-gestaltete-samenpapier-weihnachtskarten\" \/>\n<meta property=\"og:locale\" content=\"de_DE\" \/>\n<meta property=\"og:type\" content=\"article\" \/>\n<meta property=\"og:title\" content=\"Weihnachtskarten - Growingpaper\" \/>\n<meta property=\"og:description\" content=\"Versendet festliche Gr\u00fc\u00dfe, die weiterwachsen \u2013 mit individuell gestaltbaren Weihnachtskarten aus Samenpapier. Pflanzbar und die perfekte M\u00f6glichkeit, nachhaltige Weihnachtsfreude zu verschenken.\" \/>\n<meta property=\"og:url\" content=\"https:\/\/growingpaper.com\/de\/product\/individuell-gestaltete-samenpapier-weihnachtskarten\" \/>\n<meta property=\"og:site_name\" content=\"Growingpaper\" \/>\n<meta property=\"article:publisher\" content=\"https:\/\/www.facebook.com\/growingpaper\" \/>\n<meta property=\"article:modified_time\" content=\"2026-03-11T11:41:35+00:00\" \/>\n<meta property=\"og:image\" content=\"https:\/\/growingpaper.com\/wp-content\/uploads\/2025\/03\/Christmas-cards.png\" \/>\n\t<meta property=\"og:image:width\" content=\"1080\" \/>\n\t<meta property=\"og:image:height\" content=\"1080\" \/>\n\t<meta property=\"og:image:type\" content=\"image\/png\" \/>\n<meta name=\"twitter:card\" content=\"summary_large_image\" \/>\n<meta name=\"twitter:label1\" content=\"Gesch\u00e4tzte Lesezeit\" \/>\n\t<meta name=\"twitter:data1\" content=\"1\u00a0Minute\" \/>\n<script type=\"application\/ld+json\" class=\"yoast-schema-graph\">{\"@context\":\"https:\/\/schema.org\",\"@graph\":[{\"@type\":\"WebPage\",\"@id\":\"https:\/\/growingpaper.com\/de\/product\/individuell-gestaltete-samenpapier-weihnachtskarten\",\"url\":\"https:\/\/growingpaper.com\/de\/product\/individuell-gestaltete-samenpapier-weihnachtskarten\",\"name\":\"Weihnachtskarten - Growingpaper\",\"isPartOf\":{\"@id\":\"https:\/\/growingpaper.com\/de#website\"},\"primaryImageOfPage\":{\"@id\":\"https:\/\/growingpaper.com\/de\/product\/individuell-gestaltete-samenpapier-weihnachtskarten#primaryimage\"},\"image\":{\"@id\":\"https:\/\/growingpaper.com\/de\/product\/individuell-gestaltete-samenpapier-weihnachtskarten#primaryimage\"},\"thumbnailUrl\":\"https:\/\/growingpaper.com\/wp-content\/uploads\/2025\/03\/Christmas-cards.png\",\"datePublished\":\"2025-03-12T11:51:36+00:00\",\"dateModified\":\"2026-03-11T11:41:35+00:00\",\"description\":\"Versendet festliche Gr\u00fc\u00dfe, die weiterwachsen \u2013 mit individuell gestaltbaren Weihnachtskarten aus Samenpapier. Pflanzbar und die perfekte M\u00f6glichkeit, nachhaltige Weihnachtsfreude zu verschenken.\",\"breadcrumb\":{\"@id\":\"https:\/\/growingpaper.com\/de\/product\/individuell-gestaltete-samenpapier-weihnachtskarten#breadcrumb\"},\"inLanguage\":\"de\",\"potentialAction\":[{\"@type\":\"ReadAction\",\"target\":[\"https:\/\/growingpaper.com\/de\/product\/individuell-gestaltete-samenpapier-weihnachtskarten\"]}]},{\"@type\":\"ImageObject\",\"inLanguage\":\"de\",\"@id\":\"https:\/\/growingpaper.com\/de\/product\/individuell-gestaltete-samenpapier-weihnachtskarten#primaryimage\",\"url\":\"https:\/\/growingpaper.com\/wp-content\/uploads\/2025\/03\/Christmas-cards.png\",\"contentUrl\":\"https:\/\/growingpaper.com\/wp-content\/uploads\/2025\/03\/Christmas-cards.png\",\"width\":1080,\"height\":1080},{\"@type\":\"BreadcrumbList\",\"@id\":\"https:\/\/growingpaper.com\/de\/product\/individuell-gestaltete-samenpapier-weihnachtskarten#breadcrumb\",\"itemListElement\":[{\"@type\":\"ListItem\",\"position\":1,\"name\":\"Home\",\"item\":\"https:\/\/growingpaper.com\/de\"},{\"@type\":\"ListItem\",\"position\":2,\"name\":\"Shop\",\"item\":\"https:\/\/growingpaper.com\/de\/shop\"},{\"@type\":\"ListItem\",\"position\":3,\"name\":\"Weihnachtskarten\"}]},{\"@type\":\"WebSite\",\"@id\":\"https:\/\/growingpaper.com\/de#website\",\"url\":\"https:\/\/growingpaper.com\/de\",\"name\":\"Growingpaper\",\"description\":\"Duurzaam printen op groeipapier van Growingpaper\",\"publisher\":{\"@id\":\"https:\/\/growingpaper.com\/de#organization\"},\"potentialAction\":[{\"@type\":\"SearchAction\",\"target\":{\"@type\":\"EntryPoint\",\"urlTemplate\":\"https:\/\/growingpaper.com\/de?s={search_term_string}\"},\"query-input\":{\"@type\":\"PropertyValueSpecification\",\"valueRequired\":true,\"valueName\":\"search_term_string\"}}],\"inLanguage\":\"de\"},{\"@type\":\"Organization\",\"@id\":\"https:\/\/growingpaper.com\/de#organization\",\"name\":\"Growingpaper\",\"url\":\"https:\/\/growingpaper.com\/de\",\"logo\":{\"@type\":\"ImageObject\",\"inLanguage\":\"de\",\"@id\":\"https:\/\/growingpaper.com\/de#\/schema\/logo\/image\/\",\"url\":\"https:\/\/growingpaper.com\/wp-content\/uploads\/2025\/11\/growingpaper-yoast-logo.png\",\"contentUrl\":\"https:\/\/growingpaper.com\/wp-content\/uploads\/2025\/11\/growingpaper-yoast-logo.png\",\"width\":696,\"height\":696,\"caption\":\"Growingpaper\"},\"image\":{\"@id\":\"https:\/\/growingpaper.com\/de#\/schema\/logo\/image\/\"},\"sameAs\":[\"https:\/\/www.facebook.com\/growingpaper\",\"https:\/\/www.instagram.com\/growingpaper_nl\/\",\"https:\/\/www.linkedin.com\/company\/growingpaper\/\"]}]}<\/script>\n<!-- \/ Yoast SEO plugin. -->","yoast_head_json":{"title":"Weihnachtskarten - Growingpaper","description":"Versendet festliche Gr\u00fc\u00dfe, die weiterwachsen \u2013 mit individuell gestaltbaren Weihnachtskarten aus Samenpapier. Pflanzbar und die perfekte M\u00f6glichkeit, nachhaltige Weihnachtsfreude zu verschenken.","robots":{"index":"index","follow":"follow","max-snippet":"max-snippet:-1","max-image-preview":"max-image-preview:large","max-video-preview":"max-video-preview:-1"},"canonical":"https:\/\/growingpaper.com\/de\/product\/individuell-gestaltete-samenpapier-weihnachtskarten","og_locale":"de_DE","og_type":"article","og_title":"Weihnachtskarten - Growingpaper","og_description":"Versendet festliche Gr\u00fc\u00dfe, die weiterwachsen \u2013 mit individuell gestaltbaren Weihnachtskarten aus Samenpapier. Pflanzbar und die perfekte M\u00f6glichkeit, nachhaltige Weihnachtsfreude zu verschenken.","og_url":"https:\/\/growingpaper.com\/de\/product\/individuell-gestaltete-samenpapier-weihnachtskarten","og_site_name":"Growingpaper","article_publisher":"https:\/\/www.facebook.com\/growingpaper","article_modified_time":"2026-03-11T11:41:35+00:00","og_image":[{"width":1080,"height":1080,"url":"https:\/\/growingpaper.com\/wp-content\/uploads\/2025\/03\/Christmas-cards.png","type":"image\/png"}],"twitter_card":"summary_large_image","twitter_misc":{"Gesch\u00e4tzte Lesezeit":"1\u00a0Minute"},"schema":{"@context":"https:\/\/schema.org","@graph":[{"@type":"WebPage","@id":"https:\/\/growingpaper.com\/de\/product\/individuell-gestaltete-samenpapier-weihnachtskarten","url":"https:\/\/growingpaper.com\/de\/product\/individuell-gestaltete-samenpapier-weihnachtskarten","name":"Weihnachtskarten - Growingpaper","isPartOf":{"@id":"https:\/\/growingpaper.com\/de#website"},"primaryImageOfPage":{"@id":"https:\/\/growingpaper.com\/de\/product\/individuell-gestaltete-samenpapier-weihnachtskarten#primaryimage"},"image":{"@id":"https:\/\/growingpaper.com\/de\/product\/individuell-gestaltete-samenpapier-weihnachtskarten#primaryimage"},"thumbnailUrl":"https:\/\/growingpaper.com\/wp-content\/uploads\/2025\/03\/Christmas-cards.png","datePublished":"2025-03-12T11:51:36+00:00","dateModified":"2026-03-11T11:41:35+00:00","description":"Versendet festliche Gr\u00fc\u00dfe, die weiterwachsen \u2013 mit individuell gestaltbaren Weihnachtskarten aus Samenpapier. Pflanzbar und die perfekte M\u00f6glichkeit, nachhaltige Weihnachtsfreude zu verschenken.","breadcrumb":{"@id":"https:\/\/growingpaper.com\/de\/product\/individuell-gestaltete-samenpapier-weihnachtskarten#breadcrumb"},"inLanguage":"de","potentialAction":[{"@type":"ReadAction","target":["https:\/\/growingpaper.com\/de\/product\/individuell-gestaltete-samenpapier-weihnachtskarten"]}]},{"@type":"ImageObject","inLanguage":"de","@id":"https:\/\/growingpaper.com\/de\/product\/individuell-gestaltete-samenpapier-weihnachtskarten#primaryimage","url":"https:\/\/growingpaper.com\/wp-content\/uploads\/2025\/03\/Christmas-cards.png","contentUrl":"https:\/\/growingpaper.com\/wp-content\/uploads\/2025\/03\/Christmas-cards.png","width":1080,"height":1080},{"@type":"BreadcrumbList","@id":"https:\/\/growingpaper.com\/de\/product\/individuell-gestaltete-samenpapier-weihnachtskarten#breadcrumb","itemListElement":[{"@type":"ListItem","position":1,"name":"Home","item":"https:\/\/growingpaper.com\/de"},{"@type":"ListItem","position":2,"name":"Shop","item":"https:\/\/growingpaper.com\/de\/shop"},{"@type":"ListItem","position":3,"name":"Weihnachtskarten"}]},{"@type":"WebSite","@id":"https:\/\/growingpaper.com\/de#website","url":"https:\/\/growingpaper.com\/de","name":"Growingpaper","description":"Duurzaam printen op groeipapier van Growingpaper","publisher":{"@id":"https:\/\/growingpaper.com\/de#organization"},"potentialAction":[{"@type":"SearchAction","target":{"@type":"EntryPoint","urlTemplate":"https:\/\/growingpaper.com\/de?s={search_term_string}"},"query-input":{"@type":"PropertyValueSpecification","valueRequired":true,"valueName":"search_term_string"}}],"inLanguage":"de"},{"@type":"Organization","@id":"https:\/\/growingpaper.com\/de#organization","name":"Growingpaper","url":"https:\/\/growingpaper.com\/de","logo":{"@type":"ImageObject","inLanguage":"de","@id":"https:\/\/growingpaper.com\/de#\/schema\/logo\/image\/","url":"https:\/\/growingpaper.com\/wp-content\/uploads\/2025\/11\/growingpaper-yoast-logo.png","contentUrl":"https:\/\/growingpaper.com\/wp-content\/uploads\/2025\/11\/growingpaper-yoast-logo.png","width":696,"height":696,"caption":"Growingpaper"},"image":{"@id":"https:\/\/growingpaper.com\/de#\/schema\/logo\/image\/"},"sameAs":["https:\/\/www.facebook.com\/growingpaper","https:\/\/www.instagram.com\/growingpaper_nl\/","https:\/\/www.linkedin.com\/company\/growingpaper\/"]}]}},"acf_fields":{"factor_pricing_table":false,"product_ribbon_text":"No Ribbon","product_ribbon_position":"Left","minimum_product_quantity":"30","product_design_file":false,"type_of_paper":false,"printing_options":false,"proof_print":false,"product_ribbon_text_custom":"","priority":""},"_links":{"self":[{"href":"https:\/\/growingpaper.com\/de\/wp-json\/wp\/v2\/product\/7530","targetHints":{"allow":["GET"]}}],"collection":[{"href":"https:\/\/growingpaper.com\/de\/wp-json\/wp\/v2\/product"}],"about":[{"href":"https:\/\/growingpaper.com\/de\/wp-json\/wp\/v2\/types\/product"}],"replies":[{"embeddable":true,"href":"https:\/\/growingpaper.com\/de\/wp-json\/wp\/v2\/comments?post=7530"}],"version-history":[{"count":3,"href":"https:\/\/growingpaper.com\/de\/wp-json\/wp\/v2\/product\/7530\/revisions"}],"predecessor-version":[{"id":17055,"href":"https:\/\/growingpaper.com\/de\/wp-json\/wp\/v2\/product\/7530\/revisions\/17055"}],"wp:featuredmedia":[{"embeddable":true,"href":"https:\/\/growingpaper.com\/de\/wp-json\/wp\/v2\/media\/11635"}],"wp:attachment":[{"href":"https:\/\/growingpaper.com\/de\/wp-json\/wp\/v2\/media?parent=7530"}],"wp:term":[{"taxonomy":"product_brand","embeddable":true,"href":"https:\/\/growingpaper.com\/de\/wp-json\/wp\/v2\/product_brand?post=7530"},{"taxonomy":"product_cat","embeddable":true,"href":"https:\/\/growingpaper.com\/de\/wp-json\/wp\/v2\/product_cat?post=7530"},{"taxonomy":"product_tag","embeddable":true,"href":"https:\/\/growingpaper.com\/de\/wp-json\/wp\/v2\/product_tag?post=7530"}],"curies":[{"name":"wp","href":"https:\/\/api.w.org\/{rel}","templated":true}]}}