{"id":7533,"date":"2025-03-11T16:47:44","date_gmt":"2025-03-11T15:47:44","guid":{"rendered":"https:\/\/growingpaper.com\/product\/individuell-gestaltete-samenpapier-hochzeitseinladungen\/"},"modified":"2026-03-11T12:36:16","modified_gmt":"2026-03-11T11:36:16","slug":"individuell-gestaltete-samenpapier-hochzeitseinladungen","status":"publish","type":"product","link":"https:\/\/growingpaper.com\/de\/product\/individuell-gestaltete-samenpapier-hochzeitseinladungen","title":{"rendered":"Hochzeitseinladungen"},"content":{"rendered":"<p data-start=\"0\" data-end=\"37\">Eine Einladung, die in Liebe erbl\u00fcht.<\/p>\n<p data-start=\"39\" data-end=\"387\">Unsere individuellen Hochzeitseinladungen aus Samenpapier sind eine wundersch\u00f6ne und umweltfreundliche M\u00f6glichkeit, eure G\u00e4ste einzuladen. Gedruckt auf biologisch abbaubarem Papier mit echten Samen, kann jede Einladung eingepflanzt werden \u2013 und w\u00e4chst zu Wildblumen, Kr\u00e4utern oder Gr\u00fcnpflanzen heran. Ein bleibendes Symbol f\u00fcr euren besonderen Tag.<\/p>\n<p data-start=\"389\" data-end=\"518\">Ideal f\u00fcr Paare, denen Nachhaltigkeit am Herzen liegt und die ihre Werte in jeder Facette der Feier zum Ausdruck bringen m\u00f6chten.<\/p>\n<p data-start=\"520\" data-end=\"707\">\u2714 Personalisierbar mit euren Namen, dem Hochzeitsdatum und Wunschdesign<br data-start=\"591\" data-end=\"594\" \/>\u2714 Erh\u00e4ltlich in verschiedenen Formaten und Gr\u00f6\u00dfen<br data-start=\"643\" data-end=\"646\" \/>\u2714 100 % kompostierbar und handgefertigt aus recyceltem Papier<\/p>\n<p data-start=\"709\" data-end=\"820\">Jede Einladung wird zu einer bl\u00fchenden Erinnerung an eure Liebe \u2013 und an euer Bekenntnis zur Nachhaltigkeit. \ud83c\udf38<\/p>\n<p data-start=\"822\" data-end=\"1043\" data-is-last-node=\"\" data-is-only-node=\"\"><strong data-start=\"822\" data-end=\"847\">Bereit f\u00fcr den Druck?<\/strong><br data-start=\"847\" data-end=\"850\" \/>F\u00fcr beste Ergebnisse beachtet bitte unsere Gestaltungshinweise und nutzt unsere kostenlosen Vorlagen. So sehen eure Einladungen nicht nur wundersch\u00f6n aus, sondern bleiben auch umweltfreundlich.<\/p>\n<p data-start=\"822\" data-end=\"1043\" data-is-last-node=\"\" data-is-only-node=\"\"><strong>Druckdatei hochladen<\/strong>: Diese kannst du ganz einfach im Checkout hochladen, sobald du deine Bestellung abschlie\u00dft.<\/p>\n","protected":false},"excerpt":{"rendered":"<p data-start=\"0\" data-end=\"51\">Warum Hochzeitseinladungen auf Samenpapier drucken?<\/p>\n<p data-start=\"53\" data-end=\"406\">Drucke deine Hochzeitseinladungen auf Samenpapier f\u00fcr eine originelle und umweltfreundliche Note! Diese Einladungen sind nicht nur sch\u00f6n anzusehen \u2013 sie k\u00f6nnen eingepflanzt werden und wachsen zu wundersch\u00f6nen Blumen, Kr\u00e4utern oder Gem\u00fcse heran. Eine kreative Art, deinen gro\u00dfen Tag mit G\u00e4sten zu teilen und gleichzeitig etwas Gutes f\u00fcr die Natur zu tun.<\/p>\n<p data-start=\"408\" data-end=\"685\" data-is-last-node=\"\" data-is-only-node=\"\">Einladungen aus Samenpapier sind perfekt f\u00fcr Paare, die ihrer Feier einen gr\u00fcnen Akzent verleihen m\u00f6chten. Sie sind nicht nur ein einzigartiges Andenken, sondern wachsen zu etwas Wundervollem heran \u2013 genau wie eure Liebe. Mehr als nur eine Einladung \u2013 ein Geschenk, das w\u00e4chst!<\/p>\n","protected":false},"featured_media":11605,"comment_status":"open","ping_status":"closed","template":"","meta":{"_acf_changed":false,"inline_featured_image":false,"footnotes":""},"product_brand":[],"product_cat":[143,192,228,142],"product_tag":[],"class_list":{"0":"post-7533","1":"product","2":"type-product","3":"status-publish","4":"has-post-thumbnail","6":"product_cat-individuelle-karten","7":"product_cat-besondere-anlasse","8":"product_cat-einladungen","9":"product_cat-individuell-gestaltete-produkte-de","11":"first","12":"instock","13":"taxable","14":"shipping-taxable","15":"purchasable","16":"product-type-simple"},"acf":{"product_design_file":""},"yoast_head":"<!-- This site is optimized with the Yoast SEO plugin v27.2 - https:\/\/yoast.com\/product\/yoast-seo-wordpress\/ -->\n<title>Hochzeitseinladungen - Growingpaper<\/title>\n<meta name=\"description\" content=\"Feiert eure Liebe nachhaltig mit individuellen Hochzeitseinladungen aus Samenpapier \u2013 einpflanzbar und ideal f\u00fcr umweltbewusste Paare und Veranstalter.\" \/>\n<meta name=\"robots\" content=\"index, follow, max-snippet:-1, max-image-preview:large, max-video-preview:-1\" \/>\n<link rel=\"canonical\" href=\"https:\/\/growingpaper.com\/de\/product\/individuell-gestaltete-samenpapier-hochzeitseinladungen\" \/>\n<meta property=\"og:locale\" content=\"de_DE\" \/>\n<meta property=\"og:type\" content=\"article\" \/>\n<meta property=\"og:title\" content=\"Hochzeitseinladungen - Growingpaper\" \/>\n<meta property=\"og:description\" content=\"Feiert eure Liebe nachhaltig mit individuellen Hochzeitseinladungen aus Samenpapier \u2013 einpflanzbar und ideal f\u00fcr umweltbewusste Paare und Veranstalter.\" \/>\n<meta property=\"og:url\" content=\"https:\/\/growingpaper.com\/de\/product\/individuell-gestaltete-samenpapier-hochzeitseinladungen\" \/>\n<meta property=\"og:site_name\" content=\"Growingpaper\" \/>\n<meta property=\"article:publisher\" content=\"https:\/\/www.facebook.com\/growingpaper\" \/>\n<meta property=\"article:modified_time\" content=\"2026-03-11T11:36:16+00:00\" \/>\n<meta property=\"og:image\" content=\"https:\/\/growingpaper.com\/wp-content\/uploads\/2025\/03\/wedding-invites.png\" \/>\n\t<meta property=\"og:image:width\" content=\"1080\" \/>\n\t<meta property=\"og:image:height\" content=\"1080\" \/>\n\t<meta property=\"og:image:type\" content=\"image\/png\" \/>\n<meta name=\"twitter:card\" content=\"summary_large_image\" \/>\n<meta name=\"twitter:label1\" content=\"Gesch\u00e4tzte Lesezeit\" \/>\n\t<meta name=\"twitter:data1\" content=\"1\u00a0Minute\" \/>\n<script type=\"application\/ld+json\" class=\"yoast-schema-graph\">{\"@context\":\"https:\/\/schema.org\",\"@graph\":[{\"@type\":\"WebPage\",\"@id\":\"https:\/\/growingpaper.com\/de\/product\/individuell-gestaltete-samenpapier-hochzeitseinladungen\",\"url\":\"https:\/\/growingpaper.com\/de\/product\/individuell-gestaltete-samenpapier-hochzeitseinladungen\",\"name\":\"Hochzeitseinladungen - Growingpaper\",\"isPartOf\":{\"@id\":\"https:\/\/growingpaper.com\/de#website\"},\"primaryImageOfPage\":{\"@id\":\"https:\/\/growingpaper.com\/de\/product\/individuell-gestaltete-samenpapier-hochzeitseinladungen#primaryimage\"},\"image\":{\"@id\":\"https:\/\/growingpaper.com\/de\/product\/individuell-gestaltete-samenpapier-hochzeitseinladungen#primaryimage\"},\"thumbnailUrl\":\"https:\/\/growingpaper.com\/wp-content\/uploads\/2025\/03\/wedding-invites.png\",\"datePublished\":\"2025-03-11T15:47:44+00:00\",\"dateModified\":\"2026-03-11T11:36:16+00:00\",\"description\":\"Feiert eure Liebe nachhaltig mit individuellen Hochzeitseinladungen aus Samenpapier \u2013 einpflanzbar und ideal f\u00fcr umweltbewusste Paare und Veranstalter.\",\"breadcrumb\":{\"@id\":\"https:\/\/growingpaper.com\/de\/product\/individuell-gestaltete-samenpapier-hochzeitseinladungen#breadcrumb\"},\"inLanguage\":\"de\",\"potentialAction\":[{\"@type\":\"ReadAction\",\"target\":[\"https:\/\/growingpaper.com\/de\/product\/individuell-gestaltete-samenpapier-hochzeitseinladungen\"]}]},{\"@type\":\"ImageObject\",\"inLanguage\":\"de\",\"@id\":\"https:\/\/growingpaper.com\/de\/product\/individuell-gestaltete-samenpapier-hochzeitseinladungen#primaryimage\",\"url\":\"https:\/\/growingpaper.com\/wp-content\/uploads\/2025\/03\/wedding-invites.png\",\"contentUrl\":\"https:\/\/growingpaper.com\/wp-content\/uploads\/2025\/03\/wedding-invites.png\",\"width\":1080,\"height\":1080},{\"@type\":\"BreadcrumbList\",\"@id\":\"https:\/\/growingpaper.com\/de\/product\/individuell-gestaltete-samenpapier-hochzeitseinladungen#breadcrumb\",\"itemListElement\":[{\"@type\":\"ListItem\",\"position\":1,\"name\":\"Home\",\"item\":\"https:\/\/growingpaper.com\/de\"},{\"@type\":\"ListItem\",\"position\":2,\"name\":\"Shop\",\"item\":\"https:\/\/growingpaper.com\/de\/shop\"},{\"@type\":\"ListItem\",\"position\":3,\"name\":\"Hochzeitseinladungen\"}]},{\"@type\":\"WebSite\",\"@id\":\"https:\/\/growingpaper.com\/de#website\",\"url\":\"https:\/\/growingpaper.com\/de\",\"name\":\"Growingpaper\",\"description\":\"Duurzaam printen op groeipapier van Growingpaper\",\"publisher\":{\"@id\":\"https:\/\/growingpaper.com\/de#organization\"},\"potentialAction\":[{\"@type\":\"SearchAction\",\"target\":{\"@type\":\"EntryPoint\",\"urlTemplate\":\"https:\/\/growingpaper.com\/de?s={search_term_string}\"},\"query-input\":{\"@type\":\"PropertyValueSpecification\",\"valueRequired\":true,\"valueName\":\"search_term_string\"}}],\"inLanguage\":\"de\"},{\"@type\":\"Organization\",\"@id\":\"https:\/\/growingpaper.com\/de#organization\",\"name\":\"Growingpaper\",\"url\":\"https:\/\/growingpaper.com\/de\",\"logo\":{\"@type\":\"ImageObject\",\"inLanguage\":\"de\",\"@id\":\"https:\/\/growingpaper.com\/de#\/schema\/logo\/image\/\",\"url\":\"https:\/\/growingpaper.com\/wp-content\/uploads\/2025\/11\/growingpaper-yoast-logo.png\",\"contentUrl\":\"https:\/\/growingpaper.com\/wp-content\/uploads\/2025\/11\/growingpaper-yoast-logo.png\",\"width\":696,\"height\":696,\"caption\":\"Growingpaper\"},\"image\":{\"@id\":\"https:\/\/growingpaper.com\/de#\/schema\/logo\/image\/\"},\"sameAs\":[\"https:\/\/www.facebook.com\/growingpaper\",\"https:\/\/www.instagram.com\/growingpaper_nl\/\",\"https:\/\/www.linkedin.com\/company\/growingpaper\/\"]}]}<\/script>\n<!-- \/ Yoast SEO plugin. -->","yoast_head_json":{"title":"Hochzeitseinladungen - Growingpaper","description":"Feiert eure Liebe nachhaltig mit individuellen Hochzeitseinladungen aus Samenpapier \u2013 einpflanzbar und ideal f\u00fcr umweltbewusste Paare und Veranstalter.","robots":{"index":"index","follow":"follow","max-snippet":"max-snippet:-1","max-image-preview":"max-image-preview:large","max-video-preview":"max-video-preview:-1"},"canonical":"https:\/\/growingpaper.com\/de\/product\/individuell-gestaltete-samenpapier-hochzeitseinladungen","og_locale":"de_DE","og_type":"article","og_title":"Hochzeitseinladungen - Growingpaper","og_description":"Feiert eure Liebe nachhaltig mit individuellen Hochzeitseinladungen aus Samenpapier \u2013 einpflanzbar und ideal f\u00fcr umweltbewusste Paare und Veranstalter.","og_url":"https:\/\/growingpaper.com\/de\/product\/individuell-gestaltete-samenpapier-hochzeitseinladungen","og_site_name":"Growingpaper","article_publisher":"https:\/\/www.facebook.com\/growingpaper","article_modified_time":"2026-03-11T11:36:16+00:00","og_image":[{"width":1080,"height":1080,"url":"https:\/\/growingpaper.com\/wp-content\/uploads\/2025\/03\/wedding-invites.png","type":"image\/png"}],"twitter_card":"summary_large_image","twitter_misc":{"Gesch\u00e4tzte Lesezeit":"1\u00a0Minute"},"schema":{"@context":"https:\/\/schema.org","@graph":[{"@type":"WebPage","@id":"https:\/\/growingpaper.com\/de\/product\/individuell-gestaltete-samenpapier-hochzeitseinladungen","url":"https:\/\/growingpaper.com\/de\/product\/individuell-gestaltete-samenpapier-hochzeitseinladungen","name":"Hochzeitseinladungen - Growingpaper","isPartOf":{"@id":"https:\/\/growingpaper.com\/de#website"},"primaryImageOfPage":{"@id":"https:\/\/growingpaper.com\/de\/product\/individuell-gestaltete-samenpapier-hochzeitseinladungen#primaryimage"},"image":{"@id":"https:\/\/growingpaper.com\/de\/product\/individuell-gestaltete-samenpapier-hochzeitseinladungen#primaryimage"},"thumbnailUrl":"https:\/\/growingpaper.com\/wp-content\/uploads\/2025\/03\/wedding-invites.png","datePublished":"2025-03-11T15:47:44+00:00","dateModified":"2026-03-11T11:36:16+00:00","description":"Feiert eure Liebe nachhaltig mit individuellen Hochzeitseinladungen aus Samenpapier \u2013 einpflanzbar und ideal f\u00fcr umweltbewusste Paare und Veranstalter.","breadcrumb":{"@id":"https:\/\/growingpaper.com\/de\/product\/individuell-gestaltete-samenpapier-hochzeitseinladungen#breadcrumb"},"inLanguage":"de","potentialAction":[{"@type":"ReadAction","target":["https:\/\/growingpaper.com\/de\/product\/individuell-gestaltete-samenpapier-hochzeitseinladungen"]}]},{"@type":"ImageObject","inLanguage":"de","@id":"https:\/\/growingpaper.com\/de\/product\/individuell-gestaltete-samenpapier-hochzeitseinladungen#primaryimage","url":"https:\/\/growingpaper.com\/wp-content\/uploads\/2025\/03\/wedding-invites.png","contentUrl":"https:\/\/growingpaper.com\/wp-content\/uploads\/2025\/03\/wedding-invites.png","width":1080,"height":1080},{"@type":"BreadcrumbList","@id":"https:\/\/growingpaper.com\/de\/product\/individuell-gestaltete-samenpapier-hochzeitseinladungen#breadcrumb","itemListElement":[{"@type":"ListItem","position":1,"name":"Home","item":"https:\/\/growingpaper.com\/de"},{"@type":"ListItem","position":2,"name":"Shop","item":"https:\/\/growingpaper.com\/de\/shop"},{"@type":"ListItem","position":3,"name":"Hochzeitseinladungen"}]},{"@type":"WebSite","@id":"https:\/\/growingpaper.com\/de#website","url":"https:\/\/growingpaper.com\/de","name":"Growingpaper","description":"Duurzaam printen op groeipapier van Growingpaper","publisher":{"@id":"https:\/\/growingpaper.com\/de#organization"},"potentialAction":[{"@type":"SearchAction","target":{"@type":"EntryPoint","urlTemplate":"https:\/\/growingpaper.com\/de?s={search_term_string}"},"query-input":{"@type":"PropertyValueSpecification","valueRequired":true,"valueName":"search_term_string"}}],"inLanguage":"de"},{"@type":"Organization","@id":"https:\/\/growingpaper.com\/de#organization","name":"Growingpaper","url":"https:\/\/growingpaper.com\/de","logo":{"@type":"ImageObject","inLanguage":"de","@id":"https:\/\/growingpaper.com\/de#\/schema\/logo\/image\/","url":"https:\/\/growingpaper.com\/wp-content\/uploads\/2025\/11\/growingpaper-yoast-logo.png","contentUrl":"https:\/\/growingpaper.com\/wp-content\/uploads\/2025\/11\/growingpaper-yoast-logo.png","width":696,"height":696,"caption":"Growingpaper"},"image":{"@id":"https:\/\/growingpaper.com\/de#\/schema\/logo\/image\/"},"sameAs":["https:\/\/www.facebook.com\/growingpaper","https:\/\/www.instagram.com\/growingpaper_nl\/","https:\/\/www.linkedin.com\/company\/growingpaper\/"]}]}},"acf_fields":{"factor_pricing_table":false,"product_ribbon_text":"No Ribbon","product_ribbon_position":"Left","minimum_product_quantity":"30","product_design_file":false,"type_of_paper":false,"printing_options":false,"product_ribbon_text_custom":"","proof_print":false,"priority":"4"},"_links":{"self":[{"href":"https:\/\/growingpaper.com\/de\/wp-json\/wp\/v2\/product\/7533","targetHints":{"allow":["GET"]}}],"collection":[{"href":"https:\/\/growingpaper.com\/de\/wp-json\/wp\/v2\/product"}],"about":[{"href":"https:\/\/growingpaper.com\/de\/wp-json\/wp\/v2\/types\/product"}],"replies":[{"embeddable":true,"href":"https:\/\/growingpaper.com\/de\/wp-json\/wp\/v2\/comments?post=7533"}],"version-history":[{"count":4,"href":"https:\/\/growingpaper.com\/de\/wp-json\/wp\/v2\/product\/7533\/revisions"}],"predecessor-version":[{"id":17043,"href":"https:\/\/growingpaper.com\/de\/wp-json\/wp\/v2\/product\/7533\/revisions\/17043"}],"wp:featuredmedia":[{"embeddable":true,"href":"https:\/\/growingpaper.com\/de\/wp-json\/wp\/v2\/media\/11605"}],"wp:attachment":[{"href":"https:\/\/growingpaper.com\/de\/wp-json\/wp\/v2\/media?parent=7533"}],"wp:term":[{"taxonomy":"product_brand","embeddable":true,"href":"https:\/\/growingpaper.com\/de\/wp-json\/wp\/v2\/product_brand?post=7533"},{"taxonomy":"product_cat","embeddable":true,"href":"https:\/\/growingpaper.com\/de\/wp-json\/wp\/v2\/product_cat?post=7533"},{"taxonomy":"product_tag","embeddable":true,"href":"https:\/\/growingpaper.com\/de\/wp-json\/wp\/v2\/product_tag?post=7533"}],"curies":[{"name":"wp","href":"https:\/\/api.w.org\/{rel}","templated":true}]}}