{"id":7964,"date":"2025-03-10T16:06:09","date_gmt":"2025-03-10T15:06:09","guid":{"rendered":"https:\/\/growingpaper.com\/product\/individuell-gestaltete-samenpapier-event-einladungen\/"},"modified":"2026-03-11T12:31:26","modified_gmt":"2026-03-11T11:31:26","slug":"individuell-gestaltete-samenpapier-event-einladungen","status":"publish","type":"product","link":"https:\/\/growingpaper.com\/de\/product\/individuell-gestaltete-samenpapier-event-einladungen","title":{"rendered":"Event-Einladungen"},"content":{"rendered":"<p data-start=\"137\" data-end=\"190\"><strong data-start=\"137\" data-end=\"190\">Nachhaltige Einladungen f\u00fcr unvergessliche Events<\/strong><\/p>\n<p data-start=\"192\" data-end=\"613\">Unsere individuell bedruckbaren Event-Einladungen aus Saatpapier sind die ideale umweltfreundliche L\u00f6sung f\u00fcr Unternehmen, die einen bleibenden Eindruck hinterlassen m\u00f6chten. Gedruckt auf biologisch abbaubarem Papier mit echten Pflanzensamen, k\u00f6nnen die Einladungen von den Empf\u00e4nger*innen eingepflanzt werden \u2013 und wachsen zu Wildblumen, Kr\u00e4utern oder Gr\u00fcnpflanzen heran. So verbinden Sie Nachhaltigkeit mit Kreativit\u00e4t.<\/p>\n<p data-start=\"615\" data-end=\"816\">Perfekt f\u00fcr Firmenevents, Konferenzen, Messen, Produkteinf\u00fchrungen oder jede gesch\u00e4ftliche Veranstaltung, bei der Sie Ihre Markenwerte pr\u00e4sentieren und einen nachhaltigen Eindruck hinterlassen m\u00f6chten.<\/p>\n<p data-start=\"818\" data-end=\"1039\">\u2714 Individuell gestaltbar mit Ihren Eventdaten, Ihrem Design und Branding<br data-start=\"890\" data-end=\"893\" \/>\u2714 Erh\u00e4ltlich in verschiedenen Formaten und Gr\u00f6\u00dfen \u2013 passend zu Ihrem Anlass<br data-start=\"968\" data-end=\"971\" \/>\u2714 100 % kompostierbar und handgefertigt aus recycelten Materialien<\/p>\n<p data-start=\"1041\" data-end=\"1146\">Jede Einladung wird zu einem bl\u00fchenden Zeichen Ihres Engagements f\u00fcr Umweltbewusstsein und Innovation. \ud83c\udf31<\/p>\n<p data-start=\"1148\" data-end=\"1408\"><strong data-start=\"1148\" data-end=\"1173\">Bereit f\u00fcr den Druck?<\/strong><br data-start=\"1173\" data-end=\"1176\" \/>F\u00fcr das beste Ergebnis empfehlen wir die Nutzung unserer kostenlosen Vorlagen und Gestaltungshinweise \u2013 so wird Ihre individuelle Saatpapier-Einladung nicht nur optisch ein Highlight, sondern bleibt auch durch und durch nachhaltig.<\/p>\n<p data-start=\"1148\" data-end=\"1408\"><strong>Druckdatei hochladen<\/strong>: Diese kannst du ganz einfach im Checkout hochladen, sobald du deine Bestellung abschlie\u00dft.<\/p>\n","protected":false},"excerpt":{"rendered":"<h3>Warum Samenpapier f\u00fcr Event-Einladungen?<\/h3>\n<p>Mit Samenpapier-Einladungen setzt du schon vor dem Event ein starkes Zeichen. Deine G\u00e4ste erhalten nicht nur eine Einladung, sondern ein nachhaltiges Geschenk, das weiterw\u00e4chst. Nach der Veranstaltung kann die Karte eingepflanzt werden und erinnert durch bl\u00fchende Blumen lange an dein Event. So verbindest du Kommunikation mit Umweltschutz und machst aus einer einfachen Einladung ein Erlebnis mit Mehrwert.<\/p>\n","protected":false},"featured_media":11419,"comment_status":"open","ping_status":"closed","template":"","meta":{"_acf_changed":false,"inline_featured_image":false,"footnotes":""},"product_brand":[],"product_cat":[142,144,145,227,228],"product_tag":[],"class_list":{"0":"post-7964","1":"product","2":"type-product","3":"status-publish","4":"has-post-thumbnail","6":"product_cat-individuell-gestaltete-produkte-de","7":"product_cat-eventprodukte","8":"product_cat-werbeartikel","9":"product_cat-druckprodukte-fur-unternehmen","10":"product_cat-einladungen","12":"first","13":"instock","14":"taxable","15":"shipping-taxable","16":"purchasable","17":"product-type-simple"},"acf":{"product_design_file":""},"yoast_head":"<!-- This site is optimized with the Yoast SEO plugin v27.4 - https:\/\/yoast.com\/product\/yoast-seo-wordpress\/ -->\n<title>Event-Einladungen - Growingpaper<\/title>\n<meta name=\"description\" content=\"Einladen mit Wirkung \u2013 mit individuellen Saatpapier-Einladungen, die vollst\u00e4ndig eingepflanzt werden k\u00f6nnen \u2013 ideal f\u00fcr nachhaltige Firmenevents, Produkteinf\u00fchrungen oder besondere Anl\u00e4sse.\" \/>\n<meta name=\"robots\" content=\"index, follow, max-snippet:-1, max-image-preview:large, max-video-preview:-1\" \/>\n<link rel=\"canonical\" href=\"https:\/\/growingpaper.com\/de\/product\/individuell-gestaltete-samenpapier-event-einladungen\" \/>\n<meta property=\"og:locale\" content=\"de_DE\" \/>\n<meta property=\"og:type\" content=\"article\" \/>\n<meta property=\"og:title\" content=\"Event-Einladungen - Growingpaper\" \/>\n<meta property=\"og:description\" content=\"Einladen mit Wirkung \u2013 mit individuellen Saatpapier-Einladungen, die vollst\u00e4ndig eingepflanzt werden k\u00f6nnen \u2013 ideal f\u00fcr nachhaltige Firmenevents, Produkteinf\u00fchrungen oder besondere Anl\u00e4sse.\" \/>\n<meta property=\"og:url\" content=\"https:\/\/growingpaper.com\/de\/product\/individuell-gestaltete-samenpapier-event-einladungen\" \/>\n<meta property=\"og:site_name\" content=\"Growingpaper\" \/>\n<meta property=\"article:publisher\" content=\"https:\/\/www.facebook.com\/growingpaper\" \/>\n<meta property=\"article:modified_time\" content=\"2026-03-11T11:31:26+00:00\" \/>\n<meta property=\"og:image\" content=\"https:\/\/growingpaper.com\/wp-content\/uploads\/2025\/03\/Custom-seed-paper-event-invitations-1.jpg\" \/>\n\t<meta property=\"og:image:width\" content=\"938\" \/>\n\t<meta property=\"og:image:height\" content=\"938\" \/>\n\t<meta property=\"og:image:type\" content=\"image\/jpeg\" \/>\n<meta name=\"twitter:card\" content=\"summary_large_image\" \/>\n<meta name=\"twitter:label1\" content=\"Gesch\u00e4tzte Lesezeit\" \/>\n\t<meta name=\"twitter:data1\" content=\"1\u00a0Minute\" \/>\n<script type=\"application\/ld+json\" class=\"yoast-schema-graph\">{\"@context\":\"https:\\\/\\\/schema.org\",\"@graph\":[{\"@type\":\"WebPage\",\"@id\":\"https:\\\/\\\/growingpaper.com\\\/de\\\/product\\\/individuell-gestaltete-samenpapier-event-einladungen\",\"url\":\"https:\\\/\\\/growingpaper.com\\\/de\\\/product\\\/individuell-gestaltete-samenpapier-event-einladungen\",\"name\":\"Event-Einladungen - Growingpaper\",\"isPartOf\":{\"@id\":\"https:\\\/\\\/growingpaper.com\\\/de#website\"},\"primaryImageOfPage\":{\"@id\":\"https:\\\/\\\/growingpaper.com\\\/de\\\/product\\\/individuell-gestaltete-samenpapier-event-einladungen#primaryimage\"},\"image\":{\"@id\":\"https:\\\/\\\/growingpaper.com\\\/de\\\/product\\\/individuell-gestaltete-samenpapier-event-einladungen#primaryimage\"},\"thumbnailUrl\":\"https:\\\/\\\/growingpaper.com\\\/wp-content\\\/uploads\\\/2025\\\/03\\\/Custom-seed-paper-event-invitations-1.jpg\",\"datePublished\":\"2025-03-10T15:06:09+00:00\",\"dateModified\":\"2026-03-11T11:31:26+00:00\",\"description\":\"Einladen mit Wirkung \u2013 mit individuellen Saatpapier-Einladungen, die vollst\u00e4ndig eingepflanzt werden k\u00f6nnen \u2013 ideal f\u00fcr nachhaltige Firmenevents, Produkteinf\u00fchrungen oder besondere Anl\u00e4sse.\",\"breadcrumb\":{\"@id\":\"https:\\\/\\\/growingpaper.com\\\/de\\\/product\\\/individuell-gestaltete-samenpapier-event-einladungen#breadcrumb\"},\"inLanguage\":\"de\",\"potentialAction\":[{\"@type\":\"ReadAction\",\"target\":[\"https:\\\/\\\/growingpaper.com\\\/de\\\/product\\\/individuell-gestaltete-samenpapier-event-einladungen\"]}]},{\"@type\":\"ImageObject\",\"inLanguage\":\"de\",\"@id\":\"https:\\\/\\\/growingpaper.com\\\/de\\\/product\\\/individuell-gestaltete-samenpapier-event-einladungen#primaryimage\",\"url\":\"https:\\\/\\\/growingpaper.com\\\/wp-content\\\/uploads\\\/2025\\\/03\\\/Custom-seed-paper-event-invitations-1.jpg\",\"contentUrl\":\"https:\\\/\\\/growingpaper.com\\\/wp-content\\\/uploads\\\/2025\\\/03\\\/Custom-seed-paper-event-invitations-1.jpg\",\"width\":938,\"height\":938,\"caption\":\"seed paper invitations good quality\"},{\"@type\":\"BreadcrumbList\",\"@id\":\"https:\\\/\\\/growingpaper.com\\\/de\\\/product\\\/individuell-gestaltete-samenpapier-event-einladungen#breadcrumb\",\"itemListElement\":[{\"@type\":\"ListItem\",\"position\":1,\"name\":\"Home\",\"item\":\"https:\\\/\\\/growingpaper.com\\\/de\"},{\"@type\":\"ListItem\",\"position\":2,\"name\":\"Shop\",\"item\":\"https:\\\/\\\/growingpaper.com\\\/de\\\/shop\"},{\"@type\":\"ListItem\",\"position\":3,\"name\":\"Event-Einladungen\"}]},{\"@type\":\"WebSite\",\"@id\":\"https:\\\/\\\/growingpaper.com\\\/de#website\",\"url\":\"https:\\\/\\\/growingpaper.com\\\/de\",\"name\":\"Growingpaper\",\"description\":\"Duurzaam printen op groeipapier van Growingpaper\",\"publisher\":{\"@id\":\"https:\\\/\\\/growingpaper.com\\\/de#organization\"},\"potentialAction\":[{\"@type\":\"SearchAction\",\"target\":{\"@type\":\"EntryPoint\",\"urlTemplate\":\"https:\\\/\\\/growingpaper.com\\\/de?s={search_term_string}\"},\"query-input\":{\"@type\":\"PropertyValueSpecification\",\"valueRequired\":true,\"valueName\":\"search_term_string\"}}],\"inLanguage\":\"de\"},{\"@type\":\"Organization\",\"@id\":\"https:\\\/\\\/growingpaper.com\\\/de#organization\",\"name\":\"Growingpaper\",\"url\":\"https:\\\/\\\/growingpaper.com\\\/de\",\"logo\":{\"@type\":\"ImageObject\",\"inLanguage\":\"de\",\"@id\":\"https:\\\/\\\/growingpaper.com\\\/de#\\\/schema\\\/logo\\\/image\\\/\",\"url\":\"https:\\\/\\\/growingpaper.com\\\/wp-content\\\/uploads\\\/2025\\\/11\\\/growingpaper-yoast-logo.png\",\"contentUrl\":\"https:\\\/\\\/growingpaper.com\\\/wp-content\\\/uploads\\\/2025\\\/11\\\/growingpaper-yoast-logo.png\",\"width\":696,\"height\":696,\"caption\":\"Growingpaper\"},\"image\":{\"@id\":\"https:\\\/\\\/growingpaper.com\\\/de#\\\/schema\\\/logo\\\/image\\\/\"},\"sameAs\":[\"https:\\\/\\\/www.facebook.com\\\/growingpaper\",\"https:\\\/\\\/www.instagram.com\\\/growingpaper_nl\\\/\",\"https:\\\/\\\/www.linkedin.com\\\/company\\\/growingpaper\\\/\"]}]}<\/script>\n<!-- \/ Yoast SEO plugin. -->","yoast_head_json":{"title":"Event-Einladungen - Growingpaper","description":"Einladen mit Wirkung \u2013 mit individuellen Saatpapier-Einladungen, die vollst\u00e4ndig eingepflanzt werden k\u00f6nnen \u2013 ideal f\u00fcr nachhaltige Firmenevents, Produkteinf\u00fchrungen oder besondere Anl\u00e4sse.","robots":{"index":"index","follow":"follow","max-snippet":"max-snippet:-1","max-image-preview":"max-image-preview:large","max-video-preview":"max-video-preview:-1"},"canonical":"https:\/\/growingpaper.com\/de\/product\/individuell-gestaltete-samenpapier-event-einladungen","og_locale":"de_DE","og_type":"article","og_title":"Event-Einladungen - Growingpaper","og_description":"Einladen mit Wirkung \u2013 mit individuellen Saatpapier-Einladungen, die vollst\u00e4ndig eingepflanzt werden k\u00f6nnen \u2013 ideal f\u00fcr nachhaltige Firmenevents, Produkteinf\u00fchrungen oder besondere Anl\u00e4sse.","og_url":"https:\/\/growingpaper.com\/de\/product\/individuell-gestaltete-samenpapier-event-einladungen","og_site_name":"Growingpaper","article_publisher":"https:\/\/www.facebook.com\/growingpaper","article_modified_time":"2026-03-11T11:31:26+00:00","og_image":[{"width":938,"height":938,"url":"https:\/\/growingpaper.com\/wp-content\/uploads\/2025\/03\/Custom-seed-paper-event-invitations-1.jpg","type":"image\/jpeg"}],"twitter_card":"summary_large_image","twitter_misc":{"Gesch\u00e4tzte Lesezeit":"1\u00a0Minute"},"schema":{"@context":"https:\/\/schema.org","@graph":[{"@type":"WebPage","@id":"https:\/\/growingpaper.com\/de\/product\/individuell-gestaltete-samenpapier-event-einladungen","url":"https:\/\/growingpaper.com\/de\/product\/individuell-gestaltete-samenpapier-event-einladungen","name":"Event-Einladungen - Growingpaper","isPartOf":{"@id":"https:\/\/growingpaper.com\/de#website"},"primaryImageOfPage":{"@id":"https:\/\/growingpaper.com\/de\/product\/individuell-gestaltete-samenpapier-event-einladungen#primaryimage"},"image":{"@id":"https:\/\/growingpaper.com\/de\/product\/individuell-gestaltete-samenpapier-event-einladungen#primaryimage"},"thumbnailUrl":"https:\/\/growingpaper.com\/wp-content\/uploads\/2025\/03\/Custom-seed-paper-event-invitations-1.jpg","datePublished":"2025-03-10T15:06:09+00:00","dateModified":"2026-03-11T11:31:26+00:00","description":"Einladen mit Wirkung \u2013 mit individuellen Saatpapier-Einladungen, die vollst\u00e4ndig eingepflanzt werden k\u00f6nnen \u2013 ideal f\u00fcr nachhaltige Firmenevents, Produkteinf\u00fchrungen oder besondere Anl\u00e4sse.","breadcrumb":{"@id":"https:\/\/growingpaper.com\/de\/product\/individuell-gestaltete-samenpapier-event-einladungen#breadcrumb"},"inLanguage":"de","potentialAction":[{"@type":"ReadAction","target":["https:\/\/growingpaper.com\/de\/product\/individuell-gestaltete-samenpapier-event-einladungen"]}]},{"@type":"ImageObject","inLanguage":"de","@id":"https:\/\/growingpaper.com\/de\/product\/individuell-gestaltete-samenpapier-event-einladungen#primaryimage","url":"https:\/\/growingpaper.com\/wp-content\/uploads\/2025\/03\/Custom-seed-paper-event-invitations-1.jpg","contentUrl":"https:\/\/growingpaper.com\/wp-content\/uploads\/2025\/03\/Custom-seed-paper-event-invitations-1.jpg","width":938,"height":938,"caption":"seed paper invitations good quality"},{"@type":"BreadcrumbList","@id":"https:\/\/growingpaper.com\/de\/product\/individuell-gestaltete-samenpapier-event-einladungen#breadcrumb","itemListElement":[{"@type":"ListItem","position":1,"name":"Home","item":"https:\/\/growingpaper.com\/de"},{"@type":"ListItem","position":2,"name":"Shop","item":"https:\/\/growingpaper.com\/de\/shop"},{"@type":"ListItem","position":3,"name":"Event-Einladungen"}]},{"@type":"WebSite","@id":"https:\/\/growingpaper.com\/de#website","url":"https:\/\/growingpaper.com\/de","name":"Growingpaper","description":"Duurzaam printen op groeipapier van Growingpaper","publisher":{"@id":"https:\/\/growingpaper.com\/de#organization"},"potentialAction":[{"@type":"SearchAction","target":{"@type":"EntryPoint","urlTemplate":"https:\/\/growingpaper.com\/de?s={search_term_string}"},"query-input":{"@type":"PropertyValueSpecification","valueRequired":true,"valueName":"search_term_string"}}],"inLanguage":"de"},{"@type":"Organization","@id":"https:\/\/growingpaper.com\/de#organization","name":"Growingpaper","url":"https:\/\/growingpaper.com\/de","logo":{"@type":"ImageObject","inLanguage":"de","@id":"https:\/\/growingpaper.com\/de#\/schema\/logo\/image\/","url":"https:\/\/growingpaper.com\/wp-content\/uploads\/2025\/11\/growingpaper-yoast-logo.png","contentUrl":"https:\/\/growingpaper.com\/wp-content\/uploads\/2025\/11\/growingpaper-yoast-logo.png","width":696,"height":696,"caption":"Growingpaper"},"image":{"@id":"https:\/\/growingpaper.com\/de#\/schema\/logo\/image\/"},"sameAs":["https:\/\/www.facebook.com\/growingpaper","https:\/\/www.instagram.com\/growingpaper_nl\/","https:\/\/www.linkedin.com\/company\/growingpaper\/"]}]}},"acf_fields":{"factor_pricing_table":false,"product_ribbon_text":"No Ribbon","product_ribbon_position":"Left","minimum_product_quantity":"30","product_design_file":false,"type_of_paper":false,"printing_options":false,"product_ribbon_text_custom":"","priority":""},"_links":{"self":[{"href":"https:\/\/growingpaper.com\/de\/wp-json\/wp\/v2\/product\/7964","targetHints":{"allow":["GET"]}}],"collection":[{"href":"https:\/\/growingpaper.com\/de\/wp-json\/wp\/v2\/product"}],"about":[{"href":"https:\/\/growingpaper.com\/de\/wp-json\/wp\/v2\/types\/product"}],"replies":[{"embeddable":true,"href":"https:\/\/growingpaper.com\/de\/wp-json\/wp\/v2\/comments?post=7964"}],"version-history":[{"count":3,"href":"https:\/\/growingpaper.com\/de\/wp-json\/wp\/v2\/product\/7964\/revisions"}],"predecessor-version":[{"id":17035,"href":"https:\/\/growingpaper.com\/de\/wp-json\/wp\/v2\/product\/7964\/revisions\/17035"}],"wp:featuredmedia":[{"embeddable":true,"href":"https:\/\/growingpaper.com\/de\/wp-json\/wp\/v2\/media\/11419"}],"wp:attachment":[{"href":"https:\/\/growingpaper.com\/de\/wp-json\/wp\/v2\/media?parent=7964"}],"wp:term":[{"taxonomy":"product_brand","embeddable":true,"href":"https:\/\/growingpaper.com\/de\/wp-json\/wp\/v2\/product_brand?post=7964"},{"taxonomy":"product_cat","embeddable":true,"href":"https:\/\/growingpaper.com\/de\/wp-json\/wp\/v2\/product_cat?post=7964"},{"taxonomy":"product_tag","embeddable":true,"href":"https:\/\/growingpaper.com\/de\/wp-json\/wp\/v2\/product_tag?post=7964"}],"curies":[{"name":"wp","href":"https:\/\/api.w.org\/{rel}","templated":true}]}}