{"id":7989,"date":"2025-03-10T16:01:19","date_gmt":"2025-03-10T15:01:19","guid":{"rendered":"https:\/\/growingpaper.com\/product\/individuell-gestaltete-samenpapier-flugblatt\/"},"modified":"2026-03-11T12:32:31","modified_gmt":"2026-03-11T11:32:31","slug":"individuell-gestaltete-samenpapier-flugblatt","status":"publish","type":"product","link":"https:\/\/growingpaper.com\/de\/product\/individuell-gestaltete-samenpapier-flugblatt","title":{"rendered":"Flugblatt"},"content":{"rendered":"<p>Unsere individuell gestaltbaren Flyer aus Samenpapier werden auf biologisch abbaubarem Papier mit echten Samen gedruckt.<\/p>\n<p>Anstatt weggeworfen zu werden, kann dein Flyer eingepflanzt werden \u2013 und w\u00e4chst zu Wildblumen, Kr\u00e4utern oder Gr\u00fcnpflanzen heran.<\/p>\n<p>Perfekt f\u00fcr umweltbewusste Kampagnen, Produktaktionen, Event-Flyer oder informative Beilagen mit nachhaltiger Wirkung.<\/p>\n<p>\u2714 Gestalte deinen Flyer mit eigenem Design, Layout und Text<br \/>\n\u2714 Erh\u00e4ltlich in verschiedenen Gr\u00f6\u00dfen und Faltvarianten<br \/>\n\u2714 100 % kompostierbar und handgefertigt aus recyceltem Material<\/p>\n<p>Jeder Flyer wird zu einer bl\u00fchenden Erinnerung an die Werte deiner Marke \u2013 lange nachdem er gelesen wurde. \ud83c\udf31<\/p>\n<p><strong>Bereit f\u00fcr den Druck?<\/strong><br \/>\nF\u00fcr das beste Ergebnis nutze unsere Designrichtlinien und kostenlosen Vorlagen. So sehen deine Flyer aus Samenpapier nicht nur gro\u00dfartig aus, sondern bleiben auch umweltfreundlich.<\/p>\n<div class=\"text-base my-auto mx-auto pb-10 [--thread-content-margin:--spacing(4)] thread-sm:[--thread-content-margin:--spacing(6)] thread-lg:[--thread-content-margin:--spacing(16)] px-(--thread-content-margin)\">\n<div class=\"[--thread-content-max-width:40rem] thread-lg:[--thread-content-max-width:48rem] mx-auto max-w-(--thread-content-max-width) flex-1 group\/turn-messages focus-visible:outline-hidden relative flex w-full min-w-0 flex-col agent-turn\" tabindex=\"-1\">\n<div class=\"flex max-w-full flex-col grow\">\n<div class=\"min-h-8 text-message relative flex w-full flex-col items-end gap-2 text-start break-words whitespace-normal [.text-message+&amp;]:mt-1\" dir=\"auto\" data-message-author-role=\"assistant\" data-message-id=\"6bc73d05-9cad-4b84-b793-7c0d625942e3\" data-message-model-slug=\"gpt-5\">\n<div class=\"flex w-full flex-col gap-1 empty:hidden first:pt-[1px]\">\n<div class=\"markdown prose dark:prose-invert w-full break-words light markdown-new-styling\">\n<p data-start=\"0\" data-end=\"265\" data-is-last-node=\"\" data-is-only-node=\"\">\u2757Bitte achte darauf, dass du beim Ausw\u00e4hlen des Kartenformats das <strong data-start=\"66\" data-end=\"79\">ge\u00f6ffnete<\/strong> Format angibst \u2013 nicht das geschlossene. <em>Wenn du zum Beispiel Karten im Format A6 <strong data-start=\"162\" data-end=\"174\">gefaltet<\/strong> bestellen m\u00f6chtest, solltest du <strong data-start=\"207\" data-end=\"213\">A5<\/strong> ausw\u00e4hlen und die Option f\u00fcr <strong data-start=\"243\" data-end=\"257\">einen Falz<\/strong> w\u00e4hlen.<\/em><\/p>\n<p data-start=\"0\" data-end=\"265\" data-is-last-node=\"\" data-is-only-node=\"\"><strong>Druckdatei hochladen<\/strong>: Diese kannst du ganz einfach im Checkout hochladen, sobald du deine Bestellung abschlie\u00dft.<\/p>\n<\/div>\n<\/div>\n<\/div>\n<\/div>\n<\/div>\n<\/div>\n","protected":false},"excerpt":{"rendered":"<p data-start=\"85\" data-end=\"125\"><strong data-start=\"85\" data-end=\"125\">Warum Flugbl\u00e4tter aus Samenpapier drucken?<\/strong><\/p>\n<p data-start=\"127\" data-end=\"479\">Flyer aus Samenpapier verbinden informatives Design mit Nachhaltigkeit. Hergestellt aus recyceltem Papier mit eingearbeiteten Samen, vermitteln sie deine Botschaft und verwandeln sich nach dem Einpflanzen in wundersch\u00f6ne Blumen, Kr\u00e4uter oder Pflanzen. So hinterl\u00e4sst du mit jeder verteilten Information einen umweltfreundlichen und bleibenden Eindruck.<\/p>\n<p data-start=\"481\" data-end=\"767\" data-is-last-node=\"\" data-is-only-node=\"\">Flyer aus Samenpapier sind ideal f\u00fcr Event-Promotionen, Produktneuheiten oder informative Kampagnen. Sie zeigen das Umweltbewusstsein deiner Marke und bieten den Empf\u00e4ngern ein Andenken, das mit der Zeit w\u00e4chst. Mehr als nur ein Flyer \u2013 ein bl\u00fchendes Zeichen f\u00fcr die Werte deiner Marke.<\/p>\n","protected":false},"featured_media":11625,"comment_status":"open","ping_status":"closed","template":"","meta":{"_acf_changed":false,"inline_featured_image":false,"footnotes":""},"product_brand":[],"product_cat":[144,191,227,228,142],"product_tag":[],"class_list":{"0":"post-7989","1":"product","2":"type-product","3":"status-publish","4":"has-post-thumbnail","6":"product_cat-eventprodukte","7":"product_cat-flyer-aus-samenpapier","8":"product_cat-druckprodukte-fur-unternehmen","9":"product_cat-einladungen","10":"product_cat-individuell-gestaltete-produkte-de","12":"first","13":"instock","14":"taxable","15":"shipping-taxable","16":"purchasable","17":"product-type-simple"},"acf":{"product_design_file":""},"yoast_head":"<!-- This site is optimized with the Yoast SEO plugin v27.2 - https:\/\/yoast.com\/product\/yoast-seo-wordpress\/ -->\n<title>Flugblatt - Growingpaper<\/title>\n<meta name=\"description\" content=\"Lass dein Marketing aufbl\u00fchen \u2013 mit individuell gestaltbaren Flyern aus Samenpapier. Einpflanzbar und ideal, um deine Marke auf nachhaltige Weise bei Events oder Messen zu pr\u00e4sentieren.\" \/>\n<meta name=\"robots\" content=\"index, follow, max-snippet:-1, max-image-preview:large, max-video-preview:-1\" \/>\n<link rel=\"canonical\" href=\"https:\/\/growingpaper.com\/de\/product\/individuell-gestaltete-samenpapier-flugblatt\" \/>\n<meta property=\"og:locale\" content=\"de_DE\" \/>\n<meta property=\"og:type\" content=\"article\" \/>\n<meta property=\"og:title\" content=\"Flugblatt - Growingpaper\" \/>\n<meta property=\"og:description\" content=\"Lass dein Marketing aufbl\u00fchen \u2013 mit individuell gestaltbaren Flyern aus Samenpapier. Einpflanzbar und ideal, um deine Marke auf nachhaltige Weise bei Events oder Messen zu pr\u00e4sentieren.\" \/>\n<meta property=\"og:url\" content=\"https:\/\/growingpaper.com\/de\/product\/individuell-gestaltete-samenpapier-flugblatt\" \/>\n<meta property=\"og:site_name\" content=\"Growingpaper\" \/>\n<meta property=\"article:publisher\" content=\"https:\/\/www.facebook.com\/growingpaper\" \/>\n<meta property=\"article:modified_time\" content=\"2026-03-11T11:32:31+00:00\" \/>\n<meta property=\"og:image\" content=\"https:\/\/growingpaper.com\/wp-content\/uploads\/2025\/03\/leaflet.png\" \/>\n\t<meta property=\"og:image:width\" content=\"1080\" \/>\n\t<meta property=\"og:image:height\" content=\"1080\" \/>\n\t<meta property=\"og:image:type\" content=\"image\/png\" \/>\n<meta name=\"twitter:card\" content=\"summary_large_image\" \/>\n<meta name=\"twitter:label1\" content=\"Gesch\u00e4tzte Lesezeit\" \/>\n\t<meta name=\"twitter:data1\" content=\"1\u00a0Minute\" \/>\n<script type=\"application\/ld+json\" class=\"yoast-schema-graph\">{\"@context\":\"https:\/\/schema.org\",\"@graph\":[{\"@type\":\"WebPage\",\"@id\":\"https:\/\/growingpaper.com\/de\/product\/individuell-gestaltete-samenpapier-flugblatt\",\"url\":\"https:\/\/growingpaper.com\/de\/product\/individuell-gestaltete-samenpapier-flugblatt\",\"name\":\"Flugblatt - Growingpaper\",\"isPartOf\":{\"@id\":\"https:\/\/growingpaper.com\/de#website\"},\"primaryImageOfPage\":{\"@id\":\"https:\/\/growingpaper.com\/de\/product\/individuell-gestaltete-samenpapier-flugblatt#primaryimage\"},\"image\":{\"@id\":\"https:\/\/growingpaper.com\/de\/product\/individuell-gestaltete-samenpapier-flugblatt#primaryimage\"},\"thumbnailUrl\":\"https:\/\/growingpaper.com\/wp-content\/uploads\/2025\/03\/leaflet.png\",\"datePublished\":\"2025-03-10T15:01:19+00:00\",\"dateModified\":\"2026-03-11T11:32:31+00:00\",\"description\":\"Lass dein Marketing aufbl\u00fchen \u2013 mit individuell gestaltbaren Flyern aus Samenpapier. Einpflanzbar und ideal, um deine Marke auf nachhaltige Weise bei Events oder Messen zu pr\u00e4sentieren.\",\"breadcrumb\":{\"@id\":\"https:\/\/growingpaper.com\/de\/product\/individuell-gestaltete-samenpapier-flugblatt#breadcrumb\"},\"inLanguage\":\"de\",\"potentialAction\":[{\"@type\":\"ReadAction\",\"target\":[\"https:\/\/growingpaper.com\/de\/product\/individuell-gestaltete-samenpapier-flugblatt\"]}]},{\"@type\":\"ImageObject\",\"inLanguage\":\"de\",\"@id\":\"https:\/\/growingpaper.com\/de\/product\/individuell-gestaltete-samenpapier-flugblatt#primaryimage\",\"url\":\"https:\/\/growingpaper.com\/wp-content\/uploads\/2025\/03\/leaflet.png\",\"contentUrl\":\"https:\/\/growingpaper.com\/wp-content\/uploads\/2025\/03\/leaflet.png\",\"width\":1080,\"height\":1080},{\"@type\":\"BreadcrumbList\",\"@id\":\"https:\/\/growingpaper.com\/de\/product\/individuell-gestaltete-samenpapier-flugblatt#breadcrumb\",\"itemListElement\":[{\"@type\":\"ListItem\",\"position\":1,\"name\":\"Home\",\"item\":\"https:\/\/growingpaper.com\/de\"},{\"@type\":\"ListItem\",\"position\":2,\"name\":\"Shop\",\"item\":\"https:\/\/growingpaper.com\/de\/shop\"},{\"@type\":\"ListItem\",\"position\":3,\"name\":\"Flugblatt\"}]},{\"@type\":\"WebSite\",\"@id\":\"https:\/\/growingpaper.com\/de#website\",\"url\":\"https:\/\/growingpaper.com\/de\",\"name\":\"Growingpaper\",\"description\":\"Duurzaam printen op groeipapier van Growingpaper\",\"publisher\":{\"@id\":\"https:\/\/growingpaper.com\/de#organization\"},\"potentialAction\":[{\"@type\":\"SearchAction\",\"target\":{\"@type\":\"EntryPoint\",\"urlTemplate\":\"https:\/\/growingpaper.com\/de?s={search_term_string}\"},\"query-input\":{\"@type\":\"PropertyValueSpecification\",\"valueRequired\":true,\"valueName\":\"search_term_string\"}}],\"inLanguage\":\"de\"},{\"@type\":\"Organization\",\"@id\":\"https:\/\/growingpaper.com\/de#organization\",\"name\":\"Growingpaper\",\"url\":\"https:\/\/growingpaper.com\/de\",\"logo\":{\"@type\":\"ImageObject\",\"inLanguage\":\"de\",\"@id\":\"https:\/\/growingpaper.com\/de#\/schema\/logo\/image\/\",\"url\":\"https:\/\/growingpaper.com\/wp-content\/uploads\/2025\/11\/growingpaper-yoast-logo.png\",\"contentUrl\":\"https:\/\/growingpaper.com\/wp-content\/uploads\/2025\/11\/growingpaper-yoast-logo.png\",\"width\":696,\"height\":696,\"caption\":\"Growingpaper\"},\"image\":{\"@id\":\"https:\/\/growingpaper.com\/de#\/schema\/logo\/image\/\"},\"sameAs\":[\"https:\/\/www.facebook.com\/growingpaper\",\"https:\/\/www.instagram.com\/growingpaper_nl\/\",\"https:\/\/www.linkedin.com\/company\/growingpaper\/\"]}]}<\/script>\n<!-- \/ Yoast SEO plugin. -->","yoast_head_json":{"title":"Flugblatt - Growingpaper","description":"Lass dein Marketing aufbl\u00fchen \u2013 mit individuell gestaltbaren Flyern aus Samenpapier. Einpflanzbar und ideal, um deine Marke auf nachhaltige Weise bei Events oder Messen zu pr\u00e4sentieren.","robots":{"index":"index","follow":"follow","max-snippet":"max-snippet:-1","max-image-preview":"max-image-preview:large","max-video-preview":"max-video-preview:-1"},"canonical":"https:\/\/growingpaper.com\/de\/product\/individuell-gestaltete-samenpapier-flugblatt","og_locale":"de_DE","og_type":"article","og_title":"Flugblatt - Growingpaper","og_description":"Lass dein Marketing aufbl\u00fchen \u2013 mit individuell gestaltbaren Flyern aus Samenpapier. Einpflanzbar und ideal, um deine Marke auf nachhaltige Weise bei Events oder Messen zu pr\u00e4sentieren.","og_url":"https:\/\/growingpaper.com\/de\/product\/individuell-gestaltete-samenpapier-flugblatt","og_site_name":"Growingpaper","article_publisher":"https:\/\/www.facebook.com\/growingpaper","article_modified_time":"2026-03-11T11:32:31+00:00","og_image":[{"width":1080,"height":1080,"url":"https:\/\/growingpaper.com\/wp-content\/uploads\/2025\/03\/leaflet.png","type":"image\/png"}],"twitter_card":"summary_large_image","twitter_misc":{"Gesch\u00e4tzte Lesezeit":"1\u00a0Minute"},"schema":{"@context":"https:\/\/schema.org","@graph":[{"@type":"WebPage","@id":"https:\/\/growingpaper.com\/de\/product\/individuell-gestaltete-samenpapier-flugblatt","url":"https:\/\/growingpaper.com\/de\/product\/individuell-gestaltete-samenpapier-flugblatt","name":"Flugblatt - Growingpaper","isPartOf":{"@id":"https:\/\/growingpaper.com\/de#website"},"primaryImageOfPage":{"@id":"https:\/\/growingpaper.com\/de\/product\/individuell-gestaltete-samenpapier-flugblatt#primaryimage"},"image":{"@id":"https:\/\/growingpaper.com\/de\/product\/individuell-gestaltete-samenpapier-flugblatt#primaryimage"},"thumbnailUrl":"https:\/\/growingpaper.com\/wp-content\/uploads\/2025\/03\/leaflet.png","datePublished":"2025-03-10T15:01:19+00:00","dateModified":"2026-03-11T11:32:31+00:00","description":"Lass dein Marketing aufbl\u00fchen \u2013 mit individuell gestaltbaren Flyern aus Samenpapier. Einpflanzbar und ideal, um deine Marke auf nachhaltige Weise bei Events oder Messen zu pr\u00e4sentieren.","breadcrumb":{"@id":"https:\/\/growingpaper.com\/de\/product\/individuell-gestaltete-samenpapier-flugblatt#breadcrumb"},"inLanguage":"de","potentialAction":[{"@type":"ReadAction","target":["https:\/\/growingpaper.com\/de\/product\/individuell-gestaltete-samenpapier-flugblatt"]}]},{"@type":"ImageObject","inLanguage":"de","@id":"https:\/\/growingpaper.com\/de\/product\/individuell-gestaltete-samenpapier-flugblatt#primaryimage","url":"https:\/\/growingpaper.com\/wp-content\/uploads\/2025\/03\/leaflet.png","contentUrl":"https:\/\/growingpaper.com\/wp-content\/uploads\/2025\/03\/leaflet.png","width":1080,"height":1080},{"@type":"BreadcrumbList","@id":"https:\/\/growingpaper.com\/de\/product\/individuell-gestaltete-samenpapier-flugblatt#breadcrumb","itemListElement":[{"@type":"ListItem","position":1,"name":"Home","item":"https:\/\/growingpaper.com\/de"},{"@type":"ListItem","position":2,"name":"Shop","item":"https:\/\/growingpaper.com\/de\/shop"},{"@type":"ListItem","position":3,"name":"Flugblatt"}]},{"@type":"WebSite","@id":"https:\/\/growingpaper.com\/de#website","url":"https:\/\/growingpaper.com\/de","name":"Growingpaper","description":"Duurzaam printen op groeipapier van Growingpaper","publisher":{"@id":"https:\/\/growingpaper.com\/de#organization"},"potentialAction":[{"@type":"SearchAction","target":{"@type":"EntryPoint","urlTemplate":"https:\/\/growingpaper.com\/de?s={search_term_string}"},"query-input":{"@type":"PropertyValueSpecification","valueRequired":true,"valueName":"search_term_string"}}],"inLanguage":"de"},{"@type":"Organization","@id":"https:\/\/growingpaper.com\/de#organization","name":"Growingpaper","url":"https:\/\/growingpaper.com\/de","logo":{"@type":"ImageObject","inLanguage":"de","@id":"https:\/\/growingpaper.com\/de#\/schema\/logo\/image\/","url":"https:\/\/growingpaper.com\/wp-content\/uploads\/2025\/11\/growingpaper-yoast-logo.png","contentUrl":"https:\/\/growingpaper.com\/wp-content\/uploads\/2025\/11\/growingpaper-yoast-logo.png","width":696,"height":696,"caption":"Growingpaper"},"image":{"@id":"https:\/\/growingpaper.com\/de#\/schema\/logo\/image\/"},"sameAs":["https:\/\/www.facebook.com\/growingpaper","https:\/\/www.instagram.com\/growingpaper_nl\/","https:\/\/www.linkedin.com\/company\/growingpaper\/"]}]}},"acf_fields":{"factor_pricing_table":false,"product_ribbon_text":"No Ribbon","product_ribbon_position":"Left","minimum_product_quantity":"30","product_design_file":false,"type_of_paper":false,"printing_options":false,"product_ribbon_text_custom":"","proof_print":false,"priority":""},"_links":{"self":[{"href":"https:\/\/growingpaper.com\/de\/wp-json\/wp\/v2\/product\/7989","targetHints":{"allow":["GET"]}}],"collection":[{"href":"https:\/\/growingpaper.com\/de\/wp-json\/wp\/v2\/product"}],"about":[{"href":"https:\/\/growingpaper.com\/de\/wp-json\/wp\/v2\/types\/product"}],"replies":[{"embeddable":true,"href":"https:\/\/growingpaper.com\/de\/wp-json\/wp\/v2\/comments?post=7989"}],"version-history":[{"count":5,"href":"https:\/\/growingpaper.com\/de\/wp-json\/wp\/v2\/product\/7989\/revisions"}],"predecessor-version":[{"id":17037,"href":"https:\/\/growingpaper.com\/de\/wp-json\/wp\/v2\/product\/7989\/revisions\/17037"}],"wp:featuredmedia":[{"embeddable":true,"href":"https:\/\/growingpaper.com\/de\/wp-json\/wp\/v2\/media\/11625"}],"wp:attachment":[{"href":"https:\/\/growingpaper.com\/de\/wp-json\/wp\/v2\/media?parent=7989"}],"wp:term":[{"taxonomy":"product_brand","embeddable":true,"href":"https:\/\/growingpaper.com\/de\/wp-json\/wp\/v2\/product_brand?post=7989"},{"taxonomy":"product_cat","embeddable":true,"href":"https:\/\/growingpaper.com\/de\/wp-json\/wp\/v2\/product_cat?post=7989"},{"taxonomy":"product_tag","embeddable":true,"href":"https:\/\/growingpaper.com\/de\/wp-json\/wp\/v2\/product_tag?post=7989"}],"curies":[{"name":"wp","href":"https:\/\/api.w.org\/{rel}","templated":true}]}}