{"id":7992,"date":"2025-03-10T15:23:35","date_gmt":"2025-03-10T14:23:35","guid":{"rendered":"https:\/\/growingpaper.com\/product\/individuell-gestaltete-samenpapier-einladungen\/"},"modified":"2026-03-11T12:30:39","modified_gmt":"2026-03-11T11:30:39","slug":"individuell-gestaltete-samenpapier-einladungen","status":"publish","type":"product","link":"https:\/\/growingpaper.com\/de\/product\/individuell-gestaltete-samenpapier-einladungen","title":{"rendered":"Einladungen"},"content":{"rendered":"<p data-start=\"85\" data-end=\"370\">Unsere individuell gestaltbaren Einladungen aus Samenpapier werden auf biologisch abbaubarem Papier gedruckt, in das echte Samen eingearbeitet sind. Wenn du sie einpflanzt, wachsen daraus Wildblumen, Kr\u00e4uter oder Gr\u00fcnpflanzen \u2013 so wird dein besonderer Moment zu etwas, das weiterlebt.<\/p>\n<p data-start=\"372\" data-end=\"521\">Perfekt f\u00fcr Hochzeiten, Babypartys, Produktlaunches oder nachhaltige Events \u2013 diese Einladungen verbinden Sch\u00f6nheit, Bedeutung und Umweltbewusstsein.<\/p>\n<p data-start=\"523\" data-end=\"728\">\u2714 Vollst\u00e4ndig anpassbar mit deinem Design, Text und Layout<br data-start=\"581\" data-end=\"584\" \/>\u2714 Erh\u00e4ltlich in verschiedenen Gr\u00f6\u00dfen und mit unterschiedlichen Samenarten<br data-start=\"657\" data-end=\"660\" \/>\u2714 Handgefertigt aus recyceltem Material und zu 100 % kompostierbar<\/p>\n<p data-start=\"730\" data-end=\"833\">Jede Einladung wird zu einer bl\u00fchenden Erinnerung an deine Geschichte \u2013 weit \u00fcber den Termin hinaus. \ud83c\udf38<\/p>\n<p data-start=\"835\" data-end=\"1061\" data-is-last-node=\"\" data-is-only-node=\"\"><strong data-start=\"835\" data-end=\"858\">Bereit zum Drucken?<\/strong><br data-start=\"858\" data-end=\"861\" \/>F\u00fcr das beste Ergebnis folge unseren Designrichtlinien und nutze unsere kostenlosen Vorlagen. So sehen deine individuell gestalteten Samenpapier-Einladungen gro\u00dfartig aus und bleiben umweltfreundlich.<\/p>\n<p data-start=\"835\" data-end=\"1061\" data-is-last-node=\"\" data-is-only-node=\"\"><strong>Druckdatei hochladen<\/strong>: Diese kannst du ganz einfach im Checkout hochladen, sobald du deine Bestellung abschlie\u00dft.<\/p>\n","protected":false},"excerpt":{"rendered":"<h3>Warum Samenpapier-Einladungen?<\/h3>\n<p>Samenpapier-Einladungen verbinden deine Botschaft mit einem nachhaltigen Erlebnis. Anstatt nach dem Event im Papierkorb zu landen, k\u00f6nnen die Karten eingepflanzt werden und verwandeln sich in Blumen. So bleibt deine Einladung lange in Erinnerung und zeigt zugleich deine Verantwortung f\u00fcr die Umwelt. Jede Einladung wird zu einem Symbol f\u00fcr Wachstum, Gemeinschaft und ein gr\u00fcneres Miteinander.<\/p>\n","protected":false},"featured_media":11499,"comment_status":"open","ping_status":"closed","template":"","meta":{"_acf_changed":false,"inline_featured_image":false,"footnotes":""},"product_brand":[],"product_cat":[142,144,192,227,228],"product_tag":[],"class_list":{"0":"post-7992","1":"product","2":"type-product","3":"status-publish","4":"has-post-thumbnail","6":"product_cat-individuell-gestaltete-produkte-de","7":"product_cat-eventprodukte","8":"product_cat-besondere-anlasse","9":"product_cat-druckprodukte-fur-unternehmen","10":"product_cat-einladungen","12":"first","13":"instock","14":"taxable","15":"shipping-taxable","16":"purchasable","17":"product-type-simple"},"acf":{"product_design_file":""},"yoast_head":"<!-- This site is optimized with the Yoast SEO plugin v27.2 - https:\/\/yoast.com\/product\/yoast-seo-wordpress\/ -->\n<title>Einladungen - Growingpaper<\/title>\n<meta name=\"description\" content=\"Verschicke individuell gestaltete Einladungen aus Samenpapier, die nicht nur auffallen, sondern auch wachsen. Komplett einpflanzbar und umweltfreundlich.\" \/>\n<meta name=\"robots\" content=\"index, follow, max-snippet:-1, max-image-preview:large, max-video-preview:-1\" \/>\n<link rel=\"canonical\" href=\"https:\/\/growingpaper.com\/de\/product\/individuell-gestaltete-samenpapier-einladungen\" \/>\n<meta property=\"og:locale\" content=\"de_DE\" \/>\n<meta property=\"og:type\" content=\"article\" \/>\n<meta property=\"og:title\" content=\"Einladungen - Growingpaper\" \/>\n<meta property=\"og:description\" content=\"Verschicke individuell gestaltete Einladungen aus Samenpapier, die nicht nur auffallen, sondern auch wachsen. Komplett einpflanzbar und umweltfreundlich.\" \/>\n<meta property=\"og:url\" content=\"https:\/\/growingpaper.com\/de\/product\/individuell-gestaltete-samenpapier-einladungen\" \/>\n<meta property=\"og:site_name\" content=\"Growingpaper\" \/>\n<meta property=\"article:publisher\" content=\"https:\/\/www.facebook.com\/growingpaper\" \/>\n<meta property=\"article:modified_time\" content=\"2026-03-11T11:30:39+00:00\" \/>\n<meta property=\"og:image\" content=\"https:\/\/growingpaper.com\/wp-content\/uploads\/2025\/03\/Custom-seed-paper-invitations.jpg\" \/>\n\t<meta property=\"og:image:width\" content=\"938\" \/>\n\t<meta property=\"og:image:height\" content=\"938\" \/>\n\t<meta property=\"og:image:type\" content=\"image\/jpeg\" \/>\n<meta name=\"twitter:card\" content=\"summary_large_image\" \/>\n<meta name=\"twitter:label1\" content=\"Gesch\u00e4tzte Lesezeit\" \/>\n\t<meta name=\"twitter:data1\" content=\"1\u00a0Minute\" \/>\n<script type=\"application\/ld+json\" class=\"yoast-schema-graph\">{\"@context\":\"https:\/\/schema.org\",\"@graph\":[{\"@type\":\"WebPage\",\"@id\":\"https:\/\/growingpaper.com\/de\/product\/individuell-gestaltete-samenpapier-einladungen\",\"url\":\"https:\/\/growingpaper.com\/de\/product\/individuell-gestaltete-samenpapier-einladungen\",\"name\":\"Einladungen - Growingpaper\",\"isPartOf\":{\"@id\":\"https:\/\/growingpaper.com\/de#website\"},\"primaryImageOfPage\":{\"@id\":\"https:\/\/growingpaper.com\/de\/product\/individuell-gestaltete-samenpapier-einladungen#primaryimage\"},\"image\":{\"@id\":\"https:\/\/growingpaper.com\/de\/product\/individuell-gestaltete-samenpapier-einladungen#primaryimage\"},\"thumbnailUrl\":\"https:\/\/growingpaper.com\/wp-content\/uploads\/2025\/03\/Custom-seed-paper-invitations.jpg\",\"datePublished\":\"2025-03-10T14:23:35+00:00\",\"dateModified\":\"2026-03-11T11:30:39+00:00\",\"description\":\"Verschicke individuell gestaltete Einladungen aus Samenpapier, die nicht nur auffallen, sondern auch wachsen. Komplett einpflanzbar und umweltfreundlich.\",\"breadcrumb\":{\"@id\":\"https:\/\/growingpaper.com\/de\/product\/individuell-gestaltete-samenpapier-einladungen#breadcrumb\"},\"inLanguage\":\"de\",\"potentialAction\":[{\"@type\":\"ReadAction\",\"target\":[\"https:\/\/growingpaper.com\/de\/product\/individuell-gestaltete-samenpapier-einladungen\"]}]},{\"@type\":\"ImageObject\",\"inLanguage\":\"de\",\"@id\":\"https:\/\/growingpaper.com\/de\/product\/individuell-gestaltete-samenpapier-einladungen#primaryimage\",\"url\":\"https:\/\/growingpaper.com\/wp-content\/uploads\/2025\/03\/Custom-seed-paper-invitations.jpg\",\"contentUrl\":\"https:\/\/growingpaper.com\/wp-content\/uploads\/2025\/03\/Custom-seed-paper-invitations.jpg\",\"width\":938,\"height\":938,\"caption\":\"seed paper invitations\"},{\"@type\":\"BreadcrumbList\",\"@id\":\"https:\/\/growingpaper.com\/de\/product\/individuell-gestaltete-samenpapier-einladungen#breadcrumb\",\"itemListElement\":[{\"@type\":\"ListItem\",\"position\":1,\"name\":\"Home\",\"item\":\"https:\/\/growingpaper.com\/de\"},{\"@type\":\"ListItem\",\"position\":2,\"name\":\"Shop\",\"item\":\"https:\/\/growingpaper.com\/de\/shop\"},{\"@type\":\"ListItem\",\"position\":3,\"name\":\"Einladungen\"}]},{\"@type\":\"WebSite\",\"@id\":\"https:\/\/growingpaper.com\/de#website\",\"url\":\"https:\/\/growingpaper.com\/de\",\"name\":\"Growingpaper\",\"description\":\"Duurzaam printen op groeipapier van Growingpaper\",\"publisher\":{\"@id\":\"https:\/\/growingpaper.com\/de#organization\"},\"potentialAction\":[{\"@type\":\"SearchAction\",\"target\":{\"@type\":\"EntryPoint\",\"urlTemplate\":\"https:\/\/growingpaper.com\/de?s={search_term_string}\"},\"query-input\":{\"@type\":\"PropertyValueSpecification\",\"valueRequired\":true,\"valueName\":\"search_term_string\"}}],\"inLanguage\":\"de\"},{\"@type\":\"Organization\",\"@id\":\"https:\/\/growingpaper.com\/de#organization\",\"name\":\"Growingpaper\",\"url\":\"https:\/\/growingpaper.com\/de\",\"logo\":{\"@type\":\"ImageObject\",\"inLanguage\":\"de\",\"@id\":\"https:\/\/growingpaper.com\/de#\/schema\/logo\/image\/\",\"url\":\"https:\/\/growingpaper.com\/wp-content\/uploads\/2025\/11\/growingpaper-yoast-logo.png\",\"contentUrl\":\"https:\/\/growingpaper.com\/wp-content\/uploads\/2025\/11\/growingpaper-yoast-logo.png\",\"width\":696,\"height\":696,\"caption\":\"Growingpaper\"},\"image\":{\"@id\":\"https:\/\/growingpaper.com\/de#\/schema\/logo\/image\/\"},\"sameAs\":[\"https:\/\/www.facebook.com\/growingpaper\",\"https:\/\/www.instagram.com\/growingpaper_nl\/\",\"https:\/\/www.linkedin.com\/company\/growingpaper\/\"]}]}<\/script>\n<!-- \/ Yoast SEO plugin. -->","yoast_head_json":{"title":"Einladungen - Growingpaper","description":"Verschicke individuell gestaltete Einladungen aus Samenpapier, die nicht nur auffallen, sondern auch wachsen. Komplett einpflanzbar und umweltfreundlich.","robots":{"index":"index","follow":"follow","max-snippet":"max-snippet:-1","max-image-preview":"max-image-preview:large","max-video-preview":"max-video-preview:-1"},"canonical":"https:\/\/growingpaper.com\/de\/product\/individuell-gestaltete-samenpapier-einladungen","og_locale":"de_DE","og_type":"article","og_title":"Einladungen - Growingpaper","og_description":"Verschicke individuell gestaltete Einladungen aus Samenpapier, die nicht nur auffallen, sondern auch wachsen. Komplett einpflanzbar und umweltfreundlich.","og_url":"https:\/\/growingpaper.com\/de\/product\/individuell-gestaltete-samenpapier-einladungen","og_site_name":"Growingpaper","article_publisher":"https:\/\/www.facebook.com\/growingpaper","article_modified_time":"2026-03-11T11:30:39+00:00","og_image":[{"width":938,"height":938,"url":"https:\/\/growingpaper.com\/wp-content\/uploads\/2025\/03\/Custom-seed-paper-invitations.jpg","type":"image\/jpeg"}],"twitter_card":"summary_large_image","twitter_misc":{"Gesch\u00e4tzte Lesezeit":"1\u00a0Minute"},"schema":{"@context":"https:\/\/schema.org","@graph":[{"@type":"WebPage","@id":"https:\/\/growingpaper.com\/de\/product\/individuell-gestaltete-samenpapier-einladungen","url":"https:\/\/growingpaper.com\/de\/product\/individuell-gestaltete-samenpapier-einladungen","name":"Einladungen - Growingpaper","isPartOf":{"@id":"https:\/\/growingpaper.com\/de#website"},"primaryImageOfPage":{"@id":"https:\/\/growingpaper.com\/de\/product\/individuell-gestaltete-samenpapier-einladungen#primaryimage"},"image":{"@id":"https:\/\/growingpaper.com\/de\/product\/individuell-gestaltete-samenpapier-einladungen#primaryimage"},"thumbnailUrl":"https:\/\/growingpaper.com\/wp-content\/uploads\/2025\/03\/Custom-seed-paper-invitations.jpg","datePublished":"2025-03-10T14:23:35+00:00","dateModified":"2026-03-11T11:30:39+00:00","description":"Verschicke individuell gestaltete Einladungen aus Samenpapier, die nicht nur auffallen, sondern auch wachsen. Komplett einpflanzbar und umweltfreundlich.","breadcrumb":{"@id":"https:\/\/growingpaper.com\/de\/product\/individuell-gestaltete-samenpapier-einladungen#breadcrumb"},"inLanguage":"de","potentialAction":[{"@type":"ReadAction","target":["https:\/\/growingpaper.com\/de\/product\/individuell-gestaltete-samenpapier-einladungen"]}]},{"@type":"ImageObject","inLanguage":"de","@id":"https:\/\/growingpaper.com\/de\/product\/individuell-gestaltete-samenpapier-einladungen#primaryimage","url":"https:\/\/growingpaper.com\/wp-content\/uploads\/2025\/03\/Custom-seed-paper-invitations.jpg","contentUrl":"https:\/\/growingpaper.com\/wp-content\/uploads\/2025\/03\/Custom-seed-paper-invitations.jpg","width":938,"height":938,"caption":"seed paper invitations"},{"@type":"BreadcrumbList","@id":"https:\/\/growingpaper.com\/de\/product\/individuell-gestaltete-samenpapier-einladungen#breadcrumb","itemListElement":[{"@type":"ListItem","position":1,"name":"Home","item":"https:\/\/growingpaper.com\/de"},{"@type":"ListItem","position":2,"name":"Shop","item":"https:\/\/growingpaper.com\/de\/shop"},{"@type":"ListItem","position":3,"name":"Einladungen"}]},{"@type":"WebSite","@id":"https:\/\/growingpaper.com\/de#website","url":"https:\/\/growingpaper.com\/de","name":"Growingpaper","description":"Duurzaam printen op groeipapier van Growingpaper","publisher":{"@id":"https:\/\/growingpaper.com\/de#organization"},"potentialAction":[{"@type":"SearchAction","target":{"@type":"EntryPoint","urlTemplate":"https:\/\/growingpaper.com\/de?s={search_term_string}"},"query-input":{"@type":"PropertyValueSpecification","valueRequired":true,"valueName":"search_term_string"}}],"inLanguage":"de"},{"@type":"Organization","@id":"https:\/\/growingpaper.com\/de#organization","name":"Growingpaper","url":"https:\/\/growingpaper.com\/de","logo":{"@type":"ImageObject","inLanguage":"de","@id":"https:\/\/growingpaper.com\/de#\/schema\/logo\/image\/","url":"https:\/\/growingpaper.com\/wp-content\/uploads\/2025\/11\/growingpaper-yoast-logo.png","contentUrl":"https:\/\/growingpaper.com\/wp-content\/uploads\/2025\/11\/growingpaper-yoast-logo.png","width":696,"height":696,"caption":"Growingpaper"},"image":{"@id":"https:\/\/growingpaper.com\/de#\/schema\/logo\/image\/"},"sameAs":["https:\/\/www.facebook.com\/growingpaper","https:\/\/www.instagram.com\/growingpaper_nl\/","https:\/\/www.linkedin.com\/company\/growingpaper\/"]}]}},"acf_fields":{"factor_pricing_table":false,"product_ribbon_text":"No Ribbon","product_ribbon_position":"Left","minimum_product_quantity":"30","product_design_file":false,"type_of_paper":false,"printing_options":false,"product_ribbon_text_custom":"","proof_print":false,"priority":"7"},"_links":{"self":[{"href":"https:\/\/growingpaper.com\/de\/wp-json\/wp\/v2\/product\/7992","targetHints":{"allow":["GET"]}}],"collection":[{"href":"https:\/\/growingpaper.com\/de\/wp-json\/wp\/v2\/product"}],"about":[{"href":"https:\/\/growingpaper.com\/de\/wp-json\/wp\/v2\/types\/product"}],"replies":[{"embeddable":true,"href":"https:\/\/growingpaper.com\/de\/wp-json\/wp\/v2\/comments?post=7992"}],"version-history":[{"count":4,"href":"https:\/\/growingpaper.com\/de\/wp-json\/wp\/v2\/product\/7992\/revisions"}],"predecessor-version":[{"id":17033,"href":"https:\/\/growingpaper.com\/de\/wp-json\/wp\/v2\/product\/7992\/revisions\/17033"}],"wp:featuredmedia":[{"embeddable":true,"href":"https:\/\/growingpaper.com\/de\/wp-json\/wp\/v2\/media\/11499"}],"wp:attachment":[{"href":"https:\/\/growingpaper.com\/de\/wp-json\/wp\/v2\/media?parent=7992"}],"wp:term":[{"taxonomy":"product_brand","embeddable":true,"href":"https:\/\/growingpaper.com\/de\/wp-json\/wp\/v2\/product_brand?post=7992"},{"taxonomy":"product_cat","embeddable":true,"href":"https:\/\/growingpaper.com\/de\/wp-json\/wp\/v2\/product_cat?post=7992"},{"taxonomy":"product_tag","embeddable":true,"href":"https:\/\/growingpaper.com\/de\/wp-json\/wp\/v2\/product_tag?post=7992"}],"curies":[{"name":"wp","href":"https:\/\/api.w.org\/{rel}","templated":true}]}}