{"id":7998,"date":"2024-12-23T15:47:43","date_gmt":"2024-12-23T14:47:43","guid":{"rendered":"https:\/\/growingpaper.com\/product\/individuell-gestaltete-samenpapier-karten\/"},"modified":"2026-03-11T12:42:04","modified_gmt":"2026-03-11T11:42:04","slug":"individuelle-samenpapier-karten","status":"publish","type":"product","link":"https:\/\/growingpaper.com\/de\/product\/individuelle-samenpapier-karten","title":{"rendered":"Karten"},"content":{"rendered":"<p>Unsere individuell gestaltbaren Karten aus Samenpapier werden auf biologisch abbaubarem Papier mit echten Samen gedruckt so hinterl\u00e4sst deine Botschaft nicht nur Eindruck, sondern w\u00e4chst zu Wildblumen, Kr\u00e4utern oder Gr\u00fcnpflanzen heran. Ideal f\u00fcr pers\u00f6nliche Gr\u00fc\u00dfe, nachhaltiges Branding, Dankeskarten oder umweltfreundliche Einladungen diese Karten hinterlassen eine bleibende (und bl\u00fchende) Wirkung.<\/p>\n<p>\u2714 Vollst\u00e4ndig anpassbar mit deinem eigenen Design<br \/>\n\u2714 In verschiedenen Gr\u00f6\u00dfen und Formaten erh\u00e4ltlich<br \/>\n\u2714 100 % kompostierbar oder zum einpflanzen \ud83c\udf31<\/p>\n<p>Jede Karte ist mehr als nur eine Nachricht \u2013 sie ist ein lebendiges Symbol deiner Werte.<\/p>\n<p><strong>Bereit zum Drucken?<\/strong><br \/>\nF\u00fcr beste Ergebnisse folge unseren <a href=\"https:\/\/growingpaper.com\/de\/wissenswertes\/druckvorlage-erstellen\" target=\"_blank\" rel=\"noopener\">Designrichtlinien<\/a> und nutze unsere kostenlosen <a href=\"https:\/\/growingpaper.com\/de\/wissenswertes\/druckdatei\/blankovorlagen-zum-downloaden\" target=\"_blank\" rel=\"noopener\">Vorlagen<\/a>. So sehen deine individuell gestaltbaren Karten aus Samenpapier gro\u00dfartig aus und bleiben umweltfreundlich.<\/p>\n<p><strong>Druckdatei hochladen<\/strong>: Diese kannst du ganz einfach im Checkout hochladen, sobald du deine Bestellung abschlie\u00dft.<\/p>\n","protected":false},"excerpt":{"rendered":"<p><strong>Warum Karten aus Samenpapier drucken?<\/strong><\/p>\n<p>Karten aus Samenpapier verbinden Stil mit Nachhaltigkeit. Hergestellt aus recyceltem Papier, in das echte Samen eingearbeitet sind, tragen diese Karten deine Botschaft und verwandeln sich nach dem Einpflanzen in sch\u00f6ne Blumen, Kr\u00e4uter oder Pflanzen. So hinterl\u00e4sst du auf umweltfreundliche Weise einen bleibenden Eindruck.<\/p>\n<p>Samenpapier-Karten eignen sich perfekt f\u00fcr Einladungen, Gru\u00dfkarten, Geburtstagskarten, Dankeskarten oder Werbegeschenke. Sie zeigen dein Engagement f\u00fcr die Umwelt und schenken den Empf\u00e4ngern ein Andenken, das mit der Zeit w\u00e4chst. Mehr als nur eine Karte, ein bl\u00fchendes Zeichen f\u00fcr deine Marke oder Botschaft.<\/p>\n","protected":false},"featured_media":11641,"comment_status":"open","ping_status":"closed","template":"","meta":{"_acf_changed":false,"inline_featured_image":false,"footnotes":""},"product_brand":[],"product_cat":[142,143,192],"product_tag":[],"class_list":{"0":"post-7998","1":"product","2":"type-product","3":"status-publish","4":"has-post-thumbnail","6":"product_cat-individuell-gestaltete-produkte-de","7":"product_cat-individuelle-karten","8":"product_cat-besondere-anlasse","10":"first","11":"instock","12":"taxable","13":"shipping-taxable","14":"purchasable","15":"product-type-simple"},"acf":{"product_design_file":""},"yoast_head":"<!-- This site is optimized with the Yoast SEO plugin v27.2 - https:\/\/yoast.com\/product\/yoast-seo-wordpress\/ -->\n<title>Karten - Growingpaper<\/title>\n<meta name=\"description\" content=\"Versende eine Botschaft, die w\u00e4chst mit individuell gestaltbaren Karten aus Samenpapier. Nachhaltig, kompostierbar und mit echten Samen versehen. Jetzt kaufen!\" \/>\n<meta name=\"robots\" content=\"index, follow, max-snippet:-1, max-image-preview:large, max-video-preview:-1\" \/>\n<link rel=\"canonical\" href=\"https:\/\/growingpaper.com\/de\/product\/individuelle-samenpapier-karten\" \/>\n<meta property=\"og:locale\" content=\"de_DE\" \/>\n<meta property=\"og:type\" content=\"article\" \/>\n<meta property=\"og:title\" content=\"Karten - Growingpaper\" \/>\n<meta property=\"og:description\" content=\"Versende eine Botschaft, die w\u00e4chst mit individuell gestaltbaren Karten aus Samenpapier. Nachhaltig, kompostierbar und mit echten Samen versehen. Jetzt kaufen!\" \/>\n<meta property=\"og:url\" content=\"https:\/\/growingpaper.com\/de\/product\/individuelle-samenpapier-karten\" \/>\n<meta property=\"og:site_name\" content=\"Growingpaper\" \/>\n<meta property=\"article:publisher\" content=\"https:\/\/www.facebook.com\/growingpaper\" \/>\n<meta property=\"article:modified_time\" content=\"2026-03-11T11:42:04+00:00\" \/>\n<meta property=\"og:image\" content=\"https:\/\/growingpaper.com\/wp-content\/uploads\/2024\/12\/cards-1.png\" \/>\n\t<meta property=\"og:image:width\" content=\"1080\" \/>\n\t<meta property=\"og:image:height\" content=\"1080\" \/>\n\t<meta property=\"og:image:type\" content=\"image\/png\" \/>\n<meta name=\"twitter:card\" content=\"summary_large_image\" \/>\n<meta name=\"twitter:label1\" content=\"Gesch\u00e4tzte Lesezeit\" \/>\n\t<meta name=\"twitter:data1\" content=\"1\u00a0Minute\" \/>\n<script type=\"application\/ld+json\" class=\"yoast-schema-graph\">{\"@context\":\"https:\/\/schema.org\",\"@graph\":[{\"@type\":\"WebPage\",\"@id\":\"https:\/\/growingpaper.com\/de\/product\/individuelle-samenpapier-karten\",\"url\":\"https:\/\/growingpaper.com\/de\/product\/individuelle-samenpapier-karten\",\"name\":\"Karten - Growingpaper\",\"isPartOf\":{\"@id\":\"https:\/\/growingpaper.com\/de#website\"},\"primaryImageOfPage\":{\"@id\":\"https:\/\/growingpaper.com\/de\/product\/individuelle-samenpapier-karten#primaryimage\"},\"image\":{\"@id\":\"https:\/\/growingpaper.com\/de\/product\/individuelle-samenpapier-karten#primaryimage\"},\"thumbnailUrl\":\"https:\/\/growingpaper.com\/wp-content\/uploads\/2024\/12\/cards-1.png\",\"datePublished\":\"2024-12-23T14:47:43+00:00\",\"dateModified\":\"2026-03-11T11:42:04+00:00\",\"description\":\"Versende eine Botschaft, die w\u00e4chst mit individuell gestaltbaren Karten aus Samenpapier. Nachhaltig, kompostierbar und mit echten Samen versehen. Jetzt kaufen!\",\"breadcrumb\":{\"@id\":\"https:\/\/growingpaper.com\/de\/product\/individuelle-samenpapier-karten#breadcrumb\"},\"inLanguage\":\"de\",\"potentialAction\":[{\"@type\":\"ReadAction\",\"target\":[\"https:\/\/growingpaper.com\/de\/product\/individuelle-samenpapier-karten\"]}]},{\"@type\":\"ImageObject\",\"inLanguage\":\"de\",\"@id\":\"https:\/\/growingpaper.com\/de\/product\/individuelle-samenpapier-karten#primaryimage\",\"url\":\"https:\/\/growingpaper.com\/wp-content\/uploads\/2024\/12\/cards-1.png\",\"contentUrl\":\"https:\/\/growingpaper.com\/wp-content\/uploads\/2024\/12\/cards-1.png\",\"width\":1080,\"height\":1080},{\"@type\":\"BreadcrumbList\",\"@id\":\"https:\/\/growingpaper.com\/de\/product\/individuelle-samenpapier-karten#breadcrumb\",\"itemListElement\":[{\"@type\":\"ListItem\",\"position\":1,\"name\":\"Home\",\"item\":\"https:\/\/growingpaper.com\/de\"},{\"@type\":\"ListItem\",\"position\":2,\"name\":\"Shop\",\"item\":\"https:\/\/growingpaper.com\/de\/shop\"},{\"@type\":\"ListItem\",\"position\":3,\"name\":\"Karten\"}]},{\"@type\":\"WebSite\",\"@id\":\"https:\/\/growingpaper.com\/de#website\",\"url\":\"https:\/\/growingpaper.com\/de\",\"name\":\"Growingpaper\",\"description\":\"Duurzaam printen op groeipapier van Growingpaper\",\"publisher\":{\"@id\":\"https:\/\/growingpaper.com\/de#organization\"},\"potentialAction\":[{\"@type\":\"SearchAction\",\"target\":{\"@type\":\"EntryPoint\",\"urlTemplate\":\"https:\/\/growingpaper.com\/de?s={search_term_string}\"},\"query-input\":{\"@type\":\"PropertyValueSpecification\",\"valueRequired\":true,\"valueName\":\"search_term_string\"}}],\"inLanguage\":\"de\"},{\"@type\":\"Organization\",\"@id\":\"https:\/\/growingpaper.com\/de#organization\",\"name\":\"Growingpaper\",\"url\":\"https:\/\/growingpaper.com\/de\",\"logo\":{\"@type\":\"ImageObject\",\"inLanguage\":\"de\",\"@id\":\"https:\/\/growingpaper.com\/de#\/schema\/logo\/image\/\",\"url\":\"https:\/\/growingpaper.com\/wp-content\/uploads\/2025\/11\/growingpaper-yoast-logo.png\",\"contentUrl\":\"https:\/\/growingpaper.com\/wp-content\/uploads\/2025\/11\/growingpaper-yoast-logo.png\",\"width\":696,\"height\":696,\"caption\":\"Growingpaper\"},\"image\":{\"@id\":\"https:\/\/growingpaper.com\/de#\/schema\/logo\/image\/\"},\"sameAs\":[\"https:\/\/www.facebook.com\/growingpaper\",\"https:\/\/www.instagram.com\/growingpaper_nl\/\",\"https:\/\/www.linkedin.com\/company\/growingpaper\/\"]}]}<\/script>\n<!-- \/ Yoast SEO plugin. -->","yoast_head_json":{"title":"Karten - Growingpaper","description":"Versende eine Botschaft, die w\u00e4chst mit individuell gestaltbaren Karten aus Samenpapier. Nachhaltig, kompostierbar und mit echten Samen versehen. Jetzt kaufen!","robots":{"index":"index","follow":"follow","max-snippet":"max-snippet:-1","max-image-preview":"max-image-preview:large","max-video-preview":"max-video-preview:-1"},"canonical":"https:\/\/growingpaper.com\/de\/product\/individuelle-samenpapier-karten","og_locale":"de_DE","og_type":"article","og_title":"Karten - Growingpaper","og_description":"Versende eine Botschaft, die w\u00e4chst mit individuell gestaltbaren Karten aus Samenpapier. Nachhaltig, kompostierbar und mit echten Samen versehen. Jetzt kaufen!","og_url":"https:\/\/growingpaper.com\/de\/product\/individuelle-samenpapier-karten","og_site_name":"Growingpaper","article_publisher":"https:\/\/www.facebook.com\/growingpaper","article_modified_time":"2026-03-11T11:42:04+00:00","og_image":[{"width":1080,"height":1080,"url":"https:\/\/growingpaper.com\/wp-content\/uploads\/2024\/12\/cards-1.png","type":"image\/png"}],"twitter_card":"summary_large_image","twitter_misc":{"Gesch\u00e4tzte Lesezeit":"1\u00a0Minute"},"schema":{"@context":"https:\/\/schema.org","@graph":[{"@type":"WebPage","@id":"https:\/\/growingpaper.com\/de\/product\/individuelle-samenpapier-karten","url":"https:\/\/growingpaper.com\/de\/product\/individuelle-samenpapier-karten","name":"Karten - Growingpaper","isPartOf":{"@id":"https:\/\/growingpaper.com\/de#website"},"primaryImageOfPage":{"@id":"https:\/\/growingpaper.com\/de\/product\/individuelle-samenpapier-karten#primaryimage"},"image":{"@id":"https:\/\/growingpaper.com\/de\/product\/individuelle-samenpapier-karten#primaryimage"},"thumbnailUrl":"https:\/\/growingpaper.com\/wp-content\/uploads\/2024\/12\/cards-1.png","datePublished":"2024-12-23T14:47:43+00:00","dateModified":"2026-03-11T11:42:04+00:00","description":"Versende eine Botschaft, die w\u00e4chst mit individuell gestaltbaren Karten aus Samenpapier. Nachhaltig, kompostierbar und mit echten Samen versehen. Jetzt kaufen!","breadcrumb":{"@id":"https:\/\/growingpaper.com\/de\/product\/individuelle-samenpapier-karten#breadcrumb"},"inLanguage":"de","potentialAction":[{"@type":"ReadAction","target":["https:\/\/growingpaper.com\/de\/product\/individuelle-samenpapier-karten"]}]},{"@type":"ImageObject","inLanguage":"de","@id":"https:\/\/growingpaper.com\/de\/product\/individuelle-samenpapier-karten#primaryimage","url":"https:\/\/growingpaper.com\/wp-content\/uploads\/2024\/12\/cards-1.png","contentUrl":"https:\/\/growingpaper.com\/wp-content\/uploads\/2024\/12\/cards-1.png","width":1080,"height":1080},{"@type":"BreadcrumbList","@id":"https:\/\/growingpaper.com\/de\/product\/individuelle-samenpapier-karten#breadcrumb","itemListElement":[{"@type":"ListItem","position":1,"name":"Home","item":"https:\/\/growingpaper.com\/de"},{"@type":"ListItem","position":2,"name":"Shop","item":"https:\/\/growingpaper.com\/de\/shop"},{"@type":"ListItem","position":3,"name":"Karten"}]},{"@type":"WebSite","@id":"https:\/\/growingpaper.com\/de#website","url":"https:\/\/growingpaper.com\/de","name":"Growingpaper","description":"Duurzaam printen op groeipapier van Growingpaper","publisher":{"@id":"https:\/\/growingpaper.com\/de#organization"},"potentialAction":[{"@type":"SearchAction","target":{"@type":"EntryPoint","urlTemplate":"https:\/\/growingpaper.com\/de?s={search_term_string}"},"query-input":{"@type":"PropertyValueSpecification","valueRequired":true,"valueName":"search_term_string"}}],"inLanguage":"de"},{"@type":"Organization","@id":"https:\/\/growingpaper.com\/de#organization","name":"Growingpaper","url":"https:\/\/growingpaper.com\/de","logo":{"@type":"ImageObject","inLanguage":"de","@id":"https:\/\/growingpaper.com\/de#\/schema\/logo\/image\/","url":"https:\/\/growingpaper.com\/wp-content\/uploads\/2025\/11\/growingpaper-yoast-logo.png","contentUrl":"https:\/\/growingpaper.com\/wp-content\/uploads\/2025\/11\/growingpaper-yoast-logo.png","width":696,"height":696,"caption":"Growingpaper"},"image":{"@id":"https:\/\/growingpaper.com\/de#\/schema\/logo\/image\/"},"sameAs":["https:\/\/www.facebook.com\/growingpaper","https:\/\/www.instagram.com\/growingpaper_nl\/","https:\/\/www.linkedin.com\/company\/growingpaper\/"]}]}},"acf_fields":{"factor_pricing_table":false,"product_ribbon_text":"No Ribbon","product_ribbon_position":"Left","minimum_product_quantity":"30","product_design_file":false,"skip_options":["skip_holes"],"type_of_paper":false,"product_ribbon_text_custom":"","proof_print":false,"printing_options":false,"priority":"2"},"_links":{"self":[{"href":"https:\/\/growingpaper.com\/de\/wp-json\/wp\/v2\/product\/7998","targetHints":{"allow":["GET"]}}],"collection":[{"href":"https:\/\/growingpaper.com\/de\/wp-json\/wp\/v2\/product"}],"about":[{"href":"https:\/\/growingpaper.com\/de\/wp-json\/wp\/v2\/types\/product"}],"replies":[{"embeddable":true,"href":"https:\/\/growingpaper.com\/de\/wp-json\/wp\/v2\/comments?post=7998"}],"version-history":[{"count":5,"href":"https:\/\/growingpaper.com\/de\/wp-json\/wp\/v2\/product\/7998\/revisions"}],"predecessor-version":[{"id":17056,"href":"https:\/\/growingpaper.com\/de\/wp-json\/wp\/v2\/product\/7998\/revisions\/17056"}],"wp:featuredmedia":[{"embeddable":true,"href":"https:\/\/growingpaper.com\/de\/wp-json\/wp\/v2\/media\/11641"}],"wp:attachment":[{"href":"https:\/\/growingpaper.com\/de\/wp-json\/wp\/v2\/media?parent=7998"}],"wp:term":[{"taxonomy":"product_brand","embeddable":true,"href":"https:\/\/growingpaper.com\/de\/wp-json\/wp\/v2\/product_brand?post=7998"},{"taxonomy":"product_cat","embeddable":true,"href":"https:\/\/growingpaper.com\/de\/wp-json\/wp\/v2\/product_cat?post=7998"},{"taxonomy":"product_tag","embeddable":true,"href":"https:\/\/growingpaper.com\/de\/wp-json\/wp\/v2\/product_tag?post=7998"}],"curies":[{"name":"wp","href":"https:\/\/api.w.org\/{rel}","templated":true}]}}