{"id":7999,"date":"2024-10-28T14:45:41","date_gmt":"2024-10-28T14:45:41","guid":{"rendered":"https:\/\/growingpaper.com\/product\/individuell-gestaltete-samenpapier-flyer\/"},"modified":"2026-03-11T12:33:05","modified_gmt":"2026-03-11T11:33:05","slug":"individuell-gestaltete-samenpapier-flyer","status":"publish","type":"product","link":"https:\/\/growingpaper.com\/de\/product\/individuell-gestaltete-samenpapier-flyer","title":{"rendered":"Flyer"},"content":{"rendered":"<p>Unsere individuell gestaltbaren Flyer aus Samenpapier werden auf einpflanzbarem Papier mit echten Samen gedruckt so wird deine Botschaft nicht einfach weggeworfen, sondern w\u00e4chst zu wundersch\u00f6nen Blumen, Kr\u00e4utern oder Gr\u00fcnpflanzen heran.<\/p>\n<p>Perfekt f\u00fcr Events, Produkteinf\u00fchrungen, Mailings oder jede umweltbewusste Kampagne verwandeln diese Flyer deine Geschichte in etwas, das dein Publikum nicht nur erinnert, sondern auch pflegt.<\/p>\n<p>\u2714 In verschiedenen Gr\u00f6\u00dfen anpassbar<br \/>\n\u2714 Mit deinem eigenen Design bedruckt<br \/>\n\u2714 100 % biologisch abbaubar und mit viel Liebe (und Samen) hergestellt<\/p>\n<p>Jeder Flyer wird zu einer bl\u00fchenden Erinnerung an das nachhaltige Engagement deiner Marke. \ud83c\udf31<\/p>\n<p><strong>Bereit zum Drucken?<\/strong><br \/>\nF\u00fcr beste Ergebnisse folge unseren <a href=\"https:\/\/growingpaper.com\/de\/wissenswertes\/druckvorlage-erstellen\" target=\"_blank\" rel=\"noopener\">Designrichtlinien<\/a> und nutze unsere kostenlosen <a href=\"https:\/\/growingpaper.com\/de\/wissenswertes\/druckdatei\/blankovorlagen-zum-downloaden\" target=\"_blank\" rel=\"noopener\">Vorlagen<\/a>. So sehen deine individuell gestaltbaren Flyer aus Samenpapier gro\u00dfartig aus und bleiben umweltfreundlich.<\/p>\n<p><strong>Druckdatei hochladen<\/strong>: Diese kannst du ganz einfach im Checkout hochladen, sobald du deine Bestellung abschlie\u00dft.<\/p>\n","protected":false},"excerpt":{"rendered":"<p>Warum Flyer auf Samenpapier drucken?<\/p>\n<p>Flyer aus Samenpapier machen deine Botschaft zu etwas ganz Besonderem. Hergestellt aus recyceltem Papier mit eingearbeiteten Samen, erz\u00e4hlen sie deine Geschichte und k\u00f6nnen nach dem Einpflanzen zu Blumen, Kr\u00e4utern oder Pflanzen heranwachsen. So verbreitest du deine Botschaft nachhaltig und wirkungsvoll, weit \u00fcber das erste Lesen hinaus.<\/p>\n<p>Samenpapier-Flyer eignen sich ideal f\u00fcr Werbeaktionen, Events oder Markenkommunikation. Sie zeigen dein Engagement f\u00fcr die Umwelt und schenken den Empf\u00e4ngern eine greifbare Erinnerung, die mit der Zeit erbl\u00fcht. Ein einfacher Flyer mit einer starken Botschaft f\u00fcr deine Zielgruppe und unseren Planeten.<\/p>\n","protected":false},"featured_media":11509,"comment_status":"open","ping_status":"closed","template":"","meta":{"_acf_changed":false,"inline_featured_image":false,"footnotes":""},"product_brand":[],"product_cat":[142,144,145,191,227],"product_tag":[],"class_list":{"0":"post-7999","1":"product","2":"type-product","3":"status-publish","4":"has-post-thumbnail","6":"product_cat-individuell-gestaltete-produkte-de","7":"product_cat-eventprodukte","8":"product_cat-werbeartikel","9":"product_cat-flyer-aus-samenpapier","10":"product_cat-druckprodukte-fur-unternehmen","12":"first","13":"instock","14":"taxable","15":"shipping-taxable","16":"purchasable","17":"product-type-simple"},"acf":{"product_design_file":""},"yoast_head":"<!-- This site is optimized with the Yoast SEO plugin v27.2 - https:\/\/yoast.com\/product\/yoast-seo-wordpress\/ -->\n<title>Flyer - Growingpaper<\/title>\n<meta name=\"description\" content=\"Setze ein umweltfreundliches Zeichen mit individuell gestaltbaren Flyern aus Samenpapier. Hergestellt aus nachhaltigem Samenpapier, wachsen diese Flyer zu wundersch\u00f6nen Pflanzen heran.\" \/>\n<meta name=\"robots\" content=\"index, follow, max-snippet:-1, max-image-preview:large, max-video-preview:-1\" \/>\n<link rel=\"canonical\" href=\"https:\/\/growingpaper.com\/de\/product\/individuell-gestaltete-samenpapier-flyer\" \/>\n<meta property=\"og:locale\" content=\"de_DE\" \/>\n<meta property=\"og:type\" content=\"article\" \/>\n<meta property=\"og:title\" content=\"Flyer - Growingpaper\" \/>\n<meta property=\"og:description\" content=\"Setze ein umweltfreundliches Zeichen mit individuell gestaltbaren Flyern aus Samenpapier. Hergestellt aus nachhaltigem Samenpapier, wachsen diese Flyer zu wundersch\u00f6nen Pflanzen heran.\" \/>\n<meta property=\"og:url\" content=\"https:\/\/growingpaper.com\/de\/product\/individuell-gestaltete-samenpapier-flyer\" \/>\n<meta property=\"og:site_name\" content=\"Growingpaper\" \/>\n<meta property=\"article:publisher\" content=\"https:\/\/www.facebook.com\/growingpaper\" \/>\n<meta property=\"article:modified_time\" content=\"2026-03-11T11:33:05+00:00\" \/>\n<meta property=\"og:image\" content=\"https:\/\/growingpaper.com\/wp-content\/uploads\/2024\/10\/Custom-seed-paper-flyers.jpg\" \/>\n\t<meta property=\"og:image:width\" content=\"938\" \/>\n\t<meta property=\"og:image:height\" content=\"938\" \/>\n\t<meta property=\"og:image:type\" content=\"image\/jpeg\" \/>\n<meta name=\"twitter:card\" content=\"summary_large_image\" \/>\n<meta name=\"twitter:label1\" content=\"Gesch\u00e4tzte Lesezeit\" \/>\n\t<meta name=\"twitter:data1\" content=\"1\u00a0Minute\" \/>\n<script type=\"application\/ld+json\" class=\"yoast-schema-graph\">{\"@context\":\"https:\/\/schema.org\",\"@graph\":[{\"@type\":\"WebPage\",\"@id\":\"https:\/\/growingpaper.com\/de\/product\/individuell-gestaltete-samenpapier-flyer\",\"url\":\"https:\/\/growingpaper.com\/de\/product\/individuell-gestaltete-samenpapier-flyer\",\"name\":\"Flyer - Growingpaper\",\"isPartOf\":{\"@id\":\"https:\/\/growingpaper.com\/de#website\"},\"primaryImageOfPage\":{\"@id\":\"https:\/\/growingpaper.com\/de\/product\/individuell-gestaltete-samenpapier-flyer#primaryimage\"},\"image\":{\"@id\":\"https:\/\/growingpaper.com\/de\/product\/individuell-gestaltete-samenpapier-flyer#primaryimage\"},\"thumbnailUrl\":\"https:\/\/growingpaper.com\/wp-content\/uploads\/2024\/10\/Custom-seed-paper-flyers.jpg\",\"datePublished\":\"2024-10-28T14:45:41+00:00\",\"dateModified\":\"2026-03-11T11:33:05+00:00\",\"description\":\"Setze ein umweltfreundliches Zeichen mit individuell gestaltbaren Flyern aus Samenpapier. Hergestellt aus nachhaltigem Samenpapier, wachsen diese Flyer zu wundersch\u00f6nen Pflanzen heran.\",\"breadcrumb\":{\"@id\":\"https:\/\/growingpaper.com\/de\/product\/individuell-gestaltete-samenpapier-flyer#breadcrumb\"},\"inLanguage\":\"de\",\"potentialAction\":[{\"@type\":\"ReadAction\",\"target\":[\"https:\/\/growingpaper.com\/de\/product\/individuell-gestaltete-samenpapier-flyer\"]}]},{\"@type\":\"ImageObject\",\"inLanguage\":\"de\",\"@id\":\"https:\/\/growingpaper.com\/de\/product\/individuell-gestaltete-samenpapier-flyer#primaryimage\",\"url\":\"https:\/\/growingpaper.com\/wp-content\/uploads\/2024\/10\/Custom-seed-paper-flyers.jpg\",\"contentUrl\":\"https:\/\/growingpaper.com\/wp-content\/uploads\/2024\/10\/Custom-seed-paper-flyers.jpg\",\"width\":938,\"height\":938},{\"@type\":\"BreadcrumbList\",\"@id\":\"https:\/\/growingpaper.com\/de\/product\/individuell-gestaltete-samenpapier-flyer#breadcrumb\",\"itemListElement\":[{\"@type\":\"ListItem\",\"position\":1,\"name\":\"Home\",\"item\":\"https:\/\/growingpaper.com\/de\"},{\"@type\":\"ListItem\",\"position\":2,\"name\":\"Shop\",\"item\":\"https:\/\/growingpaper.com\/de\/shop\"},{\"@type\":\"ListItem\",\"position\":3,\"name\":\"Flyer\"}]},{\"@type\":\"WebSite\",\"@id\":\"https:\/\/growingpaper.com\/de#website\",\"url\":\"https:\/\/growingpaper.com\/de\",\"name\":\"Growingpaper\",\"description\":\"Duurzaam printen op groeipapier van Growingpaper\",\"publisher\":{\"@id\":\"https:\/\/growingpaper.com\/de#organization\"},\"potentialAction\":[{\"@type\":\"SearchAction\",\"target\":{\"@type\":\"EntryPoint\",\"urlTemplate\":\"https:\/\/growingpaper.com\/de?s={search_term_string}\"},\"query-input\":{\"@type\":\"PropertyValueSpecification\",\"valueRequired\":true,\"valueName\":\"search_term_string\"}}],\"inLanguage\":\"de\"},{\"@type\":\"Organization\",\"@id\":\"https:\/\/growingpaper.com\/de#organization\",\"name\":\"Growingpaper\",\"url\":\"https:\/\/growingpaper.com\/de\",\"logo\":{\"@type\":\"ImageObject\",\"inLanguage\":\"de\",\"@id\":\"https:\/\/growingpaper.com\/de#\/schema\/logo\/image\/\",\"url\":\"https:\/\/growingpaper.com\/wp-content\/uploads\/2025\/11\/growingpaper-yoast-logo.png\",\"contentUrl\":\"https:\/\/growingpaper.com\/wp-content\/uploads\/2025\/11\/growingpaper-yoast-logo.png\",\"width\":696,\"height\":696,\"caption\":\"Growingpaper\"},\"image\":{\"@id\":\"https:\/\/growingpaper.com\/de#\/schema\/logo\/image\/\"},\"sameAs\":[\"https:\/\/www.facebook.com\/growingpaper\",\"https:\/\/www.instagram.com\/growingpaper_nl\/\",\"https:\/\/www.linkedin.com\/company\/growingpaper\/\"]}]}<\/script>\n<!-- \/ Yoast SEO plugin. -->","yoast_head_json":{"title":"Flyer - Growingpaper","description":"Setze ein umweltfreundliches Zeichen mit individuell gestaltbaren Flyern aus Samenpapier. Hergestellt aus nachhaltigem Samenpapier, wachsen diese Flyer zu wundersch\u00f6nen Pflanzen heran.","robots":{"index":"index","follow":"follow","max-snippet":"max-snippet:-1","max-image-preview":"max-image-preview:large","max-video-preview":"max-video-preview:-1"},"canonical":"https:\/\/growingpaper.com\/de\/product\/individuell-gestaltete-samenpapier-flyer","og_locale":"de_DE","og_type":"article","og_title":"Flyer - Growingpaper","og_description":"Setze ein umweltfreundliches Zeichen mit individuell gestaltbaren Flyern aus Samenpapier. Hergestellt aus nachhaltigem Samenpapier, wachsen diese Flyer zu wundersch\u00f6nen Pflanzen heran.","og_url":"https:\/\/growingpaper.com\/de\/product\/individuell-gestaltete-samenpapier-flyer","og_site_name":"Growingpaper","article_publisher":"https:\/\/www.facebook.com\/growingpaper","article_modified_time":"2026-03-11T11:33:05+00:00","og_image":[{"width":938,"height":938,"url":"https:\/\/growingpaper.com\/wp-content\/uploads\/2024\/10\/Custom-seed-paper-flyers.jpg","type":"image\/jpeg"}],"twitter_card":"summary_large_image","twitter_misc":{"Gesch\u00e4tzte Lesezeit":"1\u00a0Minute"},"schema":{"@context":"https:\/\/schema.org","@graph":[{"@type":"WebPage","@id":"https:\/\/growingpaper.com\/de\/product\/individuell-gestaltete-samenpapier-flyer","url":"https:\/\/growingpaper.com\/de\/product\/individuell-gestaltete-samenpapier-flyer","name":"Flyer - Growingpaper","isPartOf":{"@id":"https:\/\/growingpaper.com\/de#website"},"primaryImageOfPage":{"@id":"https:\/\/growingpaper.com\/de\/product\/individuell-gestaltete-samenpapier-flyer#primaryimage"},"image":{"@id":"https:\/\/growingpaper.com\/de\/product\/individuell-gestaltete-samenpapier-flyer#primaryimage"},"thumbnailUrl":"https:\/\/growingpaper.com\/wp-content\/uploads\/2024\/10\/Custom-seed-paper-flyers.jpg","datePublished":"2024-10-28T14:45:41+00:00","dateModified":"2026-03-11T11:33:05+00:00","description":"Setze ein umweltfreundliches Zeichen mit individuell gestaltbaren Flyern aus Samenpapier. Hergestellt aus nachhaltigem Samenpapier, wachsen diese Flyer zu wundersch\u00f6nen Pflanzen heran.","breadcrumb":{"@id":"https:\/\/growingpaper.com\/de\/product\/individuell-gestaltete-samenpapier-flyer#breadcrumb"},"inLanguage":"de","potentialAction":[{"@type":"ReadAction","target":["https:\/\/growingpaper.com\/de\/product\/individuell-gestaltete-samenpapier-flyer"]}]},{"@type":"ImageObject","inLanguage":"de","@id":"https:\/\/growingpaper.com\/de\/product\/individuell-gestaltete-samenpapier-flyer#primaryimage","url":"https:\/\/growingpaper.com\/wp-content\/uploads\/2024\/10\/Custom-seed-paper-flyers.jpg","contentUrl":"https:\/\/growingpaper.com\/wp-content\/uploads\/2024\/10\/Custom-seed-paper-flyers.jpg","width":938,"height":938},{"@type":"BreadcrumbList","@id":"https:\/\/growingpaper.com\/de\/product\/individuell-gestaltete-samenpapier-flyer#breadcrumb","itemListElement":[{"@type":"ListItem","position":1,"name":"Home","item":"https:\/\/growingpaper.com\/de"},{"@type":"ListItem","position":2,"name":"Shop","item":"https:\/\/growingpaper.com\/de\/shop"},{"@type":"ListItem","position":3,"name":"Flyer"}]},{"@type":"WebSite","@id":"https:\/\/growingpaper.com\/de#website","url":"https:\/\/growingpaper.com\/de","name":"Growingpaper","description":"Duurzaam printen op groeipapier van Growingpaper","publisher":{"@id":"https:\/\/growingpaper.com\/de#organization"},"potentialAction":[{"@type":"SearchAction","target":{"@type":"EntryPoint","urlTemplate":"https:\/\/growingpaper.com\/de?s={search_term_string}"},"query-input":{"@type":"PropertyValueSpecification","valueRequired":true,"valueName":"search_term_string"}}],"inLanguage":"de"},{"@type":"Organization","@id":"https:\/\/growingpaper.com\/de#organization","name":"Growingpaper","url":"https:\/\/growingpaper.com\/de","logo":{"@type":"ImageObject","inLanguage":"de","@id":"https:\/\/growingpaper.com\/de#\/schema\/logo\/image\/","url":"https:\/\/growingpaper.com\/wp-content\/uploads\/2025\/11\/growingpaper-yoast-logo.png","contentUrl":"https:\/\/growingpaper.com\/wp-content\/uploads\/2025\/11\/growingpaper-yoast-logo.png","width":696,"height":696,"caption":"Growingpaper"},"image":{"@id":"https:\/\/growingpaper.com\/de#\/schema\/logo\/image\/"},"sameAs":["https:\/\/www.facebook.com\/growingpaper","https:\/\/www.instagram.com\/growingpaper_nl\/","https:\/\/www.linkedin.com\/company\/growingpaper\/"]}]}},"acf_fields":{"factor_pricing_table":false,"product_ribbon_text":"No Ribbon","product_ribbon_position":"Left","minimum_product_quantity":"30","product_design_file":false,"skip_options":["skip_holes"],"type_of_paper":false,"printing_options":false,"proof_print":false,"product_ribbon_text_custom":"","priority":"3"},"_links":{"self":[{"href":"https:\/\/growingpaper.com\/de\/wp-json\/wp\/v2\/product\/7999","targetHints":{"allow":["GET"]}}],"collection":[{"href":"https:\/\/growingpaper.com\/de\/wp-json\/wp\/v2\/product"}],"about":[{"href":"https:\/\/growingpaper.com\/de\/wp-json\/wp\/v2\/types\/product"}],"replies":[{"embeddable":true,"href":"https:\/\/growingpaper.com\/de\/wp-json\/wp\/v2\/comments?post=7999"}],"version-history":[{"count":4,"href":"https:\/\/growingpaper.com\/de\/wp-json\/wp\/v2\/product\/7999\/revisions"}],"predecessor-version":[{"id":17038,"href":"https:\/\/growingpaper.com\/de\/wp-json\/wp\/v2\/product\/7999\/revisions\/17038"}],"wp:featuredmedia":[{"embeddable":true,"href":"https:\/\/growingpaper.com\/de\/wp-json\/wp\/v2\/media\/11509"}],"wp:attachment":[{"href":"https:\/\/growingpaper.com\/de\/wp-json\/wp\/v2\/media?parent=7999"}],"wp:term":[{"taxonomy":"product_brand","embeddable":true,"href":"https:\/\/growingpaper.com\/de\/wp-json\/wp\/v2\/product_brand?post=7999"},{"taxonomy":"product_cat","embeddable":true,"href":"https:\/\/growingpaper.com\/de\/wp-json\/wp\/v2\/product_cat?post=7999"},{"taxonomy":"product_tag","embeddable":true,"href":"https:\/\/growingpaper.com\/de\/wp-json\/wp\/v2\/product_tag?post=7999"}],"curies":[{"name":"wp","href":"https:\/\/api.w.org\/{rel}","templated":true}]}}