{"id":8697,"date":"2025-08-11T16:21:37","date_gmt":"2025-08-11T14:21:37","guid":{"rendered":"https:\/\/growingpaper.com\/?post_type=product&#038;p=8697"},"modified":"2026-03-30T13:17:27","modified_gmt":"2026-03-30T11:17:27","slug":"musterset","status":"publish","type":"product","link":"https:\/\/growingpaper.com\/de\/product\/musterset","title":{"rendered":"Musterset"},"content":{"rendered":"<p>Du m\u00f6chtest alle unsere Grammaturen einmal live erleben? Dann bestell dir unser Musterset.<\/p>\n","protected":false},"excerpt":{"rendered":"<h3>Warum ein Musterset bestellen?<\/h3>\n<p>Mit unserem Musterset erh\u00e4ltst du einen umfassenden \u00dcberblick \u00fcber alle verf\u00fcgbaren Grammaturen und Papiervarianten. So kannst du Haptik, St\u00e4rke und Druckwirkung direkt vergleichen und herausfinden, welches Samenpapier am besten zu deinem Projekt passt. Das Musterset hilft dir, fundierte Entscheidungen zu treffen, Designs optimal vorzubereiten und deinen Kunden oder Kollegen die M\u00f6glichkeiten live zu zeigen.<\/p>\n","protected":false},"featured_media":6024,"comment_status":"closed","ping_status":"closed","template":"","meta":{"_acf_changed":false,"inline_featured_image":false,"footnotes":""},"product_brand":[],"product_cat":[239],"product_tag":[],"class_list":{"0":"post-8697","1":"product","2":"type-product","3":"status-publish","4":"has-post-thumbnail","6":"product_cat-produktmuster","7":"product_shipping_class-sample-set","9":"first","10":"instock","11":"sold-individually","12":"taxable","13":"shipping-taxable","14":"purchasable","15":"product-type-simple"},"acf":{"product_design_file":""},"yoast_head":"<!-- This site is optimized with the Yoast SEO plugin v27.2 - https:\/\/yoast.com\/product\/yoast-seo-wordpress\/ -->\n<title>Musterset - Growingpaper<\/title>\n<meta name=\"description\" content=\"Entdecke Haptik und Qualit\u00e4t unseres nachhaltigen Samenpapiers. Dieses Musterset enth\u00e4lt alle Grammaturen und ist ideal zum Ansehen, F\u00fchlen und Ausw\u00e4hlen.\" \/>\n<meta name=\"robots\" content=\"index, follow, max-snippet:-1, max-image-preview:large, max-video-preview:-1\" \/>\n<link rel=\"canonical\" href=\"https:\/\/growingpaper.com\/de\/product\/musterset\" \/>\n<meta property=\"og:locale\" content=\"de_DE\" \/>\n<meta property=\"og:type\" content=\"article\" \/>\n<meta property=\"og:title\" content=\"Musterset - Growingpaper\" \/>\n<meta property=\"og:description\" content=\"Entdecke Haptik und Qualit\u00e4t unseres nachhaltigen Samenpapiers. Dieses Musterset enth\u00e4lt alle Grammaturen und ist ideal zum Ansehen, F\u00fchlen und Ausw\u00e4hlen.\" \/>\n<meta property=\"og:url\" content=\"https:\/\/growingpaper.com\/de\/product\/musterset\" \/>\n<meta property=\"og:site_name\" content=\"Growingpaper\" \/>\n<meta property=\"article:publisher\" content=\"https:\/\/www.facebook.com\/growingpaper\" \/>\n<meta property=\"article:modified_time\" content=\"2026-03-30T11:17:27+00:00\" \/>\n<meta property=\"og:image\" content=\"https:\/\/growingpaper.com\/wp-content\/uploads\/2025\/04\/Image_Sampleset_DE.png\" \/>\n\t<meta property=\"og:image:width\" content=\"1080\" \/>\n\t<meta property=\"og:image:height\" content=\"1080\" \/>\n\t<meta property=\"og:image:type\" content=\"image\/png\" \/>\n<meta name=\"twitter:card\" content=\"summary_large_image\" \/>\n<meta name=\"twitter:label1\" content=\"Gesch\u00e4tzte Lesezeit\" \/>\n\t<meta name=\"twitter:data1\" content=\"1\u00a0Minute\" \/>\n<script type=\"application\/ld+json\" class=\"yoast-schema-graph\">{\"@context\":\"https:\/\/schema.org\",\"@graph\":[{\"@type\":\"WebPage\",\"@id\":\"https:\/\/growingpaper.com\/de\/product\/musterset\",\"url\":\"https:\/\/growingpaper.com\/de\/product\/musterset\",\"name\":\"Musterset - Growingpaper\",\"isPartOf\":{\"@id\":\"https:\/\/growingpaper.com\/de#website\"},\"primaryImageOfPage\":{\"@id\":\"https:\/\/growingpaper.com\/de\/product\/musterset#primaryimage\"},\"image\":{\"@id\":\"https:\/\/growingpaper.com\/de\/product\/musterset#primaryimage\"},\"thumbnailUrl\":\"https:\/\/growingpaper.com\/wp-content\/uploads\/2025\/04\/Image_Sampleset_DE.png\",\"datePublished\":\"2025-08-11T14:21:37+00:00\",\"dateModified\":\"2026-03-30T11:17:27+00:00\",\"description\":\"Entdecke Haptik und Qualit\u00e4t unseres nachhaltigen Samenpapiers. Dieses Musterset enth\u00e4lt alle Grammaturen und ist ideal zum Ansehen, F\u00fchlen und Ausw\u00e4hlen.\",\"breadcrumb\":{\"@id\":\"https:\/\/growingpaper.com\/de\/product\/musterset#breadcrumb\"},\"inLanguage\":\"de\",\"potentialAction\":[{\"@type\":\"ReadAction\",\"target\":[\"https:\/\/growingpaper.com\/de\/product\/musterset\"]}]},{\"@type\":\"ImageObject\",\"inLanguage\":\"de\",\"@id\":\"https:\/\/growingpaper.com\/de\/product\/musterset#primaryimage\",\"url\":\"https:\/\/growingpaper.com\/wp-content\/uploads\/2025\/04\/Image_Sampleset_DE.png\",\"contentUrl\":\"https:\/\/growingpaper.com\/wp-content\/uploads\/2025\/04\/Image_Sampleset_DE.png\",\"width\":1080,\"height\":1080,\"caption\":\"image musterset DE\"},{\"@type\":\"BreadcrumbList\",\"@id\":\"https:\/\/growingpaper.com\/de\/product\/musterset#breadcrumb\",\"itemListElement\":[{\"@type\":\"ListItem\",\"position\":1,\"name\":\"Home\",\"item\":\"https:\/\/growingpaper.com\/de\"},{\"@type\":\"ListItem\",\"position\":2,\"name\":\"Shop\",\"item\":\"https:\/\/growingpaper.com\/de\/shop\"},{\"@type\":\"ListItem\",\"position\":3,\"name\":\"Musterset\"}]},{\"@type\":\"WebSite\",\"@id\":\"https:\/\/growingpaper.com\/de#website\",\"url\":\"https:\/\/growingpaper.com\/de\",\"name\":\"Growingpaper\",\"description\":\"Duurzaam printen op groeipapier van Growingpaper\",\"publisher\":{\"@id\":\"https:\/\/growingpaper.com\/de#organization\"},\"potentialAction\":[{\"@type\":\"SearchAction\",\"target\":{\"@type\":\"EntryPoint\",\"urlTemplate\":\"https:\/\/growingpaper.com\/de?s={search_term_string}\"},\"query-input\":{\"@type\":\"PropertyValueSpecification\",\"valueRequired\":true,\"valueName\":\"search_term_string\"}}],\"inLanguage\":\"de\"},{\"@type\":\"Organization\",\"@id\":\"https:\/\/growingpaper.com\/de#organization\",\"name\":\"Growingpaper\",\"url\":\"https:\/\/growingpaper.com\/de\",\"logo\":{\"@type\":\"ImageObject\",\"inLanguage\":\"de\",\"@id\":\"https:\/\/growingpaper.com\/de#\/schema\/logo\/image\/\",\"url\":\"https:\/\/growingpaper.com\/wp-content\/uploads\/2025\/11\/growingpaper-yoast-logo.png\",\"contentUrl\":\"https:\/\/growingpaper.com\/wp-content\/uploads\/2025\/11\/growingpaper-yoast-logo.png\",\"width\":696,\"height\":696,\"caption\":\"Growingpaper\"},\"image\":{\"@id\":\"https:\/\/growingpaper.com\/de#\/schema\/logo\/image\/\"},\"sameAs\":[\"https:\/\/www.facebook.com\/growingpaper\",\"https:\/\/www.instagram.com\/growingpaper_nl\/\",\"https:\/\/www.linkedin.com\/company\/growingpaper\/\"]}]}<\/script>\n<!-- \/ Yoast SEO plugin. -->","yoast_head_json":{"title":"Musterset - Growingpaper","description":"Entdecke Haptik und Qualit\u00e4t unseres nachhaltigen Samenpapiers. Dieses Musterset enth\u00e4lt alle Grammaturen und ist ideal zum Ansehen, F\u00fchlen und Ausw\u00e4hlen.","robots":{"index":"index","follow":"follow","max-snippet":"max-snippet:-1","max-image-preview":"max-image-preview:large","max-video-preview":"max-video-preview:-1"},"canonical":"https:\/\/growingpaper.com\/de\/product\/musterset","og_locale":"de_DE","og_type":"article","og_title":"Musterset - Growingpaper","og_description":"Entdecke Haptik und Qualit\u00e4t unseres nachhaltigen Samenpapiers. Dieses Musterset enth\u00e4lt alle Grammaturen und ist ideal zum Ansehen, F\u00fchlen und Ausw\u00e4hlen.","og_url":"https:\/\/growingpaper.com\/de\/product\/musterset","og_site_name":"Growingpaper","article_publisher":"https:\/\/www.facebook.com\/growingpaper","article_modified_time":"2026-03-30T11:17:27+00:00","og_image":[{"width":1080,"height":1080,"url":"https:\/\/growingpaper.com\/wp-content\/uploads\/2025\/04\/Image_Sampleset_DE.png","type":"image\/png"}],"twitter_card":"summary_large_image","twitter_misc":{"Gesch\u00e4tzte Lesezeit":"1\u00a0Minute"},"schema":{"@context":"https:\/\/schema.org","@graph":[{"@type":"WebPage","@id":"https:\/\/growingpaper.com\/de\/product\/musterset","url":"https:\/\/growingpaper.com\/de\/product\/musterset","name":"Musterset - Growingpaper","isPartOf":{"@id":"https:\/\/growingpaper.com\/de#website"},"primaryImageOfPage":{"@id":"https:\/\/growingpaper.com\/de\/product\/musterset#primaryimage"},"image":{"@id":"https:\/\/growingpaper.com\/de\/product\/musterset#primaryimage"},"thumbnailUrl":"https:\/\/growingpaper.com\/wp-content\/uploads\/2025\/04\/Image_Sampleset_DE.png","datePublished":"2025-08-11T14:21:37+00:00","dateModified":"2026-03-30T11:17:27+00:00","description":"Entdecke Haptik und Qualit\u00e4t unseres nachhaltigen Samenpapiers. Dieses Musterset enth\u00e4lt alle Grammaturen und ist ideal zum Ansehen, F\u00fchlen und Ausw\u00e4hlen.","breadcrumb":{"@id":"https:\/\/growingpaper.com\/de\/product\/musterset#breadcrumb"},"inLanguage":"de","potentialAction":[{"@type":"ReadAction","target":["https:\/\/growingpaper.com\/de\/product\/musterset"]}]},{"@type":"ImageObject","inLanguage":"de","@id":"https:\/\/growingpaper.com\/de\/product\/musterset#primaryimage","url":"https:\/\/growingpaper.com\/wp-content\/uploads\/2025\/04\/Image_Sampleset_DE.png","contentUrl":"https:\/\/growingpaper.com\/wp-content\/uploads\/2025\/04\/Image_Sampleset_DE.png","width":1080,"height":1080,"caption":"image musterset DE"},{"@type":"BreadcrumbList","@id":"https:\/\/growingpaper.com\/de\/product\/musterset#breadcrumb","itemListElement":[{"@type":"ListItem","position":1,"name":"Home","item":"https:\/\/growingpaper.com\/de"},{"@type":"ListItem","position":2,"name":"Shop","item":"https:\/\/growingpaper.com\/de\/shop"},{"@type":"ListItem","position":3,"name":"Musterset"}]},{"@type":"WebSite","@id":"https:\/\/growingpaper.com\/de#website","url":"https:\/\/growingpaper.com\/de","name":"Growingpaper","description":"Duurzaam printen op groeipapier van Growingpaper","publisher":{"@id":"https:\/\/growingpaper.com\/de#organization"},"potentialAction":[{"@type":"SearchAction","target":{"@type":"EntryPoint","urlTemplate":"https:\/\/growingpaper.com\/de?s={search_term_string}"},"query-input":{"@type":"PropertyValueSpecification","valueRequired":true,"valueName":"search_term_string"}}],"inLanguage":"de"},{"@type":"Organization","@id":"https:\/\/growingpaper.com\/de#organization","name":"Growingpaper","url":"https:\/\/growingpaper.com\/de","logo":{"@type":"ImageObject","inLanguage":"de","@id":"https:\/\/growingpaper.com\/de#\/schema\/logo\/image\/","url":"https:\/\/growingpaper.com\/wp-content\/uploads\/2025\/11\/growingpaper-yoast-logo.png","contentUrl":"https:\/\/growingpaper.com\/wp-content\/uploads\/2025\/11\/growingpaper-yoast-logo.png","width":696,"height":696,"caption":"Growingpaper"},"image":{"@id":"https:\/\/growingpaper.com\/de#\/schema\/logo\/image\/"},"sameAs":["https:\/\/www.facebook.com\/growingpaper","https:\/\/www.instagram.com\/growingpaper_nl\/","https:\/\/www.linkedin.com\/company\/growingpaper\/"]}]}},"acf_fields":{"product_design_file":false,"minimum_product_quantity":"1","factor_pricing_table":false,"product_ribbon_text":"Best Seller","product_ribbon_text_custom":"Kostenlos","product_ribbon_position":"Left"},"_links":{"self":[{"href":"https:\/\/growingpaper.com\/de\/wp-json\/wp\/v2\/product\/8697","targetHints":{"allow":["GET"]}}],"collection":[{"href":"https:\/\/growingpaper.com\/de\/wp-json\/wp\/v2\/product"}],"about":[{"href":"https:\/\/growingpaper.com\/de\/wp-json\/wp\/v2\/types\/product"}],"replies":[{"embeddable":true,"href":"https:\/\/growingpaper.com\/de\/wp-json\/wp\/v2\/comments?post=8697"}],"version-history":[{"count":3,"href":"https:\/\/growingpaper.com\/de\/wp-json\/wp\/v2\/product\/8697\/revisions"}],"predecessor-version":[{"id":18371,"href":"https:\/\/growingpaper.com\/de\/wp-json\/wp\/v2\/product\/8697\/revisions\/18371"}],"wp:featuredmedia":[{"embeddable":true,"href":"https:\/\/growingpaper.com\/de\/wp-json\/wp\/v2\/media\/6024"}],"wp:attachment":[{"href":"https:\/\/growingpaper.com\/de\/wp-json\/wp\/v2\/media?parent=8697"}],"wp:term":[{"taxonomy":"product_brand","embeddable":true,"href":"https:\/\/growingpaper.com\/de\/wp-json\/wp\/v2\/product_brand?post=8697"},{"taxonomy":"product_cat","embeddable":true,"href":"https:\/\/growingpaper.com\/de\/wp-json\/wp\/v2\/product_cat?post=8697"},{"taxonomy":"product_tag","embeddable":true,"href":"https:\/\/growingpaper.com\/de\/wp-json\/wp\/v2\/product_tag?post=8697"}],"curies":[{"name":"wp","href":"https:\/\/api.w.org\/{rel}","templated":true}]}}