{"id":9652,"date":"2025-02-24T13:44:10","date_gmt":"2025-02-24T12:44:10","guid":{"rendered":"https:\/\/growingpaper.com\/product\/c5-briefumschlag-bio-top"},"modified":"2025-11-19T13:51:54","modified_gmt":"2025-11-19T12:51:54","slug":"c5-briefumschlag-bio-top","status":"publish","type":"product","link":"https:\/\/growingpaper.com\/de\/product\/c5-briefumschlag-bio-top","title":{"rendered":"C5 Briefumschlag \u2013 Bio Top"},"content":{"rendered":"<p><strong data-start=\"0\" data-end=\"10\" data-is-only-node=\"\">Gr\u00f6\u00dfe:<\/strong> 229 x 156 mm (passt f\u00fcr eine A5- oder gefaltete A4-Karte)<br data-start=\"68\" data-end=\"71\" \/><strong data-start=\"71\" data-end=\"81\">Farbe:<\/strong> Naturwei\u00df<br data-start=\"91\" data-end=\"94\" \/><strong data-start=\"94\" data-end=\"110\">Herstellung:<\/strong> Produziert ohne den Einsatz von optischen Aufhellern, 100 % chlorfrei (PCF-Verfahren).<\/p>\n","protected":false},"excerpt":{"rendered":"<p data-start=\"0\" data-end=\"330\">Unsere Bio Top Briefumschl\u00e4ge sind eine umweltfreundliche Alternative, die Abfall reduziert und gleichzeitig eine hochwertige, nat\u00fcrliche Optik bewahrt. Die Briefumschl\u00e4ge werden ohne optische Aufheller in einem 100 % chlorfreien Verfahren (PCF) hergestellt. Unser Lieferant ist nach ISO 14001 f\u00fcr Umweltmanagement zertifiziert.<\/p>\n<p data-start=\"332\" data-end=\"409\" data-is-last-node=\"\" data-is-only-node=\"\">Ideal f\u00fcr nachhaltige Papeterie, Einladungen und gesch\u00e4ftliche Anwendungen.<\/p>\n","protected":false},"featured_media":12809,"comment_status":"open","ping_status":"closed","template":"","meta":{"_acf_changed":false,"inline_featured_image":false,"footnotes":""},"product_brand":[],"product_cat":[157],"product_tag":[],"class_list":{"0":"post-9652","1":"product","2":"type-product","3":"status-publish","4":"has-post-thumbnail","6":"product_cat-briefumschlage","8":"first","9":"instock","10":"taxable","11":"shipping-taxable","12":"purchasable","13":"product-type-simple"},"acf":{"product_design_file":""},"yoast_head":"<!-- This site is optimized with the Yoast SEO plugin v27.2 - https:\/\/yoast.com\/product\/yoast-seo-wordpress\/ -->\n<title>C5 Briefumschlag \u2013 Bio Top - Growingpaper<\/title>\n<meta name=\"description\" content=\"Nachhaltiger C5 Bio Top Briefumschlag. Unsere Bio Top Briefumschl\u00e4ge sind eine umweltfreundliche Alternative, die Abfall reduziert und gleichzeitig eine hochwertige, nat\u00fcrliche Optik bewahrt.\" \/>\n<meta name=\"robots\" content=\"index, follow, max-snippet:-1, max-image-preview:large, max-video-preview:-1\" \/>\n<link rel=\"canonical\" href=\"https:\/\/growingpaper.com\/de\/product\/c5-briefumschlag-bio-top\" \/>\n<meta property=\"og:locale\" content=\"de_DE\" \/>\n<meta property=\"og:type\" content=\"article\" \/>\n<meta property=\"og:title\" content=\"C5 Briefumschlag \u2013 Bio Top - Growingpaper\" \/>\n<meta property=\"og:description\" content=\"Nachhaltiger C5 Bio Top Briefumschlag. Unsere Bio Top Briefumschl\u00e4ge sind eine umweltfreundliche Alternative, die Abfall reduziert und gleichzeitig eine hochwertige, nat\u00fcrliche Optik bewahrt.\" \/>\n<meta property=\"og:url\" content=\"https:\/\/growingpaper.com\/de\/product\/c5-briefumschlag-bio-top\" \/>\n<meta property=\"og:site_name\" content=\"Growingpaper\" \/>\n<meta property=\"article:publisher\" content=\"https:\/\/www.facebook.com\/growingpaper\" \/>\n<meta property=\"article:modified_time\" content=\"2025-11-19T12:51:54+00:00\" \/>\n<meta property=\"og:image\" content=\"https:\/\/growingpaper.com\/wp-content\/uploads\/2025\/02\/bio-top-c5-white-bg-scaled.jpg\" \/>\n\t<meta property=\"og:image:width\" content=\"2560\" \/>\n\t<meta property=\"og:image:height\" content=\"2560\" \/>\n\t<meta property=\"og:image:type\" content=\"image\/jpeg\" \/>\n<meta name=\"twitter:card\" content=\"summary_large_image\" \/>\n<meta name=\"twitter:label1\" content=\"Gesch\u00e4tzte Lesezeit\" \/>\n\t<meta name=\"twitter:data1\" content=\"1\u00a0Minute\" \/>\n<script type=\"application\/ld+json\" class=\"yoast-schema-graph\">{\"@context\":\"https:\/\/schema.org\",\"@graph\":[{\"@type\":\"WebPage\",\"@id\":\"https:\/\/growingpaper.com\/de\/product\/c5-briefumschlag-bio-top\",\"url\":\"https:\/\/growingpaper.com\/de\/product\/c5-briefumschlag-bio-top\",\"name\":\"C5 Briefumschlag \u2013 Bio Top - Growingpaper\",\"isPartOf\":{\"@id\":\"https:\/\/growingpaper.com\/de#website\"},\"primaryImageOfPage\":{\"@id\":\"https:\/\/growingpaper.com\/de\/product\/c5-briefumschlag-bio-top#primaryimage\"},\"image\":{\"@id\":\"https:\/\/growingpaper.com\/de\/product\/c5-briefumschlag-bio-top#primaryimage\"},\"thumbnailUrl\":\"https:\/\/growingpaper.com\/wp-content\/uploads\/2025\/02\/bio-top-c5-white-bg-scaled.jpg\",\"datePublished\":\"2025-02-24T12:44:10+00:00\",\"dateModified\":\"2025-11-19T12:51:54+00:00\",\"description\":\"Nachhaltiger C5 Bio Top Briefumschlag. Unsere Bio Top Briefumschl\u00e4ge sind eine umweltfreundliche Alternative, die Abfall reduziert und gleichzeitig eine hochwertige, nat\u00fcrliche Optik bewahrt.\",\"breadcrumb\":{\"@id\":\"https:\/\/growingpaper.com\/de\/product\/c5-briefumschlag-bio-top#breadcrumb\"},\"inLanguage\":\"de\",\"potentialAction\":[{\"@type\":\"ReadAction\",\"target\":[\"https:\/\/growingpaper.com\/de\/product\/c5-briefumschlag-bio-top\"]}]},{\"@type\":\"ImageObject\",\"inLanguage\":\"de\",\"@id\":\"https:\/\/growingpaper.com\/de\/product\/c5-briefumschlag-bio-top#primaryimage\",\"url\":\"https:\/\/growingpaper.com\/wp-content\/uploads\/2025\/02\/bio-top-c5-white-bg-scaled.jpg\",\"contentUrl\":\"https:\/\/growingpaper.com\/wp-content\/uploads\/2025\/02\/bio-top-c5-white-bg-scaled.jpg\",\"width\":2560,\"height\":2560},{\"@type\":\"BreadcrumbList\",\"@id\":\"https:\/\/growingpaper.com\/de\/product\/c5-briefumschlag-bio-top#breadcrumb\",\"itemListElement\":[{\"@type\":\"ListItem\",\"position\":1,\"name\":\"Home\",\"item\":\"https:\/\/growingpaper.com\/de\"},{\"@type\":\"ListItem\",\"position\":2,\"name\":\"Shop\",\"item\":\"https:\/\/growingpaper.com\/de\/shop\"},{\"@type\":\"ListItem\",\"position\":3,\"name\":\"C5 Briefumschlag \u2013 Bio Top\"}]},{\"@type\":\"WebSite\",\"@id\":\"https:\/\/growingpaper.com\/de#website\",\"url\":\"https:\/\/growingpaper.com\/de\",\"name\":\"Growingpaper\",\"description\":\"Duurzaam printen op groeipapier van Growingpaper\",\"publisher\":{\"@id\":\"https:\/\/growingpaper.com\/de#organization\"},\"potentialAction\":[{\"@type\":\"SearchAction\",\"target\":{\"@type\":\"EntryPoint\",\"urlTemplate\":\"https:\/\/growingpaper.com\/de?s={search_term_string}\"},\"query-input\":{\"@type\":\"PropertyValueSpecification\",\"valueRequired\":true,\"valueName\":\"search_term_string\"}}],\"inLanguage\":\"de\"},{\"@type\":\"Organization\",\"@id\":\"https:\/\/growingpaper.com\/de#organization\",\"name\":\"Growingpaper\",\"url\":\"https:\/\/growingpaper.com\/de\",\"logo\":{\"@type\":\"ImageObject\",\"inLanguage\":\"de\",\"@id\":\"https:\/\/growingpaper.com\/de#\/schema\/logo\/image\/\",\"url\":\"https:\/\/growingpaper.com\/wp-content\/uploads\/2025\/11\/growingpaper-yoast-logo.png\",\"contentUrl\":\"https:\/\/growingpaper.com\/wp-content\/uploads\/2025\/11\/growingpaper-yoast-logo.png\",\"width\":696,\"height\":696,\"caption\":\"Growingpaper\"},\"image\":{\"@id\":\"https:\/\/growingpaper.com\/de#\/schema\/logo\/image\/\"},\"sameAs\":[\"https:\/\/www.facebook.com\/growingpaper\",\"https:\/\/www.instagram.com\/growingpaper_nl\/\",\"https:\/\/www.linkedin.com\/company\/growingpaper\/\"]}]}<\/script>\n<!-- \/ Yoast SEO plugin. -->","yoast_head_json":{"title":"C5 Briefumschlag \u2013 Bio Top - Growingpaper","description":"Nachhaltiger C5 Bio Top Briefumschlag. Unsere Bio Top Briefumschl\u00e4ge sind eine umweltfreundliche Alternative, die Abfall reduziert und gleichzeitig eine hochwertige, nat\u00fcrliche Optik bewahrt.","robots":{"index":"index","follow":"follow","max-snippet":"max-snippet:-1","max-image-preview":"max-image-preview:large","max-video-preview":"max-video-preview:-1"},"canonical":"https:\/\/growingpaper.com\/de\/product\/c5-briefumschlag-bio-top","og_locale":"de_DE","og_type":"article","og_title":"C5 Briefumschlag \u2013 Bio Top - Growingpaper","og_description":"Nachhaltiger C5 Bio Top Briefumschlag. Unsere Bio Top Briefumschl\u00e4ge sind eine umweltfreundliche Alternative, die Abfall reduziert und gleichzeitig eine hochwertige, nat\u00fcrliche Optik bewahrt.","og_url":"https:\/\/growingpaper.com\/de\/product\/c5-briefumschlag-bio-top","og_site_name":"Growingpaper","article_publisher":"https:\/\/www.facebook.com\/growingpaper","article_modified_time":"2025-11-19T12:51:54+00:00","og_image":[{"width":2560,"height":2560,"url":"https:\/\/growingpaper.com\/wp-content\/uploads\/2025\/02\/bio-top-c5-white-bg-scaled.jpg","type":"image\/jpeg"}],"twitter_card":"summary_large_image","twitter_misc":{"Gesch\u00e4tzte Lesezeit":"1\u00a0Minute"},"schema":{"@context":"https:\/\/schema.org","@graph":[{"@type":"WebPage","@id":"https:\/\/growingpaper.com\/de\/product\/c5-briefumschlag-bio-top","url":"https:\/\/growingpaper.com\/de\/product\/c5-briefumschlag-bio-top","name":"C5 Briefumschlag \u2013 Bio Top - Growingpaper","isPartOf":{"@id":"https:\/\/growingpaper.com\/de#website"},"primaryImageOfPage":{"@id":"https:\/\/growingpaper.com\/de\/product\/c5-briefumschlag-bio-top#primaryimage"},"image":{"@id":"https:\/\/growingpaper.com\/de\/product\/c5-briefumschlag-bio-top#primaryimage"},"thumbnailUrl":"https:\/\/growingpaper.com\/wp-content\/uploads\/2025\/02\/bio-top-c5-white-bg-scaled.jpg","datePublished":"2025-02-24T12:44:10+00:00","dateModified":"2025-11-19T12:51:54+00:00","description":"Nachhaltiger C5 Bio Top Briefumschlag. Unsere Bio Top Briefumschl\u00e4ge sind eine umweltfreundliche Alternative, die Abfall reduziert und gleichzeitig eine hochwertige, nat\u00fcrliche Optik bewahrt.","breadcrumb":{"@id":"https:\/\/growingpaper.com\/de\/product\/c5-briefumschlag-bio-top#breadcrumb"},"inLanguage":"de","potentialAction":[{"@type":"ReadAction","target":["https:\/\/growingpaper.com\/de\/product\/c5-briefumschlag-bio-top"]}]},{"@type":"ImageObject","inLanguage":"de","@id":"https:\/\/growingpaper.com\/de\/product\/c5-briefumschlag-bio-top#primaryimage","url":"https:\/\/growingpaper.com\/wp-content\/uploads\/2025\/02\/bio-top-c5-white-bg-scaled.jpg","contentUrl":"https:\/\/growingpaper.com\/wp-content\/uploads\/2025\/02\/bio-top-c5-white-bg-scaled.jpg","width":2560,"height":2560},{"@type":"BreadcrumbList","@id":"https:\/\/growingpaper.com\/de\/product\/c5-briefumschlag-bio-top#breadcrumb","itemListElement":[{"@type":"ListItem","position":1,"name":"Home","item":"https:\/\/growingpaper.com\/de"},{"@type":"ListItem","position":2,"name":"Shop","item":"https:\/\/growingpaper.com\/de\/shop"},{"@type":"ListItem","position":3,"name":"C5 Briefumschlag \u2013 Bio Top"}]},{"@type":"WebSite","@id":"https:\/\/growingpaper.com\/de#website","url":"https:\/\/growingpaper.com\/de","name":"Growingpaper","description":"Duurzaam printen op groeipapier van Growingpaper","publisher":{"@id":"https:\/\/growingpaper.com\/de#organization"},"potentialAction":[{"@type":"SearchAction","target":{"@type":"EntryPoint","urlTemplate":"https:\/\/growingpaper.com\/de?s={search_term_string}"},"query-input":{"@type":"PropertyValueSpecification","valueRequired":true,"valueName":"search_term_string"}}],"inLanguage":"de"},{"@type":"Organization","@id":"https:\/\/growingpaper.com\/de#organization","name":"Growingpaper","url":"https:\/\/growingpaper.com\/de","logo":{"@type":"ImageObject","inLanguage":"de","@id":"https:\/\/growingpaper.com\/de#\/schema\/logo\/image\/","url":"https:\/\/growingpaper.com\/wp-content\/uploads\/2025\/11\/growingpaper-yoast-logo.png","contentUrl":"https:\/\/growingpaper.com\/wp-content\/uploads\/2025\/11\/growingpaper-yoast-logo.png","width":696,"height":696,"caption":"Growingpaper"},"image":{"@id":"https:\/\/growingpaper.com\/de#\/schema\/logo\/image\/"},"sameAs":["https:\/\/www.facebook.com\/growingpaper","https:\/\/www.instagram.com\/growingpaper_nl\/","https:\/\/www.linkedin.com\/company\/growingpaper\/"]}]}},"acf_fields":{"factor_pricing_table":false,"product_ribbon_text":"No Ribbon","product_ribbon_position":"Left","minimum_product_quantity":"30","product_design_file":false,"product_ribbon_text_custom":""},"_links":{"self":[{"href":"https:\/\/growingpaper.com\/de\/wp-json\/wp\/v2\/product\/9652","targetHints":{"allow":["GET"]}}],"collection":[{"href":"https:\/\/growingpaper.com\/de\/wp-json\/wp\/v2\/product"}],"about":[{"href":"https:\/\/growingpaper.com\/de\/wp-json\/wp\/v2\/types\/product"}],"replies":[{"embeddable":true,"href":"https:\/\/growingpaper.com\/de\/wp-json\/wp\/v2\/comments?post=9652"}],"version-history":[{"count":1,"href":"https:\/\/growingpaper.com\/de\/wp-json\/wp\/v2\/product\/9652\/revisions"}],"predecessor-version":[{"id":12751,"href":"https:\/\/growingpaper.com\/de\/wp-json\/wp\/v2\/product\/9652\/revisions\/12751"}],"wp:featuredmedia":[{"embeddable":true,"href":"https:\/\/growingpaper.com\/de\/wp-json\/wp\/v2\/media\/12809"}],"wp:attachment":[{"href":"https:\/\/growingpaper.com\/de\/wp-json\/wp\/v2\/media?parent=9652"}],"wp:term":[{"taxonomy":"product_brand","embeddable":true,"href":"https:\/\/growingpaper.com\/de\/wp-json\/wp\/v2\/product_brand?post=9652"},{"taxonomy":"product_cat","embeddable":true,"href":"https:\/\/growingpaper.com\/de\/wp-json\/wp\/v2\/product_cat?post=9652"},{"taxonomy":"product_tag","embeddable":true,"href":"https:\/\/growingpaper.com\/de\/wp-json\/wp\/v2\/product_tag?post=9652"}],"curies":[{"name":"wp","href":"https:\/\/api.w.org\/{rel}","templated":true}]}}