{"id":9713,"date":"2025-02-24T12:18:50","date_gmt":"2025-02-24T11:18:50","guid":{"rendered":"https:\/\/growingpaper.com\/product\/c6-briefumschlag-paperwise"},"modified":"2025-11-19T13:55:30","modified_gmt":"2025-11-19T12:55:30","slug":"c6-briefumschlag-paperwise","status":"publish","type":"product","link":"https:\/\/growingpaper.com\/de\/product\/c6-briefumschlag-paperwise","title":{"rendered":"C6 Briefumschlag \u2013 PaperWise"},"content":{"rendered":"<p><strong data-start=\"0\" data-end=\"10\" data-is-only-node=\"\">Gr\u00f6\u00dfe:<\/strong> 162 x 114 mm (passt f\u00fcr A6-Karten)<br data-start=\"45\" data-end=\"48\" \/><strong data-start=\"48\" data-end=\"58\">Farbe:<\/strong> Beige (Farbton kann leicht variieren)<br data-start=\"96\" data-end=\"99\" \/><strong data-start=\"99\" data-end=\"112\">Material:<\/strong> PaperWise-Papier aus landwirtschaftlichen Reststoffen wie Bl\u00e4ttern und St\u00e4ngeln nach der Ernte<br data-start=\"207\" data-end=\"210\" \/><strong data-start=\"210\" data-end=\"225\">Verschluss:<\/strong> Gummierte spitze Klappe an der L\u00e4ngsseite<\/p>\n","protected":false},"excerpt":{"rendered":"<p data-start=\"0\" data-end=\"305\">Unsere PaperWise Briefumschl\u00e4ge sind eine umweltfreundliche Alternative, die Abfall reduziert und gleichzeitig eine hochwertige, nat\u00fcrliche Optik bewahrt. Durch die recycelte Herkunft des Papiers k\u00f6nnen leichte Farbabweichungen auftreten, die den Briefumschl\u00e4gen ihren einzigartigen Charakter verleihen.<\/p>\n<p data-start=\"307\" data-end=\"384\" data-is-last-node=\"\" data-is-only-node=\"\">Ideal f\u00fcr nachhaltige Papeterie, Einladungen und gesch\u00e4ftliche Anwendungen.<\/p>\n","protected":false},"featured_media":1874,"comment_status":"open","ping_status":"closed","template":"","meta":{"_acf_changed":false,"inline_featured_image":false,"footnotes":""},"product_brand":[],"product_cat":[157],"product_tag":[],"class_list":{"0":"post-9713","1":"product","2":"type-product","3":"status-publish","4":"has-post-thumbnail","6":"product_cat-briefumschlage","8":"first","9":"instock","10":"taxable","11":"shipping-taxable","12":"purchasable","13":"product-type-simple"},"acf":{"product_design_file":""},"yoast_head":"<!-- This site is optimized with the Yoast SEO plugin v27.2 - https:\/\/yoast.com\/product\/yoast-seo-wordpress\/ -->\n<title>C6 Briefumschlag \u2013 PaperWise - Growingpaper<\/title>\n<meta name=\"description\" content=\"Nachhaltiger C6 PaperWise Briefumschlag. Eine umweltfreundliche Alternative, die Abfall reduziert und gleichzeitig eine hochwertige, nat\u00fcrliche Optik bewahrt.\" \/>\n<meta name=\"robots\" content=\"index, follow, max-snippet:-1, max-image-preview:large, max-video-preview:-1\" \/>\n<link rel=\"canonical\" href=\"https:\/\/growingpaper.com\/de\/product\/c6-briefumschlag-paperwise\" \/>\n<meta property=\"og:locale\" content=\"de_DE\" \/>\n<meta property=\"og:type\" content=\"article\" \/>\n<meta property=\"og:title\" content=\"C6 Briefumschlag \u2013 PaperWise - Growingpaper\" \/>\n<meta property=\"og:description\" content=\"Nachhaltiger C6 PaperWise Briefumschlag. Eine umweltfreundliche Alternative, die Abfall reduziert und gleichzeitig eine hochwertige, nat\u00fcrliche Optik bewahrt.\" \/>\n<meta property=\"og:url\" content=\"https:\/\/growingpaper.com\/de\/product\/c6-briefumschlag-paperwise\" \/>\n<meta property=\"og:site_name\" content=\"Growingpaper\" \/>\n<meta property=\"article:publisher\" content=\"https:\/\/www.facebook.com\/growingpaper\" \/>\n<meta property=\"article:modified_time\" content=\"2025-11-19T12:55:30+00:00\" \/>\n<meta property=\"og:image\" content=\"https:\/\/growingpaper.com\/wp-content\/uploads\/2025\/02\/5-Size-C6-PaperWise.png\" \/>\n\t<meta property=\"og:image:width\" content=\"1000\" \/>\n\t<meta property=\"og:image:height\" content=\"1000\" \/>\n\t<meta property=\"og:image:type\" content=\"image\/png\" \/>\n<meta name=\"twitter:card\" content=\"summary_large_image\" \/>\n<meta name=\"twitter:label1\" content=\"Gesch\u00e4tzte Lesezeit\" \/>\n\t<meta name=\"twitter:data1\" content=\"1\u00a0Minute\" \/>\n<script type=\"application\/ld+json\" class=\"yoast-schema-graph\">{\"@context\":\"https:\/\/schema.org\",\"@graph\":[{\"@type\":\"WebPage\",\"@id\":\"https:\/\/growingpaper.com\/de\/product\/c6-briefumschlag-paperwise\",\"url\":\"https:\/\/growingpaper.com\/de\/product\/c6-briefumschlag-paperwise\",\"name\":\"C6 Briefumschlag \u2013 PaperWise - Growingpaper\",\"isPartOf\":{\"@id\":\"https:\/\/growingpaper.com\/de#website\"},\"primaryImageOfPage\":{\"@id\":\"https:\/\/growingpaper.com\/de\/product\/c6-briefumschlag-paperwise#primaryimage\"},\"image\":{\"@id\":\"https:\/\/growingpaper.com\/de\/product\/c6-briefumschlag-paperwise#primaryimage\"},\"thumbnailUrl\":\"https:\/\/growingpaper.com\/wp-content\/uploads\/2025\/02\/5-Size-C6-PaperWise.png\",\"datePublished\":\"2025-02-24T11:18:50+00:00\",\"dateModified\":\"2025-11-19T12:55:30+00:00\",\"description\":\"Nachhaltiger C6 PaperWise Briefumschlag. Eine umweltfreundliche Alternative, die Abfall reduziert und gleichzeitig eine hochwertige, nat\u00fcrliche Optik bewahrt.\",\"breadcrumb\":{\"@id\":\"https:\/\/growingpaper.com\/de\/product\/c6-briefumschlag-paperwise#breadcrumb\"},\"inLanguage\":\"de\",\"potentialAction\":[{\"@type\":\"ReadAction\",\"target\":[\"https:\/\/growingpaper.com\/de\/product\/c6-briefumschlag-paperwise\"]}]},{\"@type\":\"ImageObject\",\"inLanguage\":\"de\",\"@id\":\"https:\/\/growingpaper.com\/de\/product\/c6-briefumschlag-paperwise#primaryimage\",\"url\":\"https:\/\/growingpaper.com\/wp-content\/uploads\/2025\/02\/5-Size-C6-PaperWise.png\",\"contentUrl\":\"https:\/\/growingpaper.com\/wp-content\/uploads\/2025\/02\/5-Size-C6-PaperWise.png\",\"width\":1000,\"height\":1000,\"caption\":\"C6 PaperWise envelope with measurements. 162 x 114 mm.\"},{\"@type\":\"BreadcrumbList\",\"@id\":\"https:\/\/growingpaper.com\/de\/product\/c6-briefumschlag-paperwise#breadcrumb\",\"itemListElement\":[{\"@type\":\"ListItem\",\"position\":1,\"name\":\"Home\",\"item\":\"https:\/\/growingpaper.com\/de\"},{\"@type\":\"ListItem\",\"position\":2,\"name\":\"Shop\",\"item\":\"https:\/\/growingpaper.com\/de\/shop\"},{\"@type\":\"ListItem\",\"position\":3,\"name\":\"C6 Briefumschlag \u2013 PaperWise\"}]},{\"@type\":\"WebSite\",\"@id\":\"https:\/\/growingpaper.com\/de#website\",\"url\":\"https:\/\/growingpaper.com\/de\",\"name\":\"Growingpaper\",\"description\":\"Duurzaam printen op groeipapier van Growingpaper\",\"publisher\":{\"@id\":\"https:\/\/growingpaper.com\/de#organization\"},\"potentialAction\":[{\"@type\":\"SearchAction\",\"target\":{\"@type\":\"EntryPoint\",\"urlTemplate\":\"https:\/\/growingpaper.com\/de?s={search_term_string}\"},\"query-input\":{\"@type\":\"PropertyValueSpecification\",\"valueRequired\":true,\"valueName\":\"search_term_string\"}}],\"inLanguage\":\"de\"},{\"@type\":\"Organization\",\"@id\":\"https:\/\/growingpaper.com\/de#organization\",\"name\":\"Growingpaper\",\"url\":\"https:\/\/growingpaper.com\/de\",\"logo\":{\"@type\":\"ImageObject\",\"inLanguage\":\"de\",\"@id\":\"https:\/\/growingpaper.com\/de#\/schema\/logo\/image\/\",\"url\":\"https:\/\/growingpaper.com\/wp-content\/uploads\/2025\/11\/growingpaper-yoast-logo.png\",\"contentUrl\":\"https:\/\/growingpaper.com\/wp-content\/uploads\/2025\/11\/growingpaper-yoast-logo.png\",\"width\":696,\"height\":696,\"caption\":\"Growingpaper\"},\"image\":{\"@id\":\"https:\/\/growingpaper.com\/de#\/schema\/logo\/image\/\"},\"sameAs\":[\"https:\/\/www.facebook.com\/growingpaper\",\"https:\/\/www.instagram.com\/growingpaper_nl\/\",\"https:\/\/www.linkedin.com\/company\/growingpaper\/\"]}]}<\/script>\n<!-- \/ Yoast SEO plugin. -->","yoast_head_json":{"title":"C6 Briefumschlag \u2013 PaperWise - Growingpaper","description":"Nachhaltiger C6 PaperWise Briefumschlag. Eine umweltfreundliche Alternative, die Abfall reduziert und gleichzeitig eine hochwertige, nat\u00fcrliche Optik bewahrt.","robots":{"index":"index","follow":"follow","max-snippet":"max-snippet:-1","max-image-preview":"max-image-preview:large","max-video-preview":"max-video-preview:-1"},"canonical":"https:\/\/growingpaper.com\/de\/product\/c6-briefumschlag-paperwise","og_locale":"de_DE","og_type":"article","og_title":"C6 Briefumschlag \u2013 PaperWise - Growingpaper","og_description":"Nachhaltiger C6 PaperWise Briefumschlag. Eine umweltfreundliche Alternative, die Abfall reduziert und gleichzeitig eine hochwertige, nat\u00fcrliche Optik bewahrt.","og_url":"https:\/\/growingpaper.com\/de\/product\/c6-briefumschlag-paperwise","og_site_name":"Growingpaper","article_publisher":"https:\/\/www.facebook.com\/growingpaper","article_modified_time":"2025-11-19T12:55:30+00:00","og_image":[{"width":1000,"height":1000,"url":"https:\/\/growingpaper.com\/wp-content\/uploads\/2025\/02\/5-Size-C6-PaperWise.png","type":"image\/png"}],"twitter_card":"summary_large_image","twitter_misc":{"Gesch\u00e4tzte Lesezeit":"1\u00a0Minute"},"schema":{"@context":"https:\/\/schema.org","@graph":[{"@type":"WebPage","@id":"https:\/\/growingpaper.com\/de\/product\/c6-briefumschlag-paperwise","url":"https:\/\/growingpaper.com\/de\/product\/c6-briefumschlag-paperwise","name":"C6 Briefumschlag \u2013 PaperWise - Growingpaper","isPartOf":{"@id":"https:\/\/growingpaper.com\/de#website"},"primaryImageOfPage":{"@id":"https:\/\/growingpaper.com\/de\/product\/c6-briefumschlag-paperwise#primaryimage"},"image":{"@id":"https:\/\/growingpaper.com\/de\/product\/c6-briefumschlag-paperwise#primaryimage"},"thumbnailUrl":"https:\/\/growingpaper.com\/wp-content\/uploads\/2025\/02\/5-Size-C6-PaperWise.png","datePublished":"2025-02-24T11:18:50+00:00","dateModified":"2025-11-19T12:55:30+00:00","description":"Nachhaltiger C6 PaperWise Briefumschlag. Eine umweltfreundliche Alternative, die Abfall reduziert und gleichzeitig eine hochwertige, nat\u00fcrliche Optik bewahrt.","breadcrumb":{"@id":"https:\/\/growingpaper.com\/de\/product\/c6-briefumschlag-paperwise#breadcrumb"},"inLanguage":"de","potentialAction":[{"@type":"ReadAction","target":["https:\/\/growingpaper.com\/de\/product\/c6-briefumschlag-paperwise"]}]},{"@type":"ImageObject","inLanguage":"de","@id":"https:\/\/growingpaper.com\/de\/product\/c6-briefumschlag-paperwise#primaryimage","url":"https:\/\/growingpaper.com\/wp-content\/uploads\/2025\/02\/5-Size-C6-PaperWise.png","contentUrl":"https:\/\/growingpaper.com\/wp-content\/uploads\/2025\/02\/5-Size-C6-PaperWise.png","width":1000,"height":1000,"caption":"C6 PaperWise envelope with measurements. 162 x 114 mm."},{"@type":"BreadcrumbList","@id":"https:\/\/growingpaper.com\/de\/product\/c6-briefumschlag-paperwise#breadcrumb","itemListElement":[{"@type":"ListItem","position":1,"name":"Home","item":"https:\/\/growingpaper.com\/de"},{"@type":"ListItem","position":2,"name":"Shop","item":"https:\/\/growingpaper.com\/de\/shop"},{"@type":"ListItem","position":3,"name":"C6 Briefumschlag \u2013 PaperWise"}]},{"@type":"WebSite","@id":"https:\/\/growingpaper.com\/de#website","url":"https:\/\/growingpaper.com\/de","name":"Growingpaper","description":"Duurzaam printen op groeipapier van Growingpaper","publisher":{"@id":"https:\/\/growingpaper.com\/de#organization"},"potentialAction":[{"@type":"SearchAction","target":{"@type":"EntryPoint","urlTemplate":"https:\/\/growingpaper.com\/de?s={search_term_string}"},"query-input":{"@type":"PropertyValueSpecification","valueRequired":true,"valueName":"search_term_string"}}],"inLanguage":"de"},{"@type":"Organization","@id":"https:\/\/growingpaper.com\/de#organization","name":"Growingpaper","url":"https:\/\/growingpaper.com\/de","logo":{"@type":"ImageObject","inLanguage":"de","@id":"https:\/\/growingpaper.com\/de#\/schema\/logo\/image\/","url":"https:\/\/growingpaper.com\/wp-content\/uploads\/2025\/11\/growingpaper-yoast-logo.png","contentUrl":"https:\/\/growingpaper.com\/wp-content\/uploads\/2025\/11\/growingpaper-yoast-logo.png","width":696,"height":696,"caption":"Growingpaper"},"image":{"@id":"https:\/\/growingpaper.com\/de#\/schema\/logo\/image\/"},"sameAs":["https:\/\/www.facebook.com\/growingpaper","https:\/\/www.instagram.com\/growingpaper_nl\/","https:\/\/www.linkedin.com\/company\/growingpaper\/"]}]}},"acf_fields":{"factor_pricing_table":false,"product_ribbon_text":"No Ribbon","product_ribbon_position":"Left","minimum_product_quantity":"30","product_design_file":false,"product_ribbon_text_custom":""},"_links":{"self":[{"href":"https:\/\/growingpaper.com\/de\/wp-json\/wp\/v2\/product\/9713","targetHints":{"allow":["GET"]}}],"collection":[{"href":"https:\/\/growingpaper.com\/de\/wp-json\/wp\/v2\/product"}],"about":[{"href":"https:\/\/growingpaper.com\/de\/wp-json\/wp\/v2\/types\/product"}],"replies":[{"embeddable":true,"href":"https:\/\/growingpaper.com\/de\/wp-json\/wp\/v2\/comments?post=9713"}],"version-history":[{"count":1,"href":"https:\/\/growingpaper.com\/de\/wp-json\/wp\/v2\/product\/9713\/revisions"}],"predecessor-version":[{"id":12760,"href":"https:\/\/growingpaper.com\/de\/wp-json\/wp\/v2\/product\/9713\/revisions\/12760"}],"wp:featuredmedia":[{"embeddable":true,"href":"https:\/\/growingpaper.com\/de\/wp-json\/wp\/v2\/media\/1874"}],"wp:attachment":[{"href":"https:\/\/growingpaper.com\/de\/wp-json\/wp\/v2\/media?parent=9713"}],"wp:term":[{"taxonomy":"product_brand","embeddable":true,"href":"https:\/\/growingpaper.com\/de\/wp-json\/wp\/v2\/product_brand?post=9713"},{"taxonomy":"product_cat","embeddable":true,"href":"https:\/\/growingpaper.com\/de\/wp-json\/wp\/v2\/product_cat?post=9713"},{"taxonomy":"product_tag","embeddable":true,"href":"https:\/\/growingpaper.com\/de\/wp-json\/wp\/v2\/product_tag?post=9713"}],"curies":[{"name":"wp","href":"https:\/\/api.w.org\/{rel}","templated":true}]}}