{"id":9715,"date":"2025-02-20T17:06:14","date_gmt":"2025-02-20T16:06:14","guid":{"rendered":"https:\/\/growingpaper.com\/product\/c6-briefumschlag-samenpapier"},"modified":"2025-11-19T13:56:04","modified_gmt":"2025-11-19T12:56:04","slug":"c6-briefumschlag-samenpapier","status":"publish","type":"product","link":"https:\/\/growingpaper.com\/de\/product\/c6-briefumschlag-samenpapier","title":{"rendered":"C6 Briefumschlag \u2013 Samenpapier"},"content":{"rendered":"<article class=\"text-token-text-primary w-full focus:outline-none scroll-mt-[calc(var(--header-height)+min(200px,max(70px,20svh)))]\" dir=\"auto\" tabindex=\"-1\" data-turn-id=\"request-WEB:9ecc458d-5e37-4e2e-830f-377226682a59-30\" data-testid=\"conversation-turn-62\" data-scroll-anchor=\"true\" data-turn=\"assistant\">\n<div class=\"text-base my-auto mx-auto pb-10 [--thread-content-margin:--spacing(4)] @[37rem]:[--thread-content-margin:--spacing(6)] @[72rem]:[--thread-content-margin:--spacing(16)] px-(--thread-content-margin)\">\n<div class=\"[--thread-content-max-width:32rem] @[34rem]:[--thread-content-max-width:40rem] @[64rem]:[--thread-content-max-width:48rem] mx-auto max-w-(--thread-content-max-width) flex-1 group\/turn-messages focus-visible:outline-hidden relative flex w-full min-w-0 flex-col agent-turn\" tabindex=\"-1\">\n<div class=\"flex max-w-full flex-col grow\">\n<div class=\"min-h-8 text-message relative flex w-full flex-col items-end gap-2 text-start break-words whitespace-normal [.text-message+&amp;]:mt-5\" dir=\"auto\" data-message-author-role=\"assistant\" data-message-id=\"0c74c36a-47a9-42c5-931b-858c370191f1\" data-message-model-slug=\"gpt-5\">\n<div class=\"flex w-full flex-col gap-1 empty:hidden first:pt-[3px]\">\n<div class=\"markdown prose dark:prose-invert w-full break-words light markdown-new-styling\">\n<p data-start=\"0\" data-end=\"266\" data-is-last-node=\"\" data-is-only-node=\"\"><strong data-start=\"0\" data-end=\"10\" data-is-only-node=\"\">Gr\u00f6\u00dfe:<\/strong> 162 x 114 mm<br data-start=\"23\" data-end=\"26\" \/><strong data-start=\"26\" data-end=\"42\">Passend f\u00fcr:<\/strong> A6-Karte<br data-start=\"51\" data-end=\"54\" \/><strong data-start=\"54\" data-end=\"67\">Material:<\/strong> 100 % recyceltes Papier mit eingearbeiteten Blumensamen<br data-start=\"123\" data-end=\"126\" \/><strong data-start=\"126\" data-end=\"139\">Samenmix:<\/strong> L\u00f6wenm\u00e4ulchen, Godetia, Schleierkraut, Eisblumen, Petunie, Mohn, Steinkraut, Fingerhut<br data-start=\"226\" data-end=\"229\" \/><strong data-start=\"229\" data-end=\"245\">Aussaatzeit:<\/strong> Ende April bis Mai<\/p>\n<\/div>\n<\/div>\n<\/div>\n<\/div>\n<\/div>\n<\/div>\n<\/article>\n","protected":false},"excerpt":{"rendered":"<p data-start=\"105\" data-end=\"453\">Unsere Samenpapier Briefumschl\u00e4ge bestehen aus 100 % recyceltem Papier und sind eine umweltfreundliche Alternative, die Abfall reduziert und gleichzeitig eine hochwertige, nat\u00fcrliche Optik bewahrt. Durch die recycelte Herkunft des Papiers k\u00f6nnen leichte Farbabweichungen auftreten, die den Briefumschl\u00e4gen ihren einzigartigen Charakter verleihen.<\/p>\n<p data-start=\"455\" data-end=\"793\" data-is-last-node=\"\" data-is-only-node=\"\">Gefertigt aus <strong data-start=\"469\" data-end=\"492\">80 g\/m\u00b2 Samenpapier<\/strong> enthalten diese Briefumschl\u00e4ge einen Mix aus Blumensamen, sodass die Empf\u00e4nger sie einpflanzen und beim Aufbl\u00fchen der Blumen zusehen k\u00f6nnen. Wir beziehen unser Samenpapier von einem vertrauensw\u00fcrdigen Lieferanten in den Niederlanden und stellen damit sowohl Qualit\u00e4t als auch Nachhaltigkeit sicher.<\/p>\n","protected":false},"featured_media":12789,"comment_status":"open","ping_status":"closed","template":"","meta":{"_acf_changed":false,"inline_featured_image":false,"footnotes":""},"product_brand":[],"product_cat":[157],"product_tag":[],"class_list":{"0":"post-9715","1":"product","2":"type-product","3":"status-publish","4":"has-post-thumbnail","6":"product_cat-briefumschlage","8":"first","9":"instock","10":"taxable","11":"shipping-taxable","12":"purchasable","13":"product-type-simple"},"acf":{"product_design_file":""},"yoast_head":"<!-- This site is optimized with the Yoast SEO plugin v27.2 - https:\/\/yoast.com\/product\/yoast-seo-wordpress\/ -->\n<title>C6 Briefumschlag \u2013 Samenpapier - Growingpaper<\/title>\n<meta name=\"description\" content=\"Umweltfreundlicher C6 Briefumschlag aus 100 % recyceltem Papier mit eingearbeiteten Blumensamen. Passt perfekt f\u00fcr A6-Karten. Nachhaltig und hochwertig!\" \/>\n<meta name=\"robots\" content=\"index, follow, max-snippet:-1, max-image-preview:large, max-video-preview:-1\" \/>\n<link rel=\"canonical\" href=\"https:\/\/growingpaper.com\/de\/product\/c6-briefumschlag-samenpapier\" \/>\n<meta property=\"og:locale\" content=\"de_DE\" \/>\n<meta property=\"og:type\" content=\"article\" \/>\n<meta property=\"og:title\" content=\"C6 Briefumschlag \u2013 Samenpapier - Growingpaper\" \/>\n<meta property=\"og:description\" content=\"Umweltfreundlicher C6 Briefumschlag aus 100 % recyceltem Papier mit eingearbeiteten Blumensamen. Passt perfekt f\u00fcr A6-Karten. Nachhaltig und hochwertig!\" \/>\n<meta property=\"og:url\" content=\"https:\/\/growingpaper.com\/de\/product\/c6-briefumschlag-samenpapier\" \/>\n<meta property=\"og:site_name\" content=\"Growingpaper\" \/>\n<meta property=\"article:publisher\" content=\"https:\/\/www.facebook.com\/growingpaper\" \/>\n<meta property=\"article:modified_time\" content=\"2025-11-19T12:56:04+00:00\" \/>\n<meta property=\"og:image\" content=\"https:\/\/growingpaper.com\/wp-content\/uploads\/2025\/02\/seed-paper-c6-white-bg-scaled.jpg\" \/>\n\t<meta property=\"og:image:width\" content=\"2560\" \/>\n\t<meta property=\"og:image:height\" content=\"2560\" \/>\n\t<meta property=\"og:image:type\" content=\"image\/jpeg\" \/>\n<meta name=\"twitter:card\" content=\"summary_large_image\" \/>\n<meta name=\"twitter:label1\" content=\"Gesch\u00e4tzte Lesezeit\" \/>\n\t<meta name=\"twitter:data1\" content=\"1\u00a0Minute\" \/>\n<script type=\"application\/ld+json\" class=\"yoast-schema-graph\">{\"@context\":\"https:\/\/schema.org\",\"@graph\":[{\"@type\":\"WebPage\",\"@id\":\"https:\/\/growingpaper.com\/de\/product\/c6-briefumschlag-samenpapier\",\"url\":\"https:\/\/growingpaper.com\/de\/product\/c6-briefumschlag-samenpapier\",\"name\":\"C6 Briefumschlag \u2013 Samenpapier - Growingpaper\",\"isPartOf\":{\"@id\":\"https:\/\/growingpaper.com\/de#website\"},\"primaryImageOfPage\":{\"@id\":\"https:\/\/growingpaper.com\/de\/product\/c6-briefumschlag-samenpapier#primaryimage\"},\"image\":{\"@id\":\"https:\/\/growingpaper.com\/de\/product\/c6-briefumschlag-samenpapier#primaryimage\"},\"thumbnailUrl\":\"https:\/\/growingpaper.com\/wp-content\/uploads\/2025\/02\/seed-paper-c6-white-bg-scaled.jpg\",\"datePublished\":\"2025-02-20T16:06:14+00:00\",\"dateModified\":\"2025-11-19T12:56:04+00:00\",\"description\":\"Umweltfreundlicher C6 Briefumschlag aus 100 % recyceltem Papier mit eingearbeiteten Blumensamen. Passt perfekt f\u00fcr A6-Karten. Nachhaltig und hochwertig!\",\"breadcrumb\":{\"@id\":\"https:\/\/growingpaper.com\/de\/product\/c6-briefumschlag-samenpapier#breadcrumb\"},\"inLanguage\":\"de\",\"potentialAction\":[{\"@type\":\"ReadAction\",\"target\":[\"https:\/\/growingpaper.com\/de\/product\/c6-briefumschlag-samenpapier\"]}]},{\"@type\":\"ImageObject\",\"inLanguage\":\"de\",\"@id\":\"https:\/\/growingpaper.com\/de\/product\/c6-briefumschlag-samenpapier#primaryimage\",\"url\":\"https:\/\/growingpaper.com\/wp-content\/uploads\/2025\/02\/seed-paper-c6-white-bg-scaled.jpg\",\"contentUrl\":\"https:\/\/growingpaper.com\/wp-content\/uploads\/2025\/02\/seed-paper-c6-white-bg-scaled.jpg\",\"width\":2560,\"height\":2560,\"caption\":\"C6 seed paper envelope\"},{\"@type\":\"BreadcrumbList\",\"@id\":\"https:\/\/growingpaper.com\/de\/product\/c6-briefumschlag-samenpapier#breadcrumb\",\"itemListElement\":[{\"@type\":\"ListItem\",\"position\":1,\"name\":\"Home\",\"item\":\"https:\/\/growingpaper.com\/de\"},{\"@type\":\"ListItem\",\"position\":2,\"name\":\"Shop\",\"item\":\"https:\/\/growingpaper.com\/de\/shop\"},{\"@type\":\"ListItem\",\"position\":3,\"name\":\"C6 Briefumschlag \u2013 Samenpapier\"}]},{\"@type\":\"WebSite\",\"@id\":\"https:\/\/growingpaper.com\/de#website\",\"url\":\"https:\/\/growingpaper.com\/de\",\"name\":\"Growingpaper\",\"description\":\"Duurzaam printen op groeipapier van Growingpaper\",\"publisher\":{\"@id\":\"https:\/\/growingpaper.com\/de#organization\"},\"potentialAction\":[{\"@type\":\"SearchAction\",\"target\":{\"@type\":\"EntryPoint\",\"urlTemplate\":\"https:\/\/growingpaper.com\/de?s={search_term_string}\"},\"query-input\":{\"@type\":\"PropertyValueSpecification\",\"valueRequired\":true,\"valueName\":\"search_term_string\"}}],\"inLanguage\":\"de\"},{\"@type\":\"Organization\",\"@id\":\"https:\/\/growingpaper.com\/de#organization\",\"name\":\"Growingpaper\",\"url\":\"https:\/\/growingpaper.com\/de\",\"logo\":{\"@type\":\"ImageObject\",\"inLanguage\":\"de\",\"@id\":\"https:\/\/growingpaper.com\/de#\/schema\/logo\/image\/\",\"url\":\"https:\/\/growingpaper.com\/wp-content\/uploads\/2025\/11\/growingpaper-yoast-logo.png\",\"contentUrl\":\"https:\/\/growingpaper.com\/wp-content\/uploads\/2025\/11\/growingpaper-yoast-logo.png\",\"width\":696,\"height\":696,\"caption\":\"Growingpaper\"},\"image\":{\"@id\":\"https:\/\/growingpaper.com\/de#\/schema\/logo\/image\/\"},\"sameAs\":[\"https:\/\/www.facebook.com\/growingpaper\",\"https:\/\/www.instagram.com\/growingpaper_nl\/\",\"https:\/\/www.linkedin.com\/company\/growingpaper\/\"]}]}<\/script>\n<!-- \/ Yoast SEO plugin. -->","yoast_head_json":{"title":"C6 Briefumschlag \u2013 Samenpapier - Growingpaper","description":"Umweltfreundlicher C6 Briefumschlag aus 100 % recyceltem Papier mit eingearbeiteten Blumensamen. Passt perfekt f\u00fcr A6-Karten. Nachhaltig und hochwertig!","robots":{"index":"index","follow":"follow","max-snippet":"max-snippet:-1","max-image-preview":"max-image-preview:large","max-video-preview":"max-video-preview:-1"},"canonical":"https:\/\/growingpaper.com\/de\/product\/c6-briefumschlag-samenpapier","og_locale":"de_DE","og_type":"article","og_title":"C6 Briefumschlag \u2013 Samenpapier - Growingpaper","og_description":"Umweltfreundlicher C6 Briefumschlag aus 100 % recyceltem Papier mit eingearbeiteten Blumensamen. Passt perfekt f\u00fcr A6-Karten. Nachhaltig und hochwertig!","og_url":"https:\/\/growingpaper.com\/de\/product\/c6-briefumschlag-samenpapier","og_site_name":"Growingpaper","article_publisher":"https:\/\/www.facebook.com\/growingpaper","article_modified_time":"2025-11-19T12:56:04+00:00","og_image":[{"width":2560,"height":2560,"url":"https:\/\/growingpaper.com\/wp-content\/uploads\/2025\/02\/seed-paper-c6-white-bg-scaled.jpg","type":"image\/jpeg"}],"twitter_card":"summary_large_image","twitter_misc":{"Gesch\u00e4tzte Lesezeit":"1\u00a0Minute"},"schema":{"@context":"https:\/\/schema.org","@graph":[{"@type":"WebPage","@id":"https:\/\/growingpaper.com\/de\/product\/c6-briefumschlag-samenpapier","url":"https:\/\/growingpaper.com\/de\/product\/c6-briefumschlag-samenpapier","name":"C6 Briefumschlag \u2013 Samenpapier - Growingpaper","isPartOf":{"@id":"https:\/\/growingpaper.com\/de#website"},"primaryImageOfPage":{"@id":"https:\/\/growingpaper.com\/de\/product\/c6-briefumschlag-samenpapier#primaryimage"},"image":{"@id":"https:\/\/growingpaper.com\/de\/product\/c6-briefumschlag-samenpapier#primaryimage"},"thumbnailUrl":"https:\/\/growingpaper.com\/wp-content\/uploads\/2025\/02\/seed-paper-c6-white-bg-scaled.jpg","datePublished":"2025-02-20T16:06:14+00:00","dateModified":"2025-11-19T12:56:04+00:00","description":"Umweltfreundlicher C6 Briefumschlag aus 100 % recyceltem Papier mit eingearbeiteten Blumensamen. Passt perfekt f\u00fcr A6-Karten. Nachhaltig und hochwertig!","breadcrumb":{"@id":"https:\/\/growingpaper.com\/de\/product\/c6-briefumschlag-samenpapier#breadcrumb"},"inLanguage":"de","potentialAction":[{"@type":"ReadAction","target":["https:\/\/growingpaper.com\/de\/product\/c6-briefumschlag-samenpapier"]}]},{"@type":"ImageObject","inLanguage":"de","@id":"https:\/\/growingpaper.com\/de\/product\/c6-briefumschlag-samenpapier#primaryimage","url":"https:\/\/growingpaper.com\/wp-content\/uploads\/2025\/02\/seed-paper-c6-white-bg-scaled.jpg","contentUrl":"https:\/\/growingpaper.com\/wp-content\/uploads\/2025\/02\/seed-paper-c6-white-bg-scaled.jpg","width":2560,"height":2560,"caption":"C6 seed paper envelope"},{"@type":"BreadcrumbList","@id":"https:\/\/growingpaper.com\/de\/product\/c6-briefumschlag-samenpapier#breadcrumb","itemListElement":[{"@type":"ListItem","position":1,"name":"Home","item":"https:\/\/growingpaper.com\/de"},{"@type":"ListItem","position":2,"name":"Shop","item":"https:\/\/growingpaper.com\/de\/shop"},{"@type":"ListItem","position":3,"name":"C6 Briefumschlag \u2013 Samenpapier"}]},{"@type":"WebSite","@id":"https:\/\/growingpaper.com\/de#website","url":"https:\/\/growingpaper.com\/de","name":"Growingpaper","description":"Duurzaam printen op groeipapier van Growingpaper","publisher":{"@id":"https:\/\/growingpaper.com\/de#organization"},"potentialAction":[{"@type":"SearchAction","target":{"@type":"EntryPoint","urlTemplate":"https:\/\/growingpaper.com\/de?s={search_term_string}"},"query-input":{"@type":"PropertyValueSpecification","valueRequired":true,"valueName":"search_term_string"}}],"inLanguage":"de"},{"@type":"Organization","@id":"https:\/\/growingpaper.com\/de#organization","name":"Growingpaper","url":"https:\/\/growingpaper.com\/de","logo":{"@type":"ImageObject","inLanguage":"de","@id":"https:\/\/growingpaper.com\/de#\/schema\/logo\/image\/","url":"https:\/\/growingpaper.com\/wp-content\/uploads\/2025\/11\/growingpaper-yoast-logo.png","contentUrl":"https:\/\/growingpaper.com\/wp-content\/uploads\/2025\/11\/growingpaper-yoast-logo.png","width":696,"height":696,"caption":"Growingpaper"},"image":{"@id":"https:\/\/growingpaper.com\/de#\/schema\/logo\/image\/"},"sameAs":["https:\/\/www.facebook.com\/growingpaper","https:\/\/www.instagram.com\/growingpaper_nl\/","https:\/\/www.linkedin.com\/company\/growingpaper\/"]}]}},"acf_fields":{"factor_pricing_table":[{"which_options":"","factor_grid":[{"quantity":"39","factor":"100"},{"quantity":"49","factor":"94"},{"quantity":"74","factor":"87"},{"quantity":"99","factor":"81"},{"quantity":"149","factor":"75"},{"quantity":"199","factor":"69"},{"quantity":"249","factor":"62"},{"quantity":"299","factor":"56"},{"quantity":"399","factor":"53"},{"quantity":"499","factor":"52"},{"quantity":"749","factor":"50"},{"quantity":"999","factor":"45"},{"quantity":"1499","factor":"40"},{"quantity":"1999","factor":"38"},{"quantity":"2499","factor":"36"},{"quantity":"2999","factor":"33"},{"quantity":"3999","factor":"32"},{"quantity":"4999","factor":"31"},{"quantity":"5000","factor":"30"}]}],"product_ribbon_text":"No Ribbon","product_ribbon_position":"Left","minimum_product_quantity":"30","product_design_file":false,"product_ribbon_text_custom":""},"_links":{"self":[{"href":"https:\/\/growingpaper.com\/de\/wp-json\/wp\/v2\/product\/9715","targetHints":{"allow":["GET"]}}],"collection":[{"href":"https:\/\/growingpaper.com\/de\/wp-json\/wp\/v2\/product"}],"about":[{"href":"https:\/\/growingpaper.com\/de\/wp-json\/wp\/v2\/types\/product"}],"replies":[{"embeddable":true,"href":"https:\/\/growingpaper.com\/de\/wp-json\/wp\/v2\/comments?post=9715"}],"version-history":[{"count":2,"href":"https:\/\/growingpaper.com\/de\/wp-json\/wp\/v2\/product\/9715\/revisions"}],"predecessor-version":[{"id":12785,"href":"https:\/\/growingpaper.com\/de\/wp-json\/wp\/v2\/product\/9715\/revisions\/12785"}],"wp:featuredmedia":[{"embeddable":true,"href":"https:\/\/growingpaper.com\/de\/wp-json\/wp\/v2\/media\/12789"}],"wp:attachment":[{"href":"https:\/\/growingpaper.com\/de\/wp-json\/wp\/v2\/media?parent=9715"}],"wp:term":[{"taxonomy":"product_brand","embeddable":true,"href":"https:\/\/growingpaper.com\/de\/wp-json\/wp\/v2\/product_brand?post=9715"},{"taxonomy":"product_cat","embeddable":true,"href":"https:\/\/growingpaper.com\/de\/wp-json\/wp\/v2\/product_cat?post=9715"},{"taxonomy":"product_tag","embeddable":true,"href":"https:\/\/growingpaper.com\/de\/wp-json\/wp\/v2\/product_tag?post=9715"}],"curies":[{"name":"wp","href":"https:\/\/api.w.org\/{rel}","templated":true}]}}