{"id":9718,"date":"2025-02-14T09:16:16","date_gmt":"2025-02-14T08:16:16","guid":{"rendered":"https:\/\/growingpaper.com\/product\/c6-briefumschlag-kraft-braun"},"modified":"2025-11-19T13:54:15","modified_gmt":"2025-11-19T12:54:15","slug":"c6-briefumschlag-kraft-braun","status":"publish","type":"product","link":"https:\/\/growingpaper.com\/de\/product\/c6-briefumschlag-kraft-braun","title":{"rendered":"C6 Briefumschlag \u2013 Kraft Braun"},"content":{"rendered":"<article class=\"text-token-text-primary w-full focus:outline-none scroll-mt-[calc(var(--header-height)+min(200px,max(70px,20svh)))]\" dir=\"auto\" tabindex=\"-1\" data-turn-id=\"request-WEB:9ecc458d-5e37-4e2e-830f-377226682a59-41\" data-testid=\"conversation-turn-84\" data-scroll-anchor=\"true\" data-turn=\"assistant\">\n<div class=\"text-base my-auto mx-auto pb-10 [--thread-content-margin:--spacing(4)] @[37rem]:[--thread-content-margin:--spacing(6)] @[72rem]:[--thread-content-margin:--spacing(16)] px-(--thread-content-margin)\">\n<div class=\"[--thread-content-max-width:32rem] @[34rem]:[--thread-content-max-width:40rem] @[64rem]:[--thread-content-max-width:48rem] mx-auto max-w-(--thread-content-max-width) flex-1 group\/turn-messages focus-visible:outline-hidden relative flex w-full min-w-0 flex-col agent-turn\" tabindex=\"-1\">\n<div class=\"flex max-w-full flex-col grow\">\n<div class=\"min-h-8 text-message relative flex w-full flex-col items-end gap-2 text-start break-words whitespace-normal [.text-message+&amp;]:mt-5\" dir=\"auto\" data-message-author-role=\"assistant\" data-message-id=\"b825c826-c6d5-437f-b281-1299a9d87968\" data-message-model-slug=\"gpt-5\">\n<div class=\"flex w-full flex-col gap-1 empty:hidden first:pt-[3px]\">\n<div class=\"markdown prose dark:prose-invert w-full break-words light markdown-new-styling\">\n<p data-start=\"0\" data-end=\"238\" data-is-last-node=\"\" data-is-only-node=\"\"><strong data-start=\"0\" data-end=\"10\" data-is-only-node=\"\">Gr\u00f6\u00dfe:<\/strong> 162 x 114 mm (passt f\u00fcr A6-Karten)<br data-start=\"45\" data-end=\"48\" \/><strong data-start=\"48\" data-end=\"58\">Farbe:<\/strong> Braun (nat\u00fcrliche Farbabweichungen k\u00f6nnen auftreten)<br data-start=\"111\" data-end=\"114\" \/><strong data-start=\"114\" data-end=\"127\">Material:<\/strong> 100 % recyceltes Kraftpapier (FSC\u00ae-zertifiziert)<br data-start=\"176\" data-end=\"179\" \/><strong data-start=\"179\" data-end=\"194\">Verschluss:<\/strong> Gummierte spitze Klappe an der L\u00e4ngsseite<\/p>\n<\/div>\n<\/div>\n<\/div>\n<\/div>\n<\/div>\n<\/div>\n<\/article>\n","protected":false},"excerpt":{"rendered":"<p data-start=\"0\" data-end=\"254\">Unsere Kraft Briefumschl\u00e4ge bestehen aus 100 % recyceltem Papier und helfen, Abfall zu reduzieren, w\u00e4hrend sie gleichzeitig eine hochwertige, nat\u00fcrliche Optik bewahren. Durch die recycelte Herkunft des Papiers k\u00f6nnen leichte Farbabweichungen auftreten.<\/p>\n<p data-start=\"256\" data-end=\"553\">Wir beziehen sie von einem FSC\u00ae-zertifizierten Lieferanten, der sicherstellt, dass das Papier aus nachhaltig bewirtschafteten W\u00e4ldern und verantwortungsvollen Recyclingpraktiken stammt. Die FSC\u00ae-Zertifizierung gilt auch f\u00fcr Recyclingpapier und unterst\u00fctzt den Umweltschutz, ohne B\u00e4ume zu f\u00e4llen.<\/p>\n<p data-start=\"555\" data-end=\"632\" data-is-last-node=\"\" data-is-only-node=\"\">Ideal f\u00fcr nachhaltige Papeterie, Einladungen und gesch\u00e4ftliche Anwendungen.<\/p>\n","protected":false},"featured_media":1594,"comment_status":"open","ping_status":"closed","template":"","meta":{"_acf_changed":false,"inline_featured_image":false,"footnotes":""},"product_brand":[],"product_cat":[157],"product_tag":[],"class_list":{"0":"post-9718","1":"product","2":"type-product","3":"status-publish","4":"has-post-thumbnail","6":"product_cat-briefumschlage","8":"first","9":"instock","10":"taxable","11":"shipping-taxable","12":"purchasable","13":"product-type-simple"},"acf":{"product_design_file":""},"yoast_head":"<!-- This site is optimized with the Yoast SEO plugin v27.2 - https:\/\/yoast.com\/product\/yoast-seo-wordpress\/ -->\n<title>C6 Briefumschlag \u2013 Kraft Braun - Growingpaper<\/title>\n<meta name=\"description\" content=\"Umweltfreundlicher Kraft Briefumschlag in Braun aus 100 % recyceltem, FSC\u00ae-zertifiziertem Papier. Passt perfekt f\u00fcr A6-Karten. Nachhaltig, hochwertig und plastikfrei!\" \/>\n<meta name=\"robots\" content=\"index, follow, max-snippet:-1, max-image-preview:large, max-video-preview:-1\" \/>\n<link rel=\"canonical\" href=\"https:\/\/growingpaper.com\/de\/product\/c6-briefumschlag-kraft-braun\" \/>\n<meta property=\"og:locale\" content=\"de_DE\" \/>\n<meta property=\"og:type\" content=\"article\" \/>\n<meta property=\"og:title\" content=\"C6 Briefumschlag \u2013 Kraft Braun - Growingpaper\" \/>\n<meta property=\"og:description\" content=\"Umweltfreundlicher Kraft Briefumschlag in Braun aus 100 % recyceltem, FSC\u00ae-zertifiziertem Papier. Passt perfekt f\u00fcr A6-Karten. Nachhaltig, hochwertig und plastikfrei!\" \/>\n<meta property=\"og:url\" content=\"https:\/\/growingpaper.com\/de\/product\/c6-briefumschlag-kraft-braun\" \/>\n<meta property=\"og:site_name\" content=\"Growingpaper\" \/>\n<meta property=\"article:publisher\" content=\"https:\/\/www.facebook.com\/growingpaper\" \/>\n<meta property=\"article:modified_time\" content=\"2025-11-19T12:54:15+00:00\" \/>\n<meta property=\"og:image\" content=\"https:\/\/growingpaper.com\/wp-content\/uploads\/2025\/02\/5-Sizes-C6-Kraft-Brown.png\" \/>\n\t<meta property=\"og:image:width\" content=\"1000\" \/>\n\t<meta property=\"og:image:height\" content=\"1000\" \/>\n\t<meta property=\"og:image:type\" content=\"image\/png\" \/>\n<meta name=\"twitter:card\" content=\"summary_large_image\" \/>\n<meta name=\"twitter:label1\" content=\"Gesch\u00e4tzte Lesezeit\" \/>\n\t<meta name=\"twitter:data1\" content=\"1\u00a0Minute\" \/>\n<script type=\"application\/ld+json\" class=\"yoast-schema-graph\">{\"@context\":\"https:\/\/schema.org\",\"@graph\":[{\"@type\":\"WebPage\",\"@id\":\"https:\/\/growingpaper.com\/de\/product\/c6-briefumschlag-kraft-braun\",\"url\":\"https:\/\/growingpaper.com\/de\/product\/c6-briefumschlag-kraft-braun\",\"name\":\"C6 Briefumschlag \u2013 Kraft Braun - Growingpaper\",\"isPartOf\":{\"@id\":\"https:\/\/growingpaper.com\/de#website\"},\"primaryImageOfPage\":{\"@id\":\"https:\/\/growingpaper.com\/de\/product\/c6-briefumschlag-kraft-braun#primaryimage\"},\"image\":{\"@id\":\"https:\/\/growingpaper.com\/de\/product\/c6-briefumschlag-kraft-braun#primaryimage\"},\"thumbnailUrl\":\"https:\/\/growingpaper.com\/wp-content\/uploads\/2025\/02\/5-Sizes-C6-Kraft-Brown.png\",\"datePublished\":\"2025-02-14T08:16:16+00:00\",\"dateModified\":\"2025-11-19T12:54:15+00:00\",\"description\":\"Umweltfreundlicher Kraft Briefumschlag in Braun aus 100 % recyceltem, FSC\u00ae-zertifiziertem Papier. Passt perfekt f\u00fcr A6-Karten. Nachhaltig, hochwertig und plastikfrei!\",\"breadcrumb\":{\"@id\":\"https:\/\/growingpaper.com\/de\/product\/c6-briefumschlag-kraft-braun#breadcrumb\"},\"inLanguage\":\"de\",\"potentialAction\":[{\"@type\":\"ReadAction\",\"target\":[\"https:\/\/growingpaper.com\/de\/product\/c6-briefumschlag-kraft-braun\"]}]},{\"@type\":\"ImageObject\",\"inLanguage\":\"de\",\"@id\":\"https:\/\/growingpaper.com\/de\/product\/c6-briefumschlag-kraft-braun#primaryimage\",\"url\":\"https:\/\/growingpaper.com\/wp-content\/uploads\/2025\/02\/5-Sizes-C6-Kraft-Brown.png\",\"contentUrl\":\"https:\/\/growingpaper.com\/wp-content\/uploads\/2025\/02\/5-Sizes-C6-Kraft-Brown.png\",\"width\":1000,\"height\":1000,\"caption\":\"C6 kraft envelope in brown\"},{\"@type\":\"BreadcrumbList\",\"@id\":\"https:\/\/growingpaper.com\/de\/product\/c6-briefumschlag-kraft-braun#breadcrumb\",\"itemListElement\":[{\"@type\":\"ListItem\",\"position\":1,\"name\":\"Home\",\"item\":\"https:\/\/growingpaper.com\/de\"},{\"@type\":\"ListItem\",\"position\":2,\"name\":\"Shop\",\"item\":\"https:\/\/growingpaper.com\/de\/shop\"},{\"@type\":\"ListItem\",\"position\":3,\"name\":\"C6 Briefumschlag \u2013 Kraft Braun\"}]},{\"@type\":\"WebSite\",\"@id\":\"https:\/\/growingpaper.com\/de#website\",\"url\":\"https:\/\/growingpaper.com\/de\",\"name\":\"Growingpaper\",\"description\":\"Duurzaam printen op groeipapier van Growingpaper\",\"publisher\":{\"@id\":\"https:\/\/growingpaper.com\/de#organization\"},\"potentialAction\":[{\"@type\":\"SearchAction\",\"target\":{\"@type\":\"EntryPoint\",\"urlTemplate\":\"https:\/\/growingpaper.com\/de?s={search_term_string}\"},\"query-input\":{\"@type\":\"PropertyValueSpecification\",\"valueRequired\":true,\"valueName\":\"search_term_string\"}}],\"inLanguage\":\"de\"},{\"@type\":\"Organization\",\"@id\":\"https:\/\/growingpaper.com\/de#organization\",\"name\":\"Growingpaper\",\"url\":\"https:\/\/growingpaper.com\/de\",\"logo\":{\"@type\":\"ImageObject\",\"inLanguage\":\"de\",\"@id\":\"https:\/\/growingpaper.com\/de#\/schema\/logo\/image\/\",\"url\":\"https:\/\/growingpaper.com\/wp-content\/uploads\/2025\/11\/growingpaper-yoast-logo.png\",\"contentUrl\":\"https:\/\/growingpaper.com\/wp-content\/uploads\/2025\/11\/growingpaper-yoast-logo.png\",\"width\":696,\"height\":696,\"caption\":\"Growingpaper\"},\"image\":{\"@id\":\"https:\/\/growingpaper.com\/de#\/schema\/logo\/image\/\"},\"sameAs\":[\"https:\/\/www.facebook.com\/growingpaper\",\"https:\/\/www.instagram.com\/growingpaper_nl\/\",\"https:\/\/www.linkedin.com\/company\/growingpaper\/\"]}]}<\/script>\n<!-- \/ Yoast SEO plugin. -->","yoast_head_json":{"title":"C6 Briefumschlag \u2013 Kraft Braun - Growingpaper","description":"Umweltfreundlicher Kraft Briefumschlag in Braun aus 100 % recyceltem, FSC\u00ae-zertifiziertem Papier. Passt perfekt f\u00fcr A6-Karten. Nachhaltig, hochwertig und plastikfrei!","robots":{"index":"index","follow":"follow","max-snippet":"max-snippet:-1","max-image-preview":"max-image-preview:large","max-video-preview":"max-video-preview:-1"},"canonical":"https:\/\/growingpaper.com\/de\/product\/c6-briefumschlag-kraft-braun","og_locale":"de_DE","og_type":"article","og_title":"C6 Briefumschlag \u2013 Kraft Braun - Growingpaper","og_description":"Umweltfreundlicher Kraft Briefumschlag in Braun aus 100 % recyceltem, FSC\u00ae-zertifiziertem Papier. Passt perfekt f\u00fcr A6-Karten. Nachhaltig, hochwertig und plastikfrei!","og_url":"https:\/\/growingpaper.com\/de\/product\/c6-briefumschlag-kraft-braun","og_site_name":"Growingpaper","article_publisher":"https:\/\/www.facebook.com\/growingpaper","article_modified_time":"2025-11-19T12:54:15+00:00","og_image":[{"width":1000,"height":1000,"url":"https:\/\/growingpaper.com\/wp-content\/uploads\/2025\/02\/5-Sizes-C6-Kraft-Brown.png","type":"image\/png"}],"twitter_card":"summary_large_image","twitter_misc":{"Gesch\u00e4tzte Lesezeit":"1\u00a0Minute"},"schema":{"@context":"https:\/\/schema.org","@graph":[{"@type":"WebPage","@id":"https:\/\/growingpaper.com\/de\/product\/c6-briefumschlag-kraft-braun","url":"https:\/\/growingpaper.com\/de\/product\/c6-briefumschlag-kraft-braun","name":"C6 Briefumschlag \u2013 Kraft Braun - Growingpaper","isPartOf":{"@id":"https:\/\/growingpaper.com\/de#website"},"primaryImageOfPage":{"@id":"https:\/\/growingpaper.com\/de\/product\/c6-briefumschlag-kraft-braun#primaryimage"},"image":{"@id":"https:\/\/growingpaper.com\/de\/product\/c6-briefumschlag-kraft-braun#primaryimage"},"thumbnailUrl":"https:\/\/growingpaper.com\/wp-content\/uploads\/2025\/02\/5-Sizes-C6-Kraft-Brown.png","datePublished":"2025-02-14T08:16:16+00:00","dateModified":"2025-11-19T12:54:15+00:00","description":"Umweltfreundlicher Kraft Briefumschlag in Braun aus 100 % recyceltem, FSC\u00ae-zertifiziertem Papier. Passt perfekt f\u00fcr A6-Karten. Nachhaltig, hochwertig und plastikfrei!","breadcrumb":{"@id":"https:\/\/growingpaper.com\/de\/product\/c6-briefumschlag-kraft-braun#breadcrumb"},"inLanguage":"de","potentialAction":[{"@type":"ReadAction","target":["https:\/\/growingpaper.com\/de\/product\/c6-briefumschlag-kraft-braun"]}]},{"@type":"ImageObject","inLanguage":"de","@id":"https:\/\/growingpaper.com\/de\/product\/c6-briefumschlag-kraft-braun#primaryimage","url":"https:\/\/growingpaper.com\/wp-content\/uploads\/2025\/02\/5-Sizes-C6-Kraft-Brown.png","contentUrl":"https:\/\/growingpaper.com\/wp-content\/uploads\/2025\/02\/5-Sizes-C6-Kraft-Brown.png","width":1000,"height":1000,"caption":"C6 kraft envelope in brown"},{"@type":"BreadcrumbList","@id":"https:\/\/growingpaper.com\/de\/product\/c6-briefumschlag-kraft-braun#breadcrumb","itemListElement":[{"@type":"ListItem","position":1,"name":"Home","item":"https:\/\/growingpaper.com\/de"},{"@type":"ListItem","position":2,"name":"Shop","item":"https:\/\/growingpaper.com\/de\/shop"},{"@type":"ListItem","position":3,"name":"C6 Briefumschlag \u2013 Kraft Braun"}]},{"@type":"WebSite","@id":"https:\/\/growingpaper.com\/de#website","url":"https:\/\/growingpaper.com\/de","name":"Growingpaper","description":"Duurzaam printen op groeipapier van Growingpaper","publisher":{"@id":"https:\/\/growingpaper.com\/de#organization"},"potentialAction":[{"@type":"SearchAction","target":{"@type":"EntryPoint","urlTemplate":"https:\/\/growingpaper.com\/de?s={search_term_string}"},"query-input":{"@type":"PropertyValueSpecification","valueRequired":true,"valueName":"search_term_string"}}],"inLanguage":"de"},{"@type":"Organization","@id":"https:\/\/growingpaper.com\/de#organization","name":"Growingpaper","url":"https:\/\/growingpaper.com\/de","logo":{"@type":"ImageObject","inLanguage":"de","@id":"https:\/\/growingpaper.com\/de#\/schema\/logo\/image\/","url":"https:\/\/growingpaper.com\/wp-content\/uploads\/2025\/11\/growingpaper-yoast-logo.png","contentUrl":"https:\/\/growingpaper.com\/wp-content\/uploads\/2025\/11\/growingpaper-yoast-logo.png","width":696,"height":696,"caption":"Growingpaper"},"image":{"@id":"https:\/\/growingpaper.com\/de#\/schema\/logo\/image\/"},"sameAs":["https:\/\/www.facebook.com\/growingpaper","https:\/\/www.instagram.com\/growingpaper_nl\/","https:\/\/www.linkedin.com\/company\/growingpaper\/"]}]}},"acf_fields":{"factor_pricing_table":[{"which_options":"","factor_grid":[{"quantity":"39","factor":"100"},{"quantity":"49","factor":"89"},{"quantity":"74","factor":"78"},{"quantity":"99","factor":"67"},{"quantity":"149","factor":"56"},{"quantity":"199","factor":"45"},{"quantity":"249","factor":"33"},{"quantity":"299","factor":"28"},{"quantity":"399","factor":"26"},{"quantity":"499","factor":"24"},{"quantity":"749","factor":"23"},{"quantity":"999","factor":"22"},{"quantity":"1499","factor":"21"},{"quantity":"1999","factor":"20"},{"quantity":"2499","factor":"19"},{"quantity":"2999","factor":"18"},{"quantity":"3999","factor":"17"},{"quantity":"4999","factor":"16"},{"quantity":"5000","factor":"14"}]}],"product_ribbon_text":"No Ribbon","product_ribbon_position":"Left","minimum_product_quantity":"30","product_design_file":false,"product_ribbon_text_custom":""},"_links":{"self":[{"href":"https:\/\/growingpaper.com\/de\/wp-json\/wp\/v2\/product\/9718","targetHints":{"allow":["GET"]}}],"collection":[{"href":"https:\/\/growingpaper.com\/de\/wp-json\/wp\/v2\/product"}],"about":[{"href":"https:\/\/growingpaper.com\/de\/wp-json\/wp\/v2\/types\/product"}],"replies":[{"embeddable":true,"href":"https:\/\/growingpaper.com\/de\/wp-json\/wp\/v2\/comments?post=9718"}],"version-history":[{"count":1,"href":"https:\/\/growingpaper.com\/de\/wp-json\/wp\/v2\/product\/9718\/revisions"}],"predecessor-version":[{"id":12758,"href":"https:\/\/growingpaper.com\/de\/wp-json\/wp\/v2\/product\/9718\/revisions\/12758"}],"wp:featuredmedia":[{"embeddable":true,"href":"https:\/\/growingpaper.com\/de\/wp-json\/wp\/v2\/media\/1594"}],"wp:attachment":[{"href":"https:\/\/growingpaper.com\/de\/wp-json\/wp\/v2\/media?parent=9718"}],"wp:term":[{"taxonomy":"product_brand","embeddable":true,"href":"https:\/\/growingpaper.com\/de\/wp-json\/wp\/v2\/product_brand?post=9718"},{"taxonomy":"product_cat","embeddable":true,"href":"https:\/\/growingpaper.com\/de\/wp-json\/wp\/v2\/product_cat?post=9718"},{"taxonomy":"product_tag","embeddable":true,"href":"https:\/\/growingpaper.com\/de\/wp-json\/wp\/v2\/product_tag?post=9718"}],"curies":[{"name":"wp","href":"https:\/\/api.w.org\/{rel}","templated":true}]}}